{"id":17025,"date":"2025-02-18T10:22:45","date_gmt":"2025-02-18T08:22:45","guid":{"rendered":"http:\/\/flameguard.ee.dedi7782.your-server.de\/terms-and-conditions\/"},"modified":"2025-02-18T10:35:14","modified_gmt":"2025-02-18T08:35:14","slug":"terms-and-conditions","status":"publish","type":"page","link":"https:\/\/flameguard.ee\/da\/vilkar-og-betingelser\/","title":{"rendered":"Vilk\u00e5r og betingelser"},"content":{"rendered":"<div data-elementor-type=\"wp-page\" data-elementor-id=\"17025\" class=\"elementor elementor-17025\">\n\t\t\t\t<div class=\"wd-negative-gap elementor-element elementor-element-077e708 e-flex e-con-boxed e-con e-parent\" data-id=\"077e708\" data-element_type=\"container\" data-e-type=\"container\">\n\t\t\t\t\t<div class=\"e-con-inner\">\n\t\t<div class=\"elementor-element elementor-element-19aac6d e-con-full e-flex e-con e-child\" data-id=\"19aac6d\" data-element_type=\"container\" data-e-type=\"container\">\n\t\t\t\t<div class=\"elementor-element elementor-element-145aa81 wd-width-100 elementor-widget elementor-widget-wd_title\" data-id=\"145aa81\" data-element_type=\"widget\" data-e-type=\"widget\" data-widget_type=\"wd_title.default\">\n\t\t\t\t<div class=\"elementor-widget-container\">\n\t\t\t\t\t\t\t<div class=\"title-wrapper wd-set-mb reset-last-child wd-title-color-default wd-title-style-default wd-title-size-default text-left\">\n\n\t\t\t\n\t\t\t<div class=\"liner-continer\">\n\t\t\t\t<h4 class=\"woodmart-title-container title wd-fontsize-l\">GENERELLE SALGSBETINGELSER<\/h4> \n\t\t\t\t\t\t\t<\/div>\n\n\t\t\t\t\t<\/div>\n\t\t\t\t\t\t<\/div>\n\t\t\t\t<\/div>\n\t\t\t\t<div class=\"elementor-element elementor-element-0c5c580 elementor-widget elementor-widget-wd_text_block\" data-id=\"0c5c580\" data-element_type=\"widget\" data-e-type=\"widget\" data-widget_type=\"wd_text_block.default\">\n\t\t\t\t<div class=\"elementor-widget-container\">\n\t\t\t\t\t\t\t<div class=\"wd-text-block reset-last-child text-left\">\n\t\t\t\n\t\t\t<p>L\u00e6s venligst f\u00f8lgende vilk\u00e5r og betingelser omhyggeligt, f\u00f8r du bruger denne hjemmeside. Disse generelle salgsbetingelser g\u00e6lder for enhver ordre, der afgives p\u00e5 hjemmesiden www.flameguard.ee:<\/p><p><strong>1. GENERELLE SALGSBETINGELSER<\/strong><\/p><p>1.1 Disse vilk\u00e5r og betingelser g\u00e6lder for flameguard.ee kunde (herefter kunde) og Flameguard Systems O\u00dc (herefter flameguard.ee) i forbindelse med salg og k\u00f8b af produkter p\u00e5 hjemmesiden www.flameguard.ee. Alle salgstransaktioner gennemf\u00f8res p\u00e5 et lovligt grundlag. <\/p><p>1.2 Salg og k\u00f8b af produkter via www.flameguard.ee vil v\u00e6re underlagt f\u00f8lgende vilk\u00e5r og betingelser for alle registrerede brugere af flameguard.ee og g\u00e6ster, der \u00f8nsker at k\u00f8be produkter via denne hjemmeside. Disse m\u00e5 ikke v\u00e6re i modstrid med lovgivningen i Estland og kan suppleres med yderligere bestemmelser (oplysninger om tjenesteydelser, varer, priser). <\/p><p>1.3 Til enhver tid ved at opdatere hjemmesiden forbeholder flameguard.ee sig ret til at opdatere hjemmesiden og kan revidere disse vilk\u00e5r og betingelser vedr\u00f8rende produktets priser, beskrivelser, sikkerhedsmuligheder osv. Fra tid til anden kan disse muligheder \u00e6ndre sig, og vores virksomhed er ikke forpligtet til at underrette kunden om s\u00e5danne opdateringer. Alle \u00e6ndringer tr\u00e6der i kraft fra det \u00f8jeblik, hvor denne hjemmeside opdateres.<\/p><p>1.4 Hvis kunden afgav en ordre, f\u00f8r der blev foretaget \u00e6ndringer i betingelserne, leveres produktet til kunden i overensstemmelse med de tidligere betingelser, medmindre andet er fastsat i lovgivningen i Estland eller heri.<\/p><p><strong>2. PRODUKTER PRIS<\/strong><\/p><p>2.1 Alle produktpriser er i EURO (\u20ac) og inkluderer moms, men kan ogs\u00e5 v\u00e6re i andre valutaer afh\u00e6ngigt af det valgte sprog.<\/p><p>2.2 Forsendelsesomkostningerne er ikke inkluderet i produktets pris, og det afh\u00e6nger af den valgte overf\u00f8rselsmetode og et bel\u00f8b.<\/p><p>2.3 Priserne kan til enhver tid \u00e6ndres af flameguard.ee uden varsel. <\/p><p>2.4 Hvis en ordre blev foretaget f\u00f8r pris\u00e6ndringen, vil produktet stadig blive opkr\u00e6vet til den g\u00e6ldende sats p\u00e5 bestillingstidspunktet. flameguard.ee ikke refundere forskellen i prisen p\u00e5 produkterne. <\/p><p>2.5 Den endelige ordrepris vises i den personlige indk\u00f8bskurv.<\/p><p><strong>3. BESTILLING OG BETALING<\/strong> <\/p><p>3.1 flameguard.ee er s\u00e6lger og kunde af hjemmesiden, www.flameguard.ee er k\u00f8ber.<\/p><p>3.2 Efter afgivelse af en ordre modtager kunden fakturaen og ordrebekr\u00e6ftelsen via e-mail fra flameguard.ee. Hvis kunden ikke har f\u00e5et en meddelelse om ordren, bedes du kontakte os p\u00e5 info@flameguard.ee. <\/p><p>3.3 Fakturaen vil indeholde en komplet liste over bestilte produkter, leveringsmetode og pris, alle n\u00f8dvendige betalingsoplysninger og kontakter. <\/p><p>3.4 Ved afgivelse af en ordre v\u00e6lger kunden en betalingsmetode (netbank, debet-\/kreditkort eller kontanter) og en forsendelsesmetode. Det er vigtigt at tjekke med kundens og leverand\u00f8rens rettigheder.<\/p><p>3.5 Salgskontrakten mellem kunden og flameguard.ee vil blive anset for at v\u00e6re fuldst\u00e6ndig og udformet, n\u00e5r vi sender afsendelsesbekr\u00e6ftelses-e-mailen til kunden, og n\u00e5r et fuldt betalingsbel\u00f8b modtages til flameguard.ee bankkonto. flameguard.ee sikre betalingsudbyders registreringsdata, som vil udg\u00f8re beviset for datoen og indholdet af ordren.<\/p><p>3.6 Efter modtagelse af betaling vil det tage os 1 hverdag at behandle dit k\u00f8b.<\/p><p>3.7 I tilf\u00e6lde af, at penge ikke modtages p\u00e5 vores bankkonto i l\u00f8bet af to hverdage, vil ordren blive annulleret. Disse trin i kontraktens indg\u00e5else g\u00e6lder uanset proceduren for k\u00f8b via www.flameguard.ee.<\/p><p>3.8 Ved at bruge hjemmesiden flameguard.ee bekr\u00e6fter kunden, at han har l\u00e6st og accepterer disse vilk\u00e5r og betingelser og accepterer alle g\u00e6ldende love vedr\u00f8rende overf\u00f8rsel af tekniske data eksporteret fra Estland. Alle ordrer, der afgives p\u00e5 flameguard.ee og leveres ud af Estland, vil blive p\u00e5lagt eventuelle skatter og told, som p\u00e5l\u00e6gges, n\u00e5r pakken n\u00e5r sit leveringssted. Kunden er ansvarlig og skal tage ansvar for disse mulige told- og afgifter i forbindelse med levering af en vare. flameguard.ee er ikke ansvarlig for at kontrollere og informere kunden om de g\u00e6ldende told- og afgifter.<\/p><p><strong>4. FORSENDELSE OG LEVERING<\/strong><\/p><p>4.1 Efter ordrens betaling vil produkterne blive sendt til den angivne leveringsadresse. Hvis nogle produkter er udsolgt, vil vores virksomhed informere kunden s\u00e5 hurtigt som muligt via e-mail eller kundens kontaktnummer.<\/p><p>4.2 Den estimerede leveringstid afh\u00e6nger af forsendelsesmetoden og en ordres placering.<\/p><p>4.3 I tilf\u00e6lde af at \u0421lient \u00f8nsker at \u00e6ndre leveringsadresse, er det n\u00f8dvendigt at informere vores virksomhed s\u00e5 hurtigt som muligt. Kunden er ansvarlig for at informere vores virksomhed om enhver adresse- eller anden relevant detalje\u00e6ndring. I tilf\u00e6lde af, at en ordre er blevet sendt til kunden, er det ikke muligt at \u00e6ndre leveringsadressen.<br \/>4.4 flameguard.ee informerer kunden via e-mail om, at pakken er afsendt.<\/p><p>4.5 Levering og korrekt forsendelse afh\u00e6nger af, hvor pr\u00e6cise oplysninger kunden giver. Produkterne vil levere korrekt, hvis ordren er afgivet korrekt. Af sikkerhedsm\u00e6ssige \u00e5rsager sender flameguard.ee ikke nogen ordre, mens det ikke er muligt at identificere kundens adresse eller personlige oplysninger. flameguard.ee er ikke ansvarlig for eventuelle leveringsforsinkelser eller informationsfejl fra kunden. <\/p><p>4.6 Hvis produktet (ikke emballagen) er blevet beskadiget i leveringstiden, har flameguard.ee ret til at erstatte produktet med nyt. Hvis en udskiftning ikke er mulig (p\u00e5 grund af mangel p\u00e5 produkt), betaler flameguard.ee kunden omkostningerne ved det beskadigede produkt. <\/p><p>4.7 flameguard.ee har til enhver tid ret til at justere og \u00e6ndre disse vilk\u00e5r og betingelser.<\/p><p><strong>5. GARANTI OG RETURNERING<\/strong><\/p><p>5.1 Alle produkter i flameguard.ee onlinebutik er 100% originale. Produktbilleder er kun til illustrative form\u00e5l. Produktbilleder kan afvige fra det faktiske produkt. Produktbeskrivelse, priser og tilg\u00e6ngelighed vises p\u00e5 flameguard.ee under produktets illustration. I tvivlstilf\u00e6lde eller for yderligere information, t\u00f8v ikke med at kontakte os.<\/p><p>5.2 I henhold til obligationsloven har kunden 14 dage fra leveringen af pakken til at returnere den til flameguard.ee, hvis produktet ikke var egnet til kunden. I tilf\u00e6lde af ordrereturnering skal produktet v\u00e6re i samme stand, som det blev sendt af vores virksomhed. Tags, etiketter og andet tilbeh\u00f8r relateret til produktet skal v\u00e6re p\u00e5 samme sted. Vores firma accepterer ikke at betale ordreprisen tilbage til kunden, hvis ordreproduktet sendes tilbage beskadiget, snavset, \u00f8delagt eller ufuldst\u00e6ndigt. <\/p><p>5.3 Ved annullering af ordre skal kunden sende en e-mail til info@flameguard.ee inden for 14 dage fra ordrens leveringsdato. De vigtigste emner i e-mailen skal v\u00e6re \u00e5rsagen til ordrereturnering, kundens navn og ordremeddelelse.<\/p><p>5.4 Inden for 14 dage fra det tidspunkt, hvor der blev konstateret en defekt p\u00e5 produktet, skal kunden informere os via e-mail til shop@flameguard.ee. Hovedemnet for e-mailen skal v\u00e6re kundens navn, kontaktoplysninger, dato for frems\u00e6ttelse af et krav, foto af produktfejl, fakturanummer eller kopi af faktura.<\/p><p>5.5 flameguard.ee er ikke ansvarlig eller erstatningspligtig for mangler, der er opst\u00e5et som f\u00f8lge af fejl eller uagtsomhed ved kundens brug.<\/p><p>5.6 Hvis produktet ikke er egnet til kunden og skal returneres, er kunden ansvarlig for omkostningerne ved produktets returgebyr. flameguard.ee d\u00e6kker kun portogebyrer, hvis det var et forkert eller defekt produkt, der blev leveret til kunden.<\/p><p>5.7 Hvis alle de n\u00e6vnte betingelser er opfyldt, vil returnering blive betalt inden for 30 dage.<\/p><p>5.8 I tilf\u00e6lde af, at kunden \u00f8nsker at bytte produktet til et andet eller samme produkt, men en anden st\u00f8rrelse, er kunden ansvarlig for portogebyrerne.<\/p><p>5.9 Hvis produktet har en defekt, der var umulig at opdage ved ekstern unders\u00f8gelse, og som ikke viste sig ved \u00e5bningen af pakken, samt hvis produktet ikke er det, der blev bestilt, har flameguard.ee ret til at reducere prisen p\u00e5 det bestilte produkt eller fuldt ud refundere produktets omkostninger til kunden.<\/p><p><strong>6. ANSVAR OG FORCE MAJEURE<\/strong><\/p><p>6.1 flameguard.ee er ansvarlig over for kunden for enhver skade som f\u00f8lge af overtr\u00e6delse af betingelserne i overensstemmelse med Estlands lovbestemmelser.<\/p><p>6.2 Kunden er ansvarlig for flameguard.ee for enhver skade som f\u00f8lge af kundens overtr\u00e6delse af betingelserne i overensstemmelse med Estlands retshandler. Kunden er ansvarlig for de afgivne oplysninger og alle de konsekvenser, der kan opst\u00e5 som f\u00f8lge af de oplysninger, der gives til dem. <\/p><p>6.3 Ingen af parterne er over for den anden part ansvarlig for overtr\u00e5dte forhold i form af forsinkelse eller manglende opfyldelse af forpligtelser, s\u00e5fremt dette skyldes force majeure, der er uafh\u00e6ngige af parterne. Aftalen vil blive suspenderet i den periode, hvor force majeure-begivenheden varer, og den er ikke en overtr\u00e6delse af de generelle betingelser.<\/p><p>6.4 flameguard.ee erstatter ikke moralsk skade, der er for\u00e5rsaget af \u00e6ndringer i priser, produktleveringstid osv. inden for rammerne af de nuv\u00e6rende forhold. <\/p><p>6.5 flameguard.ee refunderer ikke kundens udgifter som f\u00f8lge af omst\u00e6ndigheder, hvor kunden p\u00e5tager sig en forpligtelse over for tredjemand (uafh\u00e6ngigt af flameguard.ee) p\u00e5 betingelser, der strider mod de til enhver tid g\u00e6ldende betingelser. <\/p><p>6.6 flameguard.ee refunderer ikke Kunden tab af fortjeneste, f\u00f8lgeskader eller andre \u00f8konomiske tab som f\u00f8lge af \u00e6ndringer i priser, leveringstider mv.<\/p><p>6.7 flameguard.ee er ikke ansvarlig for manglende eller forsinket opfyldelse af nogen af vores forpligtelser i henhold til en aftale, der er for\u00e5rsaget af eksterne begivenheder, som vores rimelige kontrol har (force majeure-begivenheder). <\/p><p>6.8 Det maksimale kompensationsbel\u00f8b kan v\u00e6re omkostningerne ved produktet og levering af det bestilte af kunden i flameguard.ee onlinebutik.<\/p><p><strong>7. POLITIK OM BESKYTTELSE AF PERSONLIGE OPLYSNINGER<\/strong> <\/p><p>7.1 Brugen af vores hjemmeside www.flameguard.ee kunden giver klart og bevidst samtykke til brugen af personoplysninger, der leveres flameguard.ee. <\/p><p>7.2 flameguard.ee bruger kun de personoplysninger, som kunden har givet, til at behandle kundens ordrer og behandles med forn\u00f8den fortrolighed. Det videregives ikke til tredjepart, undtagen i tilf\u00e6lde, hvor den leveringsmetode, som kunden har valgt, giver mulighed for det, s\u00e5vel som i tilf\u00e6lde, der er fastsat i loven.<\/p><p>7.3 flameguard.ee forbeholdt sig ret til at sende information om nye produkter og fordelagtige tilbud, hvis kunden har tilmeldt sig et nyhedsbrev p\u00e5 flameguard.ee. Kunden har ret til at fjerne kontaktoplysningerne fra vores database. <\/p><p>7.4 For sager, der ikke er reguleret af disse vilk\u00e5r og betingelser, er kunden og flameguard.ee underlagt love og juridiske handlinger i Estland.<\/p><p>7.5 I tilf\u00e6lde af uenighed eller tvister i forbindelse med gennemf\u00f8relsen af disse vilk\u00e5r og betingelser fors\u00f8ger parterne f\u00f8rst og fremmest at n\u00e5 til enighed gennem forhandlinger. Hvis tvisterne i forbindelse med kontrakten ikke kan l\u00f8ses ved forhandlinger, har begge parter (b\u00e5de klienten og flameguard.ee) ret til at henvende sig til ministeriet for forbrugerbeskyttelse eller retten for at f\u00e5 deres rettigheder beskyttet.<\/p><p><strong>8. AFSLUTTENDE BESTEMMELSER<\/strong><\/p><p>8.1 Brugen af www.flameguard.ee hjemmeside og aftaler om k\u00f8b af produkter via denne hjemmeside vil v\u00e6re underlagt den estiske lov. Hvis nogen af disse generelle salgsbetingelser eller en bestemmelse i en aftale erkl\u00e6res ugyldig, p\u00e5virker det ikke gyldigheden af andre vilk\u00e5r i kontrakten og erstattes af en anden bestemmelse.<\/p><p>8.2 Enhver protest mod disse generelle salgsbetingelser er kun underlagt den estiske lov.<\/p>\n\t\t\t\t\t<\/div>\n\t\t\t\t\t\t<\/div>\n\t\t\t\t<\/div>\n\t\t\t\t<\/div>\n\t\t\t\t\t<\/div>\n\t\t\t\t<\/div>\n\t\t\t\t<\/div>","protected":false},"excerpt":{"rendered":"<p>GENERELLE SALGSBETINGELSER L\u00e6s venligst f\u00f8lgende vilk\u00e5r og betingelser grundigt, f\u00f8r du bruger denne hjemmeside. Disse generelle udsalg<\/p>","protected":false},"author":1,"featured_media":0,"parent":0,"menu_order":0,"comment_status":"closed","ping_status":"closed","template":"","meta":{"footnotes":""},"class_list":["post-17025","page","type-page","status-publish","hentry"],"_links":{"self":[{"href":"https:\/\/flameguard.ee\/da\/wp-json\/wp\/v2\/pages\/17025","targetHints":{"allow":["GET"]}}],"collection":[{"href":"https:\/\/flameguard.ee\/da\/wp-json\/wp\/v2\/pages"}],"about":[{"href":"https:\/\/flameguard.ee\/da\/wp-json\/wp\/v2\/types\/page"}],"author":[{"embeddable":true,"href":"https:\/\/flameguard.ee\/da\/wp-json\/wp\/v2\/users\/1"}],"replies":[{"embeddable":true,"href":"https:\/\/flameguard.ee\/da\/wp-json\/wp\/v2\/comments?post=17025"}],"version-history":[{"count":3,"href":"https:\/\/flameguard.ee\/da\/wp-json\/wp\/v2\/pages\/17025\/revisions"}],"predecessor-version":[{"id":17028,"href":"https:\/\/flameguard.ee\/da\/wp-json\/wp\/v2\/pages\/17025\/revisions\/17028"}],"wp:attachment":[{"href":"https:\/\/flameguard.ee\/da\/wp-json\/wp\/v2\/media?parent=17025"}],"curies":[{"name":"wp","href":"https:\/\/api.w.org\/{rel}","templated":true}]}}