{"id":3,"date":"2024-12-17T08:05:39","date_gmt":"2024-12-17T08:05:39","guid":{"rendered":"http:\/\/flameguard.ee.dedi7782.your-server.de\/?page_id=3"},"modified":"2025-03-05T11:10:29","modified_gmt":"2025-03-05T09:10:29","slug":"privaatsuspoliitika","status":"publish","type":"page","link":"https:\/\/flameguard.ee\/da\/politik-om-beskyttelse-af-personlige-oplysninger\/","title":{"rendered":"Politik om beskyttelse af personlige oplysninger"},"content":{"rendered":"<div data-elementor-type=\"wp-page\" data-elementor-id=\"3\" class=\"elementor elementor-3\">\n\t\t\t\t<div class=\"wd-negative-gap elementor-element elementor-element-ccef3f6 e-flex e-con-boxed e-con e-parent\" data-id=\"ccef3f6\" data-element_type=\"container\" data-e-type=\"container\">\n\t\t\t\t\t<div class=\"e-con-inner\">\n\t\t<div class=\"elementor-element elementor-element-c0fa00a e-con-full e-flex e-con e-child\" data-id=\"c0fa00a\" data-element_type=\"container\" data-e-type=\"container\">\n\t\t\t\t<div class=\"elementor-element elementor-element-dfe917a wd-width-100 elementor-widget elementor-widget-wd_title\" data-id=\"dfe917a\" data-element_type=\"widget\" data-e-type=\"widget\" data-widget_type=\"wd_title.default\">\n\t\t\t\t<div class=\"elementor-widget-container\">\n\t\t\t\t\t\t\t<div class=\"title-wrapper wd-set-mb reset-last-child wd-title-color-default wd-title-style-default wd-title-size-default text-left\">\n\n\t\t\t\n\t\t\t<div class=\"liner-continer\">\n\t\t\t\t<h4 class=\"woodmart-title-container title wd-fontsize-l\">POLITIK OM BESKYTTELSE AF PERSONLIGE OPLYSNINGER<\/h4> \n\t\t\t\t\t\t\t<\/div>\n\n\t\t\t\t\t<\/div>\n\t\t\t\t\t\t<\/div>\n\t\t\t\t<\/div>\n\t\t\t\t<div class=\"elementor-element elementor-element-7c4ba8c elementor-widget elementor-widget-wd_text_block\" data-id=\"7c4ba8c\" data-element_type=\"widget\" data-e-type=\"widget\" data-widget_type=\"wd_text_block.default\">\n\t\t\t\t<div class=\"elementor-widget-container\">\n\t\t\t\t\t\t\t<div class=\"wd-text-block reset-last-child text-left\">\n\t\t\t\n\t\t\t<p><strong>Flameguard Systems O\u00dc<\/strong> Onlinebutikken bruger prim\u00e6rt de oplysninger, som k\u00f8beren har givet, til udf\u00f8relsen af indk\u00f8bsordren og videregiver ikke oplysninger om kunden, der er blevet kendt i forbindelse med k\u00f8b, til tredjeparter, medmindre det er et sp\u00f8rgsm\u00e5l om tilf\u00e6lde, der er foreskrevet ved lov. Brugen af kundedata i direkte markedsf\u00f8ring er kun mulig med kundens samtykke, som de giver ved at gemme deres personlige kontaktadresse, n\u00e5r de registrerer sig som nyhedsbrevsmodtager eller p\u00e5 kunderegistreringsformularen.<\/p><p>Kunden kan til enhver tid tr\u00e6kke sit \u00f8nske om at modtage personlige tilbud tilbage. De har ogs\u00e5 ret til at kr\u00e6ve oph\u00f8r eller sletning af behandlingen af deres data, hvis den respektive rettighed f\u00f8lger af loven om beskyttelse af personoplysninger eller anden lovgivning.<\/p><h2>Privatliv<\/h2><p>1. Ved at bruge www.flameguard.ee hjemmeside giver kunden et klart og informeret samtykke til behandlingen af www.flameguard.ee personoplysninger.<\/p><p>2. www.flameguard.ee bruger kun de personoplysninger, som kunden har givet, til opfyldelse af kundens indk\u00f8bsordre. Dataene vil blive behandlet fortroligt og vil ikke blive videregivet til tredjepart, medmindre den af kunden valgte leveringsmetode kr\u00e6ver det, og i de tilf\u00e6lde, der er foreskrevet ved lov.<\/p><p>3. www.flameguard.ee forbeholder sig ret til at sende oplysninger til kunden om nye produkter og kampagnetilbud, hvis kunden har tilmeldt sig www.flameguard.ee nyhedsbrev. Kunden har ret til at anmode om sletning af sine data fra www.flameguard.ee database.<\/p><p>4. I sager, der ikke er reguleret af disse vilk\u00e5r og betingelser, skal kunden og www.flameguard.ee v\u00e6re styret af den g\u00e6ldende lovgivning i Republikken Estland og andre love, der regulerer forholdet mellem parterne.<\/p><p>5. Uenigheder og tvister, der opst\u00e5r som f\u00f8lge af opfyldelsen af disse vilk\u00e5r og betingelser, skal l\u00f8ses af parterne prim\u00e6rt gennem forhandlinger. Hvis tvisterne i forbindelse med kontrakten ikke kan l\u00f8ses ved forhandlinger mellem parterne, har b\u00e5de kunden og www.flameguard.ee ret til at henvende sig til forbrugerbeskyttelsesn\u00e6vnet eller retten for at beskytte deres rettigheder.<\/p><p><strong>Flameguard Systems O\u00dc er dataansvarlig for personoplysninger og videresender de personoplysninger, der er n\u00f8dvendige for udf\u00f8relsen af betalinger, til databehandleren Montonio Finance O\u00dc.<\/strong><\/p>\n\t\t\t\t\t<\/div>\n\t\t\t\t\t\t<\/div>\n\t\t\t\t<\/div>\n\t\t\t\t<\/div>\n\t\t\t\t\t<\/div>\n\t\t\t\t<\/div>\n\t\t\t\t<\/div>","protected":false},"excerpt":{"rendered":"<p>Flameguard Systems O\u00dc's onlinebutik bruger prim\u00e6rt de oplysninger, som k\u00f8beren har givet, til opfyldelse af indk\u00f8bsordren og videregiver ikke de oplysninger, der er blevet kendt i forbindelse med k\u00f8bene.<\/p>","protected":false},"author":1,"featured_media":0,"parent":0,"menu_order":0,"comment_status":"closed","ping_status":"closed","template":"","meta":{"footnotes":""},"class_list":["post-3","page","type-page","status-publish","hentry"],"_links":{"self":[{"href":"https:\/\/flameguard.ee\/da\/wp-json\/wp\/v2\/pages\/3","targetHints":{"allow":["GET"]}}],"collection":[{"href":"https:\/\/flameguard.ee\/da\/wp-json\/wp\/v2\/pages"}],"about":[{"href":"https:\/\/flameguard.ee\/da\/wp-json\/wp\/v2\/types\/page"}],"author":[{"embeddable":true,"href":"https:\/\/flameguard.ee\/da\/wp-json\/wp\/v2\/users\/1"}],"replies":[{"embeddable":true,"href":"https:\/\/flameguard.ee\/da\/wp-json\/wp\/v2\/comments?post=3"}],"version-history":[{"count":14,"href":"https:\/\/flameguard.ee\/da\/wp-json\/wp\/v2\/pages\/3\/revisions"}],"predecessor-version":[{"id":17009,"href":"https:\/\/flameguard.ee\/da\/wp-json\/wp\/v2\/pages\/3\/revisions\/17009"}],"wp:attachment":[{"href":"https:\/\/flameguard.ee\/da\/wp-json\/wp\/v2\/media?parent=3"}],"curies":[{"name":"wp","href":"https:\/\/api.w.org\/{rel}","templated":true}]}}