{"id":4400,"date":"2021-10-12T15:51:09","date_gmt":"2021-10-12T15:51:09","guid":{"rendered":"http:\/\/dummy.xtemos.com\/woodmart2\/elementor\/?page_id=4400"},"modified":"2025-07-16T14:53:22","modified_gmt":"2025-07-16T11:53:22","slug":"ettevottest","status":"publish","type":"page","link":"https:\/\/flameguard.ee\/da\/om-virksomheden\/","title":{"rendered":"Om virksomheden"},"content":{"rendered":"<div data-elementor-type=\"wp-page\" data-elementor-id=\"4400\" class=\"elementor elementor-4400\">\n\t\t\t\t<div class=\"wd-negative-gap elementor-element elementor-element-681b278 e-flex e-con-boxed e-con e-parent\" data-id=\"681b278\" data-element_type=\"container\" data-e-type=\"container\">\n\t\t\t\t\t<div class=\"e-con-inner\">\n\t\t<div class=\"elementor-element elementor-element-34a2dc1 e-con-full e-flex e-con e-child\" data-id=\"34a2dc1\" data-element_type=\"container\" data-e-type=\"container\">\n\t\t\t\t<div class=\"elementor-element elementor-element-81a7900 wd-width-100 elementor-widget elementor-widget-wd_title\" data-id=\"81a7900\" data-element_type=\"widget\" data-e-type=\"widget\" data-widget_type=\"wd_title.default\">\n\t\t\t\t<div class=\"elementor-widget-container\">\n\t\t\t\t\t\t\t<div class=\"title-wrapper wd-set-mb reset-last-child wd-title-color-default wd-title-style-default wd-title-size-default text-left\">\n\n\t\t\t\n\t\t\t<div class=\"liner-continer\">\n\t\t\t\t<h4 class=\"woodmart-title-container title wd-fontsize-l\">HOLDE<\/h4> \n\t\t\t\t\t\t\t<\/div>\n\n\t\t\t\t\t<\/div>\n\t\t\t\t\t\t<\/div>\n\t\t\t\t<\/div>\n\t\t\t\t<div class=\"elementor-element elementor-element-e7a6160 elementor-widget elementor-widget-wd_text_block\" data-id=\"e7a6160\" data-element_type=\"widget\" data-e-type=\"widget\" data-widget_type=\"wd_text_block.default\">\n\t\t\t\t<div class=\"elementor-widget-container\">\n\t\t\t\t\t\t\t<div class=\"wd-text-block reset-last-child text-left\">\n\t\t\t\n\t\t\t<h5 style=\"font-weight: bold;\">Flameguard \u2013 en p\u00e5lidelig SHEQ-sikkerhedspartner i Norden og Baltikum.<\/h5><p>Flameguard er en virksomhed, der besk\u00e6ftiger sig med salg af komplette l\u00f8sninger og sikkerhedsprodukter inden for civilforsvar, arbejds- og brandsikkerhed, milj\u00f8 og kvalitet (SHEQ) i Norden og Baltikum. I Tallinn producerer vi certificerede brandgardiner af h\u00f8j kvalitet, der opfylder h\u00f8je sikkerhedsstandarder og kan tilsluttes de mest almindelige automatiske brandalarmsystemer. I vores hovedaktiviteter har vi fokus p\u00e5 at servicere forsvarsindustrien, den offentlige sektor, private og erhvervskunder. Udvalget af Flameguard e-shop omfatter innovative beskyttelses- og sikkerhedsprodukter af h\u00f8j kvalitet, der er velegnede til b\u00e5de erhvervs- og g\u00f8r-det-selv-privatkunder.<\/p><p>Flameguards vedligeholdelses- og installationsteam installerer produkter under forskellige forhold, hvilket giver mulighed for at teste forskellige produkter og finde nye anvendelser eller forbedre dem. Som en merv\u00e6rdi hj\u00e6lper vi bygherrer og forsikringsselskaber med at teste forskellige materialers brandf\u00f8lsomhed eller brandmodstand. Som f\u00f8lge heraf udvides udvalget af produkter og tjenester konstant, og det er grundlaget for vores virksomheds b\u00e6redygtighed.<\/p><p>Vores daglige m\u00e5l er at v\u00e6re en professionel samarbejdspartner, hvis ekspertr\u00e5dgivning og erfaring er med til at reducere omkostningerne, forhindre tab og sikre overholdelse af selv de mest komplekse krav. Flameguards specialister arbejder dagligt for at sikre sikkerhed og milj\u00f8venlig drift.<\/p><h5 style=\"font-weight: bold;\">Hvad tilbyder vi?<\/h5><p>\u2705 <strong>Risikostyringsservice<\/strong><br \/>Vi hj\u00e6lper med at forst\u00e5 og l\u00f8se udfordringerne inden for brandsikkerhed og SHEQ-omr\u00e5det. Vi tilbyder r\u00e5dgivning, praktiske l\u00f8sninger og ekspertsupport for at sikre overholdelse af g\u00e6ldende sikkerhedskrav eller ejertilsyn.<\/p><p>\u2705 <strong>Sikkerhedsrevisioner og risikovurderinger<\/strong><br \/>Vi kontrollerer bygningers brandsikkerhed og arbejdsmilj\u00f8et, identificerer potentielle farer og giver anbefalinger til forebyggelse af dem. Vores revisioner hj\u00e6lper dig med at overholde lovkrav og reducere risici.<\/p><p>\u2705 <strong>Brandsikring og forebyggelse af spredning af brand<\/strong><br \/>Vi installerer og vedligeholder brandsikkerhedsinstallationer og tilbyder brandsikkerhedsstyringstjenester. Derudover udf\u00f8rer vi brandsikringsarbejder p\u00e5 facaden og indend\u00f8rs for at forhindre spredning af brand og beskytte mennesker eller ejendom.<\/p><p>\u2705 <strong>Milj\u00f8ledelse<\/strong><br \/>Tilbyde <strong>Milj\u00f8ledelsestjenester<\/strong>, at hj\u00e6lpe virksomheder med at opfylde milj\u00f8krav, reducere milj\u00f8p\u00e5virkningen og forbedre ressourceforbruget. Vi hj\u00e6lper med at implementere milj\u00f8ledelsessystemer og sikre, at de overholder internationale standarder.<\/p><p>\u2705 <strong>Uddannelse og ops\u00f8gende arbejde<\/strong><br \/>Tilbyde <strong>En bred vifte af kurser<\/strong>, d\u00e6kker civilbeskyttelse, brandsikkerhed, arbejdssikkerhed, milj\u00f8ledelse og SHEQ-emner. Vores tr\u00e6ning er praktisk og har til form\u00e5l at \u00f8ge bevidstheden. Vi hj\u00e6lper med at forbedre f\u00e6rdigheder for at hj\u00e6lpe medarbejderne med bedre at forst\u00e5 og implementere de n\u00f8dvendige sikkerhedsforanstaltninger.<\/p><p>\u2705 <strong>Brandsikkerhedsprodukter og e-shop<\/strong><br \/>Vi tilbyder innovative beskyttelses- og brandsikkerhedsprodukter af h\u00f8j kvalitet, som nemt kan bestilles fra vores onlinebutik. Derudover er vi officiel repr\u00e6sentant og import\u00f8r af flere internationale m\u00e6rker.<\/p><p>\u2705 <strong>Digitale l\u00f8sninger og smarte v\u00e6rkt\u00f8jer<\/strong><br \/>Vores online- og mobilv\u00e6rkt\u00f8jer hj\u00e6lper dig med bedre at administrere og overv\u00e5ge sikkerheden, hvilket g\u00f8r dit arbejdsmilj\u00f8 mere effektivt og sikrere.<\/p>\n\t\t\t\t\t<\/div>\n\t\t\t\t\t\t<\/div>\n\t\t\t\t<\/div>\n\t\t\t\t<div class=\"elementor-element elementor-element-505cc68 e-grid-align-left elementor-shape-rounded elementor-grid-0 elementor-widget elementor-widget-social-icons\" data-id=\"505cc68\" data-element_type=\"widget\" data-e-type=\"widget\" data-widget_type=\"social-icons.default\">\n\t\t\t\t<div class=\"elementor-widget-container\">\n\t\t\t\t\t\t\t<div class=\"elementor-social-icons-wrapper elementor-grid\" role=\"list\">\n\t\t\t\t\t\t\t<span class=\"elementor-grid-item\" role=\"listitem\">\n\t\t\t\t\t<a class=\"elementor-icon elementor-social-icon elementor-social-icon-facebook elementor-repeater-item-0ca661d\" href=\"https:\/\/www.facebook.com\/FlameguardSystems\" target=\"_blank\" rel=\"noopener\">\n\t\t\t\t\t\t<span class=\"elementor-screen-only\">Facebook<\/span>\n\t\t\t\t\t\t<svg aria-hidden=\"true\" class=\"e-font-icon-svg e-fab-facebook\" viewbox=\"0 0 512 512\" xmlns=\"http:\/\/www.w3.org\/2000\/svg\"><path d=\"M504 256C504 119 393 8 256 8S8 119 8 256c0 123.78 90.69 226.38 209.25 245V327.69h-63V256h63v-54.64c0-62.15 37-96.48 93.67-96.48 27.14 0 55.52 4.84 55.52 4.84v61h-31.28c-30.8 0-40.41 19.12-40.41 38.73V256h68.78l-11 71.69h-57.78V501C413.31 482.38 504 379.78 504 256z\"><\/path><\/svg>\t\t\t\t\t<\/a>\n\t\t\t\t<\/span>\n\t\t\t\t\t\t\t<span class=\"elementor-grid-item\" role=\"listitem\">\n\t\t\t\t\t<a class=\"elementor-icon elementor-social-icon elementor-social-icon-linkedin elementor-repeater-item-b31b56a\" href=\"https:\/\/www.linkedin.com\/company\/flameguard-systems\/\" target=\"_blank\" rel=\"noopener\">\n\t\t\t\t\t\t<span class=\"elementor-screen-only\">Linkedin<\/span>\n\t\t\t\t\t\t<svg aria-hidden=\"true\" class=\"e-font-icon-svg e-fab-linkedin\" viewbox=\"0 0 448 512\" xmlns=\"http:\/\/www.w3.org\/2000\/svg\"><path d=\"M416 32H31.9C14.3 32 0 46.5 0 64.3v383.4C0 465.5 14.3 480 31.9 480H416c17.6 0 32-14.5 32-32.3V64.3c0-17.8-14.4-32.3-32-32.3zM135.4 416H69V202.2h66.5V416zm-33.2-243c-21.3 0-38.5-17.3-38.5-38.5S80.9 96 102.2 96c21.2 0 38.5 17.3 38.5 38.5 0 21.3-17.2 38.5-38.5 38.5zm282.1 243h-66.4V312c0-24.8-.5-56.7-34.5-56.7-34.6 0-39.9 27-39.9 54.9V416h-66.4V202.2h63.7v29.2h.9c8.9-16.8 30.6-34.5 62.9-34.5 67.2 0 79.7 44.3 79.7 101.9V416z\"><\/path><\/svg>\t\t\t\t\t<\/a>\n\t\t\t\t<\/span>\n\t\t\t\t\t\t\t<span class=\"elementor-grid-item\" role=\"listitem\">\n\t\t\t\t\t<a class=\"elementor-icon elementor-social-icon elementor-social-icon-instagram elementor-repeater-item-d3e6fed\" href=\"https:\/\/www.instagram.com\/flameguard_systems\/\" target=\"_blank\" rel=\"noopener\">\n\t\t\t\t\t\t<span class=\"elementor-screen-only\">Instagram<\/span>\n\t\t\t\t\t\t<svg aria-hidden=\"true\" class=\"e-font-icon-svg e-fab-instagram\" viewbox=\"0 0 448 512\" xmlns=\"http:\/\/www.w3.org\/2000\/svg\"><path d=\"M224.1 141c-63.6 0-114.9 51.3-114.9 114.9s51.3 114.9 114.9 114.9S339 319.5 339 255.9 287.7 141 224.1 141zm0 189.6c-41.1 0-74.7-33.5-74.7-74.7s33.5-74.7 74.7-74.7 74.7 33.5 74.7 74.7-33.6 74.7-74.7 74.7zm146.4-194.3c0 14.9-12 26.8-26.8 26.8-14.9 0-26.8-12-26.8-26.8s12-26.8 26.8-26.8 26.8 12 26.8 26.8zm76.1 27.2c-1.7-35.9-9.9-67.7-36.2-93.9-26.2-26.2-58-34.4-93.9-36.2-37-2.1-147.9-2.1-184.9 0-35.8 1.7-67.6 9.9-93.9 36.1s-34.4 58-36.2 93.9c-2.1 37-2.1 147.9 0 184.9 1.7 35.9 9.9 67.7 36.2 93.9s58 34.4 93.9 36.2c37 2.1 147.9 2.1 184.9 0 35.9-1.7 67.7-9.9 93.9-36.2 26.2-26.2 34.4-58 36.2-93.9 2.1-37 2.1-147.8 0-184.8zM398.8 388c-7.8 19.6-22.9 34.7-42.6 42.6-29.5 11.7-99.5 9-132.1 9s-102.7 2.6-132.1-9c-19.6-7.8-34.7-22.9-42.6-42.6-11.7-29.5-9-99.5-9-132.1s-2.6-102.7 9-132.1c7.8-19.6 22.9-34.7 42.6-42.6 29.5-11.7 99.5-9 132.1-9s102.7-2.6 132.1 9c19.6 7.8 34.7 22.9 42.6 42.6 11.7 29.5 9 99.5 9 132.1s2.7 102.7-9 132.1z\"><\/path><\/svg>\t\t\t\t\t<\/a>\n\t\t\t\t<\/span>\n\t\t\t\t\t<\/div>\n\t\t\t\t\t\t<\/div>\n\t\t\t\t<\/div>\n\t\t\t\t<div class=\"elementor-element elementor-element-9f3f305 elementor-widget elementor-widget-wd_text_block\" data-id=\"9f3f305\" data-element_type=\"widget\" data-e-type=\"widget\" data-widget_type=\"wd_text_block.default\">\n\t\t\t\t<div class=\"elementor-widget-container\">\n\t\t\t\t\t\t\t<div class=\"wd-text-block reset-last-child text-left\">\n\t\t\t\n\t\t\t<p><strong>Enterprise Estonia st\u00f8ttede Flameguard Systems O\u00dc fra udviklingskuponforanstaltningen i projektet \"Test og certificering af EI-klasse brandgardin (projekt 2014-2020.4.04.21-2107)\".<\/strong><\/p><p><strong>Kort beskrivelse af projektet:<\/strong> I l\u00f8bet af projektet vil der blive udf\u00f8rt en prototype, kontroltest og certificering af produktet.<br \/><strong>Projektets resultat:<\/strong> Prototypen af produktet er testet i henhold til EN-16034 og certificeret.<\/p><p><img decoding=\"async\" style=\"max-width: 300px; height: auto; margin-top: 15px;\" src=\"\/wp-content\/uploads\/2025\/02\/EAS_SF_RGB_EST1.png\" \/><\/p>\n\t\t\t\t\t<\/div>\n\t\t\t\t\t\t<\/div>\n\t\t\t\t<\/div>\n\t\t\t\t<div class=\"elementor-element elementor-element-6b9226a wd-width-100 elementor-widget elementor-widget-wd_title\" data-id=\"6b9226a\" data-element_type=\"widget\" data-e-type=\"widget\" data-widget_type=\"wd_title.default\">\n\t\t\t\t<div class=\"elementor-widget-container\">\n\t\t\t\t\t\t\t<div class=\"title-wrapper wd-set-mb reset-last-child wd-title-color-default wd-title-style-default wd-title-size-default text-left\">\n\n\t\t\t\n\t\t\t<div class=\"liner-continer\">\n\t\t\t\t<h4 class=\"woodmart-title-container title wd-fontsize-l\">REFERENCER<\/h4> \n\t\t\t\t\t\t\t<\/div>\n\n\t\t\t\t\t<\/div>\n\t\t\t\t\t\t<\/div>\n\t\t\t\t<\/div>\n\t\t\t\t<div class=\"elementor-element elementor-element-78a44f7 project-block elementor-widget elementor-widget-wd_infobox_carousel\" data-id=\"78a44f7\" data-element_type=\"widget\" data-e-type=\"widget\" data-widget_type=\"wd_infobox_carousel.default\">\n\t\t\t\t<div class=\"elementor-widget-container\">\n\t\t\t\t\t\t\t<div class=\"wd-carousel-container info-box-carousel-wrapper\">\n\t\t\t<div class=\"wd-carousel-inner\">\n\t\t\t\t<div class=\"wd-carousel wd-grid info-box-carousel\" data-scroll_per_page=\"yes\" style=\"--wd-col-lg:2;--wd-col-md:2;--wd-col-sm:1;--wd-gap-lg:30px;--wd-gap-sm:10px;\">\n\t\t\t\t\t<div class=\"wd-carousel-wrap\">\n\t\t\t\t\t\t\t\t\t\t\t\t\t\t\t\t\t\t\t\t\t\t<div class=\"info-box-wrapper wd-carousel-item\">\n\t\t\t<div class=\"wd-info-box text-left box-icon-align-left box-style-shadow color-scheme-  elementor-repeater-item-1fcc0c5 wd-items-middle with-btn box-btn-static\">\n\t\t\t\t\t\t\t\t\t<div class=\"box-icon-wrapper  box-with-icon box-icon-simple\">\n\t\t\t\t\t\t<div class=\"info-box-icon\">\n\t\t\t\t\t\t\t\t\t\t\t\t\t\t\t<img fetchpriority=\"high\" decoding=\"async\" width=\"500\" height=\"360\" src=\"https:\/\/flameguard.ee\/wp-content\/uploads\/2025\/02\/nordlin_ehitus_flame.webp\" class=\"attachment-full size-full\" alt=\"\" srcset=\"https:\/\/flameguard.ee\/wp-content\/uploads\/2025\/02\/nordlin_ehitus_flame.webp 500w, https:\/\/flameguard.ee\/wp-content\/uploads\/2025\/02\/nordlin_ehitus_flame-400x288.webp 400w, https:\/\/flameguard.ee\/wp-content\/uploads\/2025\/02\/nordlin_ehitus_flame-430x310.webp 430w, https:\/\/flameguard.ee\/wp-content\/uploads\/2025\/02\/nordlin_ehitus_flame-150x108.webp 150w\" sizes=\"(max-width: 500px) 100vw, 500px\" \/>\t\t\t\t\t\t\t\t\t\t\t\t\t<\/div>\n\t\t\t\t\t<\/div>\n\t\t\t\t\n\t\t\t\t<div class=\"info-box-content\">\n\t\t\t\t\t\n\t\t\t\t\t\n\t\t\t\t\t<div class=\"info-box-inner reset-last-child\"data-elementor-setting-key=\"content\"><p><strong>Objekt:<\/strong><br \/>Saku Gymnasium<\/p>\n<p><strong>Produkt:<\/strong><br \/>Brandgardiner<\/p>\n<p><strong>Ordregivende myndighed:<\/strong><br \/>Nordlin Ehitus<\/p>\n<\/div>\n\n\t\t\t\t\t\t\t\t\t\t\t<div class=\"info-btn-wrapper\">\n\t\t\t\t\t\t\t\t\t<div class=\"wd-button-wrapper text-left\" >\n\t\t\t<a class=\"btn btn-style-default btn-shape-rectangle btn-size-default btn-icon-pos-right\" >\n\t\t\t\t<span class=\"wd-btn-text\" data-elementor-setting-key=\"text\">\n\t\t\t\t\tL\u00e6s mere\t\t\t\t<\/span>\n\n\t\t\t\t\t\t\t<\/a>\n\t\t<\/div>\n\t\t\t\t\t\t\t\t<\/div>\n\t\t\t\t\t\t\t\t\t<\/div>\n\n\t\t\t\t\t\t\t<\/div>\n\t\t<\/div>\n\t\t\t\t\t\t\t\t\t\t\t\t\t\t\t\t\t\t\t\t\t\t\t\t<div class=\"info-box-wrapper wd-carousel-item\">\n\t\t\t<div class=\"wd-info-box text-left box-icon-align-left box-style-shadow color-scheme-  elementor-repeater-item-350621f wd-items-middle with-btn box-btn-static\">\n\t\t\t\t\t\t\t\t\t<div class=\"box-icon-wrapper  box-with-icon box-icon-simple\">\n\t\t\t\t\t\t<div class=\"info-box-icon\">\n\t\t\t\t\t\t\t\t\t\t\t\t\t\t\t<img decoding=\"async\" width=\"500\" height=\"360\" src=\"https:\/\/flameguard.ee\/wp-content\/uploads\/2025\/02\/projekt-2.webp\" class=\"attachment-full size-full\" alt=\"\" srcset=\"https:\/\/flameguard.ee\/wp-content\/uploads\/2025\/02\/projekt-2.webp 500w, https:\/\/flameguard.ee\/wp-content\/uploads\/2025\/02\/projekt-2-400x288.webp 400w, https:\/\/flameguard.ee\/wp-content\/uploads\/2025\/02\/projekt-2-430x310.webp 430w, https:\/\/flameguard.ee\/wp-content\/uploads\/2025\/02\/projekt-2-150x108.webp 150w\" sizes=\"(max-width: 500px) 100vw, 500px\" \/>\t\t\t\t\t\t\t\t\t\t\t\t\t<\/div>\n\t\t\t\t\t<\/div>\n\t\t\t\t\n\t\t\t\t<div class=\"info-box-content\">\n\t\t\t\t\t\n\t\t\t\t\t\n\t\t\t\t\t<div class=\"info-box-inner reset-last-child\"data-elementor-setting-key=\"content\"><p><strong>Objekt:<\/strong><br \/>Tallinns gamle byhavn Terminal D<\/p>\n<p><strong>Produkt:<\/strong><br \/>Brandgardiner, r\u00f8ggardiner<\/p>\n<p><strong>Ordregivende myndighed:<\/strong><br \/>Nordecon AS<\/p>\n<\/div>\n\n\t\t\t\t\t\t\t\t\t\t\t<div class=\"info-btn-wrapper\">\n\t\t\t\t\t\t\t\t\t<div class=\"wd-button-wrapper text-left\" >\n\t\t\t<a class=\"btn btn-style-default btn-shape-rectangle btn-size-default btn-icon-pos-right\" >\n\t\t\t\t<span class=\"wd-btn-text\" data-elementor-setting-key=\"text\">\n\t\t\t\t\tL\u00e6s mere\t\t\t\t<\/span>\n\n\t\t\t\t\t\t\t<\/a>\n\t\t<\/div>\n\t\t\t\t\t\t\t\t<\/div>\n\t\t\t\t\t\t\t\t\t<\/div>\n\n\t\t\t\t\t\t\t<\/div>\n\t\t<\/div>\n\t\t\t\t\t\t\t\t\t\t\t\t\t\t\t\t\t\t\t\t\t\t\t\t<div class=\"info-box-wrapper wd-carousel-item\">\n\t\t\t<div class=\"wd-info-box text-left box-icon-align-left box-style-shadow color-scheme-  elementor-repeater-item-aa51906 wd-items-middle with-btn box-btn-static\">\n\t\t\t\t\t\t\t\t\t<div class=\"box-icon-wrapper  box-with-icon box-icon-simple\">\n\t\t\t\t\t\t<div class=\"info-box-icon\">\n\t\t\t\t\t\t\t\t\t\t\t\t\t\t\t<img decoding=\"async\" width=\"500\" height=\"360\" src=\"https:\/\/flameguard.ee\/wp-content\/uploads\/2025\/02\/projekt-3.webp\" class=\"attachment-full size-full\" alt=\"\" srcset=\"https:\/\/flameguard.ee\/wp-content\/uploads\/2025\/02\/projekt-3.webp 500w, https:\/\/flameguard.ee\/wp-content\/uploads\/2025\/02\/projekt-3-400x288.webp 400w, https:\/\/flameguard.ee\/wp-content\/uploads\/2025\/02\/projekt-3-430x310.webp 430w, https:\/\/flameguard.ee\/wp-content\/uploads\/2025\/02\/projekt-3-150x108.webp 150w\" sizes=\"(max-width: 500px) 100vw, 500px\" \/>\t\t\t\t\t\t\t\t\t\t\t\t\t<\/div>\n\t\t\t\t\t<\/div>\n\t\t\t\t\n\t\t\t\t<div class=\"info-box-content\">\n\t\t\t\t\t\n\t\t\t\t\t\n\t\t\t\t\t<div class=\"info-box-inner reset-last-child\"data-elementor-setting-key=\"content\"><p><strong>Objekt:<\/strong><br \/>Taebla-skolen<\/p>\n<p><strong>Produkt:<\/strong><br \/>Brandgardiner<\/p>\n<p><strong>Ordregivende myndighed:<\/strong><br \/>Tesron Ehitus O\u00dc<\/p>\n<\/div>\n\n\t\t\t\t\t\t\t\t\t\t\t<div class=\"info-btn-wrapper\">\n\t\t\t\t\t\t\t\t\t<div class=\"wd-button-wrapper text-left\" >\n\t\t\t<a class=\"btn btn-style-default btn-shape-rectangle btn-size-default btn-icon-pos-right\" >\n\t\t\t\t<span class=\"wd-btn-text\" data-elementor-setting-key=\"text\">\n\t\t\t\t\tL\u00e6s mere\t\t\t\t<\/span>\n\n\t\t\t\t\t\t\t<\/a>\n\t\t<\/div>\n\t\t\t\t\t\t\t\t<\/div>\n\t\t\t\t\t\t\t\t\t<\/div>\n\n\t\t\t\t\t\t\t<\/div>\n\t\t<\/div>\n\t\t\t\t\t\t\t\t\t\t\t\t\t\t\t\t\t\t\t\t\t\t\t\t<div class=\"info-box-wrapper wd-carousel-item\">\n\t\t\t<div class=\"wd-info-box text-left box-icon-align-left box-style-shadow color-scheme-  elementor-repeater-item-09b4f72 wd-items-middle with-btn box-btn-static\">\n\t\t\t\t\t\t\t\t\t<div class=\"box-icon-wrapper  box-with-icon box-icon-simple\">\n\t\t\t\t\t\t<div class=\"info-box-icon\">\n\t\t\t\t\t\t\t\t\t\t\t\t\t\t\t<img loading=\"lazy\" decoding=\"async\" width=\"500\" height=\"360\" src=\"https:\/\/flameguard.ee\/wp-content\/uploads\/2025\/02\/projekt-4.webp\" class=\"attachment-full size-full\" alt=\"\" srcset=\"https:\/\/flameguard.ee\/wp-content\/uploads\/2025\/02\/projekt-4.webp 500w, https:\/\/flameguard.ee\/wp-content\/uploads\/2025\/02\/projekt-4-400x288.webp 400w, https:\/\/flameguard.ee\/wp-content\/uploads\/2025\/02\/projekt-4-430x310.webp 430w, https:\/\/flameguard.ee\/wp-content\/uploads\/2025\/02\/projekt-4-150x108.webp 150w\" sizes=\"(max-width: 500px) 100vw, 500px\" \/>\t\t\t\t\t\t\t\t\t\t\t\t\t<\/div>\n\t\t\t\t\t<\/div>\n\t\t\t\t\n\t\t\t\t<div class=\"info-box-content\">\n\t\t\t\t\t\n\t\t\t\t\t\n\t\t\t\t\t<div class=\"info-box-inner reset-last-child\"data-elementor-setting-key=\"content\"><p><strong>Objekt:<\/strong><br \/>Maarjam\u00f5isa parkeringshus<\/p>\n<p><strong>Produkt:<\/strong><br \/>Brandgardiner<\/p>\n<p><strong>Ordregivende myndighed:<\/strong><br \/>Nordecon betoon O\u00dc<\/p>\n<\/div>\n\n\t\t\t\t\t\t\t\t\t\t\t<div class=\"info-btn-wrapper\">\n\t\t\t\t\t\t\t\t\t<div class=\"wd-button-wrapper text-left\" >\n\t\t\t<a class=\"btn btn-style-default btn-shape-rectangle btn-size-default btn-icon-pos-right\" >\n\t\t\t\t<span class=\"wd-btn-text\" data-elementor-setting-key=\"text\">\n\t\t\t\t\tL\u00e6s mere\t\t\t\t<\/span>\n\n\t\t\t\t\t\t\t<\/a>\n\t\t<\/div>\n\t\t\t\t\t\t\t\t<\/div>\n\t\t\t\t\t\t\t\t\t<\/div>\n\n\t\t\t\t\t\t\t<\/div>\n\t\t<\/div>\n\t\t\t\t\t\t\t\t\t\t\t\t\t<\/div>\n\t\t\t\t<\/div>\n\n\t\t\t\t\t\t\t\t\t\t\t<div class=\"wd-nav-arrows wd-pos-sep wd-hover-1 wd-icon-1\">\n\t\t\t<div class=\"wd-btn-arrow wd-prev wd-disabled\">\n\t\t\t\t<div class=\"wd-arrow-inner\"><\/div>\n\t\t\t<\/div>\n\t\t\t<div class=\"wd-btn-arrow wd-next\">\n\t\t\t\t<div class=\"wd-arrow-inner\"><\/div>\n\t\t\t<\/div>\n\t\t<\/div>\n\t\t\t\t\t\t\t\t\t<\/div>\n\n\t\t\t\t\t<div class=\"wd-nav-pagin-wrap text-center wd-style-shape wd-hide-md-sm wd-hide-sm\">\n\t\t\t<ul class=\"wd-nav-pagin\"><\/ul>\n\t\t<\/div>\n\t\t\t\t\t\t\t<\/div>\n\t\t\t\t\t\t<\/div>\n\t\t\t\t<\/div>\n\t\t\t\t<\/div>\n\t\t\t\t\t<\/div>\n\t\t\t\t<\/div>\n\t\t\t\t<\/div>","protected":false},"excerpt":{"rendered":"<p>Om Flameguard \u2013 en p\u00e5lidelig SHEQ-sikkerhedspartner i Norden og Baltikum. Flameguard er en serviceudbyder inden for civilbeskyttelse, arbejds- og brandsikkerhed, milj\u00f8 og kvalitet (SHEQ)<\/p>","protected":false},"author":1,"featured_media":0,"parent":0,"menu_order":0,"comment_status":"closed","ping_status":"closed","template":"","meta":{"footnotes":""},"class_list":["post-4400","page","type-page","status-publish","hentry"],"_links":{"self":[{"href":"https:\/\/flameguard.ee\/da\/wp-json\/wp\/v2\/pages\/4400","targetHints":{"allow":["GET"]}}],"collection":[{"href":"https:\/\/flameguard.ee\/da\/wp-json\/wp\/v2\/pages"}],"about":[{"href":"https:\/\/flameguard.ee\/da\/wp-json\/wp\/v2\/types\/page"}],"author":[{"embeddable":true,"href":"https:\/\/flameguard.ee\/da\/wp-json\/wp\/v2\/users\/1"}],"replies":[{"embeddable":true,"href":"https:\/\/flameguard.ee\/da\/wp-json\/wp\/v2\/comments?post=4400"}],"version-history":[{"count":182,"href":"https:\/\/flameguard.ee\/da\/wp-json\/wp\/v2\/pages\/4400\/revisions"}],"predecessor-version":[{"id":19374,"href":"https:\/\/flameguard.ee\/da\/wp-json\/wp\/v2\/pages\/4400\/revisions\/19374"}],"wp:attachment":[{"href":"https:\/\/flameguard.ee\/da\/wp-json\/wp\/v2\/media?parent=4400"}],"curies":[{"name":"wp","href":"https:\/\/api.w.org\/{rel}","templated":true}]}}