{"id":16251,"date":"2025-01-28T15:22:11","date_gmt":"2025-01-28T13:22:11","guid":{"rendered":"http:\/\/flameguard.ee.dedi7782.your-server.de\/?post_type=product&#038;p=16251"},"modified":"2025-03-11T09:49:25","modified_gmt":"2025-03-11T07:49:25","slug":"tuletokke-akruul-intu-fr-mastic","status":"publish","type":"product","link":"https:\/\/flameguard.ee\/da\/product\/brandsikker-akryl-intu-fr-mastik\/","title":{"rendered":"Brandh\u00e6mmende akryl \u2013 INTU FR MASTIC"},"content":{"rendered":"","protected":false},"excerpt":{"rendered":"<p><strong>INTU FR MASTIK<\/strong> er en akrylmastik designet til at forhindre spredning af ild, r\u00f8g og gasser gennem \u00e5bninger i brandsikre v\u00e6gge og gulve. INTU FR MASTIC udvider sig i tilf\u00e6lde af brand og lukker t\u00e6t \u00e5bninger omkring r\u00f8r eller kabler og danner en effektiv barriere mod brand, r\u00f8g og gas. Mastikken udfylder effektivt hullerne i monteringshullerne og sikrer integriteten og isoleringen af brandmodstandsklasserne EI 120 og EI 240 (detaljer i overensstemmelsesdokumenter).<\/p>","protected":false},"featured_media":16261,"template":"","meta":[],"product_brand":[],"product_cat":[88],"product_tag":[],"class_list":{"0":"post-16251","1":"product","2":"type-product","3":"status-publish","4":"has-post-thumbnail","6":"product_cat-tuletokketooted","8":"first","9":"instock","10":"taxable","11":"shipping-taxable","12":"purchasable","13":"product-type-variable"},"_links":{"self":[{"href":"https:\/\/flameguard.ee\/da\/wp-json\/wp\/v2\/product\/16251","targetHints":{"allow":["GET"]}}],"collection":[{"href":"https:\/\/flameguard.ee\/da\/wp-json\/wp\/v2\/product"}],"about":[{"href":"https:\/\/flameguard.ee\/da\/wp-json\/wp\/v2\/types\/product"}],"version-history":[{"count":3,"href":"https:\/\/flameguard.ee\/da\/wp-json\/wp\/v2\/product\/16251\/revisions"}],"predecessor-version":[{"id":18653,"href":"https:\/\/flameguard.ee\/da\/wp-json\/wp\/v2\/product\/16251\/revisions\/18653"}],"wp:featuredmedia":[{"embeddable":true,"href":"https:\/\/flameguard.ee\/da\/wp-json\/wp\/v2\/media\/16261"}],"wp:attachment":[{"href":"https:\/\/flameguard.ee\/da\/wp-json\/wp\/v2\/media?parent=16251"}],"wp:term":[{"taxonomy":"product_brand","embeddable":true,"href":"https:\/\/flameguard.ee\/da\/wp-json\/wp\/v2\/product_brand?post=16251"},{"taxonomy":"product_cat","embeddable":true,"href":"https:\/\/flameguard.ee\/da\/wp-json\/wp\/v2\/product_cat?post=16251"},{"taxonomy":"product_tag","embeddable":true,"href":"https:\/\/flameguard.ee\/da\/wp-json\/wp\/v2\/product_tag?post=16251"}],"curies":[{"name":"wp","href":"https:\/\/api.w.org\/{rel}","templated":true}]}}