{"id":16331,"date":"2025-01-28T13:38:56","date_gmt":"2025-01-28T11:38:56","guid":{"rendered":"http:\/\/flameguard.ee.dedi7782.your-server.de\/?post_type=product&#038;p=16331"},"modified":"2025-03-11T12:43:36","modified_gmt":"2025-03-11T10:43:36","slug":"tuletokkemansett-intu-fr-collar","status":"publish","type":"product","link":"https:\/\/flameguard.ee\/da\/product\/brandhaemmende-manchet-intu-fr-krave\/","title":{"rendered":"Brandmanchet \u2013 INTU FR KRAVE"},"content":{"rendered":"","protected":false},"excerpt":{"rendered":"<p><strong>Brandh\u00e6mmende manchet INTU FR KRAVE<\/strong> best\u00e5r af en fleksibel indvendig del af grafitbaseret materiale og en ydre skal lavet af 1,0 mm tyk st\u00e5lplade, beskyttet af et rustbestandigt r\u00f8dt malingslag. Fastgjort til st\u00e5lskallen er en l\u00e5semekanisme designet til at fastg\u00f8re enderne og stabilisere r\u00f8ret samt monteringsbeslag, der fastg\u00f8r cirklen til skottet. Ringene giver en brandmodstandsklasse op til maksimalt EI 240.<\/p>","protected":false},"featured_media":16333,"template":"","meta":[],"product_brand":[],"product_cat":[88],"product_tag":[],"class_list":{"0":"post-16331","1":"product","2":"type-product","3":"status-publish","4":"has-post-thumbnail","6":"product_cat-tuletokketooted","8":"first","9":"instock","10":"taxable","11":"shipping-taxable","12":"purchasable","13":"product-type-variable"},"_links":{"self":[{"href":"https:\/\/flameguard.ee\/da\/wp-json\/wp\/v2\/product\/16331","targetHints":{"allow":["GET"]}}],"collection":[{"href":"https:\/\/flameguard.ee\/da\/wp-json\/wp\/v2\/product"}],"about":[{"href":"https:\/\/flameguard.ee\/da\/wp-json\/wp\/v2\/types\/product"}],"version-history":[{"count":1,"href":"https:\/\/flameguard.ee\/da\/wp-json\/wp\/v2\/product\/16331\/revisions"}],"predecessor-version":[{"id":16332,"href":"https:\/\/flameguard.ee\/da\/wp-json\/wp\/v2\/product\/16331\/revisions\/16332"}],"wp:featuredmedia":[{"embeddable":true,"href":"https:\/\/flameguard.ee\/da\/wp-json\/wp\/v2\/media\/16333"}],"wp:attachment":[{"href":"https:\/\/flameguard.ee\/da\/wp-json\/wp\/v2\/media?parent=16331"}],"wp:term":[{"taxonomy":"product_brand","embeddable":true,"href":"https:\/\/flameguard.ee\/da\/wp-json\/wp\/v2\/product_brand?post=16331"},{"taxonomy":"product_cat","embeddable":true,"href":"https:\/\/flameguard.ee\/da\/wp-json\/wp\/v2\/product_cat?post=16331"},{"taxonomy":"product_tag","embeddable":true,"href":"https:\/\/flameguard.ee\/da\/wp-json\/wp\/v2\/product_tag?post=16331"}],"curies":[{"name":"wp","href":"https:\/\/api.w.org\/{rel}","templated":true}]}}