{"id":16418,"date":"2025-01-28T14:32:12","date_gmt":"2025-01-28T12:32:12","guid":{"rendered":"http:\/\/flameguard.ee.dedi7782.your-server.de\/?post_type=product&#038;p=16418"},"modified":"2025-03-11T10:31:36","modified_gmt":"2025-03-11T08:31:36","slug":"tuletokkevaht-intu-fr-foam-2k","status":"publish","type":"product","link":"https:\/\/flameguard.ee\/da\/product\/brandhaemmende-skum-intu-fr-skum-2k\/","title":{"rendered":"Ildskum \u2013 INTU FR FOAM 2K"},"content":{"rendered":"<p>Produktet opfylder de tekniske krav og giver effektiv beskyttelse under en r\u00e6kke forskellige forhold og situationer.<\/p>\n<p><a style=\"color: #fe312e;\" href=\"\/wp-content\/uploads\/2025\/02\/INTU_FR_FOAM_2K_TDS_EN_KO_MP_1.0.pdf\"><img decoding=\"async\" src=\"\/wp-content\/uploads\/2025\/02\/pdf-icon.webp\" \/> Produktkort<\/a><\/p>\n<p><a style=\"color: #fe312e;\" href=\"\/wp-content\/uploads\/2025\/02\/DoPZZ330-20180701-FOAM-2K.pdf\"><img decoding=\"async\" src=\"\/wp-content\/uploads\/2025\/02\/pdf-icon.webp\" \/> Erkl\u00e6ring om overensstemmelse<\/a><\/p>","protected":false},"excerpt":{"rendered":"<p><strong>INTU FR SKUM 2K<\/strong> er et opsvulmende brandbeskyttelsesskum lavet af polyurethan, med tils\u00e6tningsstoffer, der giver brandbeskyttelse. Det bruges til brandsikker t\u00e6tning af \u00e5bninger omkring kabelholderskabe, kabelbundter, br\u00e6ndbare og ikke-br\u00e6ndbare r\u00f8r. Efter p\u00e5f\u00f8ring reagerer den og \u00f8ger dens lydstyrke. I tilf\u00e6lde af brand forhindrer tokomponentskummet spredning af ild og r\u00f8g i de brandsikre skillev\u00e6gge.<\/p>\n<p><strong>INTU FR FOAM 2K funktioner:<\/strong><br \/>\nBrandsikringsklasse op til EI 120.<br \/>\nHurtig installation og forsegling i sv\u00e6rt tilg\u00e6ngelige gennemf\u00f8ringer.<br \/>\nInstallation p\u00e5 kun den ene side er mulig.<br \/>\nMeget effektiv behandling.<br \/>\nFremragende vedh\u00e6ftning til overfladen.<br \/>\nKombineret til t\u00e6tning af gennemf\u00f8ringer, kabelstiger, kabelbundter.<br \/>\nTil brug p\u00e5 plast-, aluminiumskomposit- og metalr\u00f8r.<br \/>\nTil brug i v\u00e6gge og gulve.<\/p>","protected":false},"featured_media":16420,"template":"","meta":[],"product_brand":[],"product_cat":[88],"product_tag":[],"class_list":{"0":"post-16418","1":"product","2":"type-product","3":"status-publish","4":"has-post-thumbnail","6":"product_cat-tuletokketooted","8":"first","9":"instock","10":"taxable","11":"shipping-taxable","12":"purchasable","13":"product-type-simple"},"_links":{"self":[{"href":"https:\/\/flameguard.ee\/da\/wp-json\/wp\/v2\/product\/16418","targetHints":{"allow":["GET"]}}],"collection":[{"href":"https:\/\/flameguard.ee\/da\/wp-json\/wp\/v2\/product"}],"about":[{"href":"https:\/\/flameguard.ee\/da\/wp-json\/wp\/v2\/types\/product"}],"version-history":[{"count":6,"href":"https:\/\/flameguard.ee\/da\/wp-json\/wp\/v2\/product\/16418\/revisions"}],"predecessor-version":[{"id":18658,"href":"https:\/\/flameguard.ee\/da\/wp-json\/wp\/v2\/product\/16418\/revisions\/18658"}],"wp:featuredmedia":[{"embeddable":true,"href":"https:\/\/flameguard.ee\/da\/wp-json\/wp\/v2\/media\/16420"}],"wp:attachment":[{"href":"https:\/\/flameguard.ee\/da\/wp-json\/wp\/v2\/media?parent=16418"}],"wp:term":[{"taxonomy":"product_brand","embeddable":true,"href":"https:\/\/flameguard.ee\/da\/wp-json\/wp\/v2\/product_brand?post=16418"},{"taxonomy":"product_cat","embeddable":true,"href":"https:\/\/flameguard.ee\/da\/wp-json\/wp\/v2\/product_cat?post=16418"},{"taxonomy":"product_tag","embeddable":true,"href":"https:\/\/flameguard.ee\/da\/wp-json\/wp\/v2\/product_tag?post=16418"}],"curies":[{"name":"wp","href":"https:\/\/api.w.org\/{rel}","templated":true}]}}