{"id":16434,"date":"2025-01-28T14:54:01","date_gmt":"2025-01-28T12:54:01","guid":{"rendered":"http:\/\/flameguard.ee.dedi7782.your-server.de\/?post_type=product&#038;p=16434"},"modified":"2025-03-11T10:20:04","modified_gmt":"2025-03-11T08:20:04","slug":"tuletokkesusteem-intu-fr-unicoat-p","status":"publish","type":"product","link":"https:\/\/flameguard.ee\/da\/product\/brandhaemmende-system-intu-fr-unicoat-p\/","title":{"rendered":"Brandsikringssystem \u2013 INTU FR UNICOAT P"},"content":{"rendered":"","protected":false},"excerpt":{"rendered":"<p><strong>INTU FR UNICOAT brandsikringssystem<\/strong> Best\u00e5r af brandh\u00e6mmende maling (INTU FR UNICOAT P) og mineraluld. Den er designet til at beskytte ikke-br\u00e6ndbare r\u00f8r, kabler og fiberoptiske gennemf\u00f8ringer. Malingen danner en bel\u00e6gning p\u00e5 overfladen, der udvides under p\u00e5virkning af h\u00f8je temperaturer og danner en beskyttende barriere p\u00e5 overfladen af mineraluldspladen, som skal forsegles. Bel\u00e6gningen beskytter serviceinstallationer, der passerer gennem skillev\u00e6ggen op til brandmodstandsklasse EI 120 (detaljer i overensstemmelsesdokumenter).<\/p>","protected":false},"featured_media":16438,"template":"","meta":[],"product_brand":[],"product_cat":[88],"product_tag":[],"class_list":{"0":"post-16434","1":"product","2":"type-product","3":"status-publish","4":"has-post-thumbnail","6":"product_cat-tuletokketooted","8":"first","9":"instock","10":"taxable","11":"shipping-taxable","12":"purchasable","13":"product-type-variable"},"_links":{"self":[{"href":"https:\/\/flameguard.ee\/da\/wp-json\/wp\/v2\/product\/16434","targetHints":{"allow":["GET"]}}],"collection":[{"href":"https:\/\/flameguard.ee\/da\/wp-json\/wp\/v2\/product"}],"about":[{"href":"https:\/\/flameguard.ee\/da\/wp-json\/wp\/v2\/types\/product"}],"version-history":[{"count":1,"href":"https:\/\/flameguard.ee\/da\/wp-json\/wp\/v2\/product\/16434\/revisions"}],"predecessor-version":[{"id":16437,"href":"https:\/\/flameguard.ee\/da\/wp-json\/wp\/v2\/product\/16434\/revisions\/16437"}],"wp:featuredmedia":[{"embeddable":true,"href":"https:\/\/flameguard.ee\/da\/wp-json\/wp\/v2\/media\/16438"}],"wp:attachment":[{"href":"https:\/\/flameguard.ee\/da\/wp-json\/wp\/v2\/media?parent=16434"}],"wp:term":[{"taxonomy":"product_brand","embeddable":true,"href":"https:\/\/flameguard.ee\/da\/wp-json\/wp\/v2\/product_brand?post=16434"},{"taxonomy":"product_cat","embeddable":true,"href":"https:\/\/flameguard.ee\/da\/wp-json\/wp\/v2\/product_cat?post=16434"},{"taxonomy":"product_tag","embeddable":true,"href":"https:\/\/flameguard.ee\/da\/wp-json\/wp\/v2\/product_tag?post=16434"}],"curies":[{"name":"wp","href":"https:\/\/api.w.org\/{rel}","templated":true}]}}