{"id":16444,"date":"2025-01-28T15:02:17","date_gmt":"2025-01-28T13:02:17","guid":{"rendered":"http:\/\/flameguard.ee.dedi7782.your-server.de\/?post_type=product&#038;p=16444"},"modified":"2026-04-09T08:38:16","modified_gmt":"2026-04-09T05:38:16","slug":"tuletokkevarv-intu-fr-coat-a","status":"publish","type":"product","link":"https:\/\/flameguard.ee\/da\/product\/brandsikker-stang-intu-fr-coat-a\/","title":{"rendered":"Brandbestandig bel\u00e6gning \u2013 INTU FR COAT A"},"content":{"rendered":"","protected":false},"excerpt":{"rendered":"<p><strong>NTU FR FRAKKE A<\/strong> er en en-komponent brandh\u00e6mmende maling designet til t\u00e6tning af brandh\u00e6mmende gennemf\u00f8ringer og ekspansionsfuger med en brandmodstandsklasse p\u00e5 op til EI 240. I br\u00e6ndkammeret og under p\u00e5virkning af h\u00f8je temperaturer finder en endoterm reaktion sted i produktet. Maling absorberer varme i vid udstr\u00e6kning og bremser brandens virkning p\u00e5 strukturelle elementer. Produktet anvendes i kombination med en mineraluldsplade med en densitet p\u00e5 mindst 150 kg\/m\u00b3 og en minimumstykkelse p\u00e5 60 mm til t\u00e6tning af gennemf\u00f8ringer og en densitet p\u00e5 mindst 50 kg\/m\u00b3 til t\u00e6tning af line\u00e6re samlinger. F\u00e6rdige\/fremstillede INTU FR BOARD A brandbeskyttelsespaneler er ogs\u00e5 tilg\u00e6ngelige.<\/p>","protected":false},"featured_media":16451,"template":"","meta":[],"product_brand":[],"product_cat":[88],"product_tag":[],"class_list":{"0":"post-16444","1":"product","2":"type-product","3":"status-publish","4":"has-post-thumbnail","6":"product_cat-tuletokketooted","8":"first","9":"instock","10":"taxable","11":"shipping-taxable","12":"purchasable","13":"product-type-variable"},"_links":{"self":[{"href":"https:\/\/flameguard.ee\/da\/wp-json\/wp\/v2\/product\/16444","targetHints":{"allow":["GET"]}}],"collection":[{"href":"https:\/\/flameguard.ee\/da\/wp-json\/wp\/v2\/product"}],"about":[{"href":"https:\/\/flameguard.ee\/da\/wp-json\/wp\/v2\/types\/product"}],"version-history":[{"count":2,"href":"https:\/\/flameguard.ee\/da\/wp-json\/wp\/v2\/product\/16444\/revisions"}],"predecessor-version":[{"id":19641,"href":"https:\/\/flameguard.ee\/da\/wp-json\/wp\/v2\/product\/16444\/revisions\/19641"}],"wp:featuredmedia":[{"embeddable":true,"href":"https:\/\/flameguard.ee\/da\/wp-json\/wp\/v2\/media\/16451"}],"wp:attachment":[{"href":"https:\/\/flameguard.ee\/da\/wp-json\/wp\/v2\/media?parent=16444"}],"wp:term":[{"taxonomy":"product_brand","embeddable":true,"href":"https:\/\/flameguard.ee\/da\/wp-json\/wp\/v2\/product_brand?post=16444"},{"taxonomy":"product_cat","embeddable":true,"href":"https:\/\/flameguard.ee\/da\/wp-json\/wp\/v2\/product_cat?post=16444"},{"taxonomy":"product_tag","embeddable":true,"href":"https:\/\/flameguard.ee\/da\/wp-json\/wp\/v2\/product_tag?post=16444"}],"curies":[{"name":"wp","href":"https:\/\/api.w.org\/{rel}","templated":true}]}}