{"id":16457,"date":"2025-01-28T15:09:20","date_gmt":"2025-01-28T13:09:20","guid":{"rendered":"http:\/\/flameguard.ee.dedi7782.your-server.de\/?post_type=product&#038;p=16457"},"modified":"2025-03-11T09:50:47","modified_gmt":"2025-03-11T07:50:47","slug":"paisuv-tuletokkemastiks-intu-fr-graphite","status":"publish","type":"product","link":"https:\/\/flameguard.ee\/da\/product\/ekspanderende-ildmastiks-intu-fr-grafit\/","title":{"rendered":"Ekspanderende brandmastik \u2013 INTU FR GRAPHITE"},"content":{"rendered":"","protected":false},"excerpt":{"rendered":"<p><strong>INTU FR GRAFIT<\/strong> er en grafitbaseret isolerende og ekspanderende forbindelse designet til brandsikker t\u00e6tning af br\u00e6ndbare r\u00f8r og sm\u00e5 og mellemstore \u00e5bninger. Det bruges til at forsegle f\u00f8lgende gennemf\u00f8ringer: elektriske kabler, koaksialkabler, fiberoptiske kabler og kobberr\u00f8rbundter til klimaanl\u00e6g. Massen udfylder effektivt hullerne omkring service\u00e5bningerne og sikrer, at skottet opretholder brandmodstandsklassens integritet og isolering op til EI120 (detaljer overholder referencedokumenterne). Ved h\u00f8je temperaturer (ca. 140 \u00b0C) udvider massen sig og lukker \u00e5bningen, hvilket forhindrer ilden i at sprede sig.<\/p>","protected":false},"featured_media":16461,"template":"","meta":[],"product_brand":[],"product_cat":[88],"product_tag":[],"class_list":{"0":"post-16457","1":"product","2":"type-product","3":"status-publish","4":"has-post-thumbnail","6":"product_cat-tuletokketooted","8":"first","9":"instock","10":"taxable","11":"shipping-taxable","12":"purchasable","13":"product-type-simple"},"_links":{"self":[{"href":"https:\/\/flameguard.ee\/da\/wp-json\/wp\/v2\/product\/16457","targetHints":{"allow":["GET"]}}],"collection":[{"href":"https:\/\/flameguard.ee\/da\/wp-json\/wp\/v2\/product"}],"about":[{"href":"https:\/\/flameguard.ee\/da\/wp-json\/wp\/v2\/types\/product"}],"version-history":[{"count":2,"href":"https:\/\/flameguard.ee\/da\/wp-json\/wp\/v2\/product\/16457\/revisions"}],"predecessor-version":[{"id":18656,"href":"https:\/\/flameguard.ee\/da\/wp-json\/wp\/v2\/product\/16457\/revisions\/18656"}],"wp:featuredmedia":[{"embeddable":true,"href":"https:\/\/flameguard.ee\/da\/wp-json\/wp\/v2\/media\/16461"}],"wp:attachment":[{"href":"https:\/\/flameguard.ee\/da\/wp-json\/wp\/v2\/media?parent=16457"}],"wp:term":[{"taxonomy":"product_brand","embeddable":true,"href":"https:\/\/flameguard.ee\/da\/wp-json\/wp\/v2\/product_brand?post=16457"},{"taxonomy":"product_cat","embeddable":true,"href":"https:\/\/flameguard.ee\/da\/wp-json\/wp\/v2\/product_cat?post=16457"},{"taxonomy":"product_tag","embeddable":true,"href":"https:\/\/flameguard.ee\/da\/wp-json\/wp\/v2\/product_tag?post=16457"}],"curies":[{"name":"wp","href":"https:\/\/api.w.org\/{rel}","templated":true}]}}