{"id":16650,"date":"2025-02-04T13:24:27","date_gmt":"2025-02-04T11:24:27","guid":{"rendered":"http:\/\/flameguard.ee.dedi7782.your-server.de\/?post_type=product&#038;p=16650"},"modified":"2025-03-07T15:04:55","modified_gmt":"2025-03-07T13:04:55","slug":"esmaabi-grupikoolitus-8-h","status":"publish","type":"product","link":"https:\/\/flameguard.ee\/da\/product\/forstehjaelp-gruppetraening-8-h\/","title":{"rendered":"F\u00f8rstehj\u00e6lpsgruppetr\u00e6ning (8 timer)"},"content":{"rendered":"<p><span data-contrast=\"auto\">Vores tr\u00e6ninger udf\u00f8res af autoriserede tr\u00e6nere. Tr\u00e6nerne er specialister inden for deres felt, hvilket g\u00f8r tr\u00e6ningerne praktiske og engagerende. Efter en vellykket gennemf\u00f8relse af uddannelsen udstedes et certifikat, der er accepteret af tilsynsmyndighederne.<\/span><span data-ccp-props=\"{&quot;201341983&quot;:0,&quot;335559739&quot;:0,&quot;335559740&quot;:240}\">\u00a0<\/span><\/p>\n<p><span data-contrast=\"auto\">\u00a0<\/span><span data-ccp-props=\"{&quot;201341983&quot;:0,&quot;335559739&quot;:0,&quot;335559740&quot;:240}\">\u00a0<\/span><\/p>","protected":false},"excerpt":{"rendered":"<p><span data-contrast=\"auto\">Form\u00e5let med f\u00f8rstehj\u00e6lpstr\u00e6ningen er at give deltagerne den grundl\u00e6ggende viden og praktiske f\u00e6rdigheder til at hj\u00e6lpe ofre i tilf\u00e6lde af ulykker og yde f\u00f8rstehj\u00e6lp.<\/span><span data-ccp-props=\"{&quot;201341983&quot;:0,&quot;335559739&quot;:0,&quot;335559740&quot;:240}\">\u00a0<\/span><br \/>\n<span data-contrast=\"auto\">Hvis du har brug for intern tr\u00e6ning i din organisation, kan vi lave en f\u00f8rstehj\u00e6lpstr\u00e6ning, der er skr\u00e6ddersyet til dine behov.<\/span><span data-ccp-props=\"{&quot;201341983&quot;:0,&quot;335559739&quot;:0,&quot;335559740&quot;:240}\">\u00a0<\/span><br \/>\n<span data-contrast=\"auto\">F\u00f8rstehj\u00e6lpskurser tilrettel\u00e6gges i klassen eller i realtid (online).<\/span><span data-ccp-props=\"{&quot;201341983&quot;:0,&quot;335559739&quot;:0,&quot;335559740&quot;:240}\">\u00a0<\/span><br \/>\n<span data-contrast=\"auto\">Ud over de lovm\u00e6ssige krav er f\u00f8rstehj\u00e6lp en meget vigtig f\u00e6rdighed i hverdagen, der kan redde nogens liv. <\/span><\/p>\n<p><span data-contrast=\"auto\">Op til 12 deltagere kan tilmelde sig gruppetr\u00e6ningen.<\/span><span data-ccp-props=\"{&quot;201341983&quot;:0,&quot;335559739&quot;:0,&quot;335559740&quot;:240}\">\u00a0<\/span><\/p>\n<p>Tr\u00e6ningerne kan bestilles p\u00e5 estisk, engelsk og russisk.<\/p>\n<p><strong>Hvis du har sp\u00f8rgsm\u00e5l eller s\u00e6rlige \u00f8nsker, er du velkommen til at kontakte os.\u00a0<\/strong><\/p>\n<p><strong>\u00a0<\/strong><\/p>","protected":false},"featured_media":18383,"template":"","meta":[],"product_brand":[],"product_cat":[124,116,119],"product_tag":[],"class_list":{"0":"post-16650","1":"product","2":"type-product","3":"status-publish","4":"has-post-thumbnail","6":"product_cat-koolitamine","7":"product_cat-teenused","8":"product_cat-tooohutus-ja-tervishoid","10":"first","11":"instock","12":"virtual","13":"taxable","14":"purchasable","15":"product-type-simple"},"_links":{"self":[{"href":"https:\/\/flameguard.ee\/da\/wp-json\/wp\/v2\/product\/16650","targetHints":{"allow":["GET"]}}],"collection":[{"href":"https:\/\/flameguard.ee\/da\/wp-json\/wp\/v2\/product"}],"about":[{"href":"https:\/\/flameguard.ee\/da\/wp-json\/wp\/v2\/types\/product"}],"version-history":[{"count":7,"href":"https:\/\/flameguard.ee\/da\/wp-json\/wp\/v2\/product\/16650\/revisions"}],"predecessor-version":[{"id":18402,"href":"https:\/\/flameguard.ee\/da\/wp-json\/wp\/v2\/product\/16650\/revisions\/18402"}],"wp:featuredmedia":[{"embeddable":true,"href":"https:\/\/flameguard.ee\/da\/wp-json\/wp\/v2\/media\/18383"}],"wp:attachment":[{"href":"https:\/\/flameguard.ee\/da\/wp-json\/wp\/v2\/media?parent=16650"}],"wp:term":[{"taxonomy":"product_brand","embeddable":true,"href":"https:\/\/flameguard.ee\/da\/wp-json\/wp\/v2\/product_brand?post=16650"},{"taxonomy":"product_cat","embeddable":true,"href":"https:\/\/flameguard.ee\/da\/wp-json\/wp\/v2\/product_cat?post=16650"},{"taxonomy":"product_tag","embeddable":true,"href":"https:\/\/flameguard.ee\/da\/wp-json\/wp\/v2\/product_tag?post=16650"}],"curies":[{"name":"wp","href":"https:\/\/api.w.org\/{rel}","templated":true}]}}