{"id":16655,"date":"2025-02-04T13:25:51","date_gmt":"2025-02-04T11:25:51","guid":{"rendered":"http:\/\/flameguard.ee.dedi7782.your-server.de\/?post_type=product&#038;p=16655"},"modified":"2025-03-08T19:53:50","modified_gmt":"2025-03-08T17:53:50","slug":"kohaliku-omavalitsuse-sisekoolitused","status":"publish","type":"product","link":"https:\/\/flameguard.ee\/da\/product\/lokal-kommune-interne-traeninger\/","title":{"rendered":"Lokale myndigheders interne kurser"},"content":{"rendered":"<p><span data-contrast=\"auto\">Under uddannelsen er det muligt at d\u00e6kke f\u00f8lgende emner:<\/span><span data-ccp-props=\"{&quot;201341983&quot;:0,&quot;335559739&quot;:0,&quot;335559740&quot;:240}\">\u00a0<\/span><\/p>\n<p><span data-ccp-props=\"{&quot;201341983&quot;:0,&quot;335559739&quot;:0,&quot;335559740&quot;:240}\">\u00a0<\/span><b><span data-contrast=\"auto\">Vurdering af brandrisiko<\/span><\/b><br \/>\n<span data-contrast=\"auto\">1. Vurdering af brandsikkerhedsrisici i omr\u00e5det.<\/span><br \/>\n<span data-contrast=\"auto\">2. Vurdering af brandsikkerhedsrisici for bygningen og omr\u00e5det.<\/span><\/p>\n<p><b><span data-contrast=\"auto\">Vurdering af strukturel brandsikkerhed<\/span><\/b><br \/>\n<span data-contrast=\"auto\">1. Vurdering af, om en bygning, en del af en bygnings eller et bygningsdesign opfylder brandsikkerhedskravene.<\/span><br \/>\n<span data-contrast=\"auto\">2. Vurdering af brandsikkerhedsinstallationers overensstemmelse med kravene.<\/span><br \/>\n<span data-contrast=\"auto\">3. Vurdering af produkters overensstemmelse med brandsikkerhedskravene.<\/span><br \/>\n<span data-contrast=\"auto\">4. Vurdering af brandsikkerhedskrav til tjenester.<\/span><br \/>\n<span data-contrast=\"auto\">5. Udarbejdelse af vurderingen.<\/span><br \/>\n<span data-contrast=\"auto\">6. Levering af brandsikkerhedsr\u00e5dgivning.<\/span><\/p>\n<p><b><span data-contrast=\"auto\">Vurdering af organisatorisk brandsikkerhed<\/span><\/b><br \/>\n<span data-contrast=\"auto\">1. Vurdering af korrekt anvendelse af omr\u00e5det\/bygningen\/rummet, installation og udstyr.<\/span><br \/>\n<span data-contrast=\"auto\">2. Vurdering af brandsikkerhedsstyringen af en bygning, institution eller virksomhed.<\/span><br \/>\n<span data-contrast=\"auto\">3. Udarbejdelse af vurderingen.<\/span><br \/>\n<span data-contrast=\"auto\">4. Udarbejdelse\/opdatering af dokumentation.<\/span><\/p>\n<p><b><span data-contrast=\"auto\">Information og r\u00e5dgivning om brandsikkerhed<\/span><\/b><br \/>\n<span data-contrast=\"auto\">1. Meddelelse om brandsikkerhedskrav.<\/span><br \/>\n<span data-contrast=\"auto\">2. R\u00e5dgivning om brandsikkerhed.<\/span><\/p>\n<p><b><span data-contrast=\"auto\">Gennemf\u00f8relse af en ekspertvurdering og revision af den s\u00e6rlige del af brandsikkerhed<\/span><\/b><br \/>\n<span data-contrast=\"auto\">1. Gennemf\u00f8relse af en sagkyndig vurdering af den s\u00e6rlige brandsikkerhedsdel af byggeprojektet.<\/span><br \/>\n<span data-contrast=\"auto\">2. Udf\u00f8relse af en brandsikkerhedsrevision af bygningen.<\/span><br \/>\n<span data-contrast=\"auto\">3. Udv\u00e6lgelse og inddragelse af eksperter\/specialister.<\/span><br \/>\n<span data-contrast=\"auto\">4. Evaluering af eksisterende data, ans\u00f8gning om yderligere materiale og yderligere unders\u00f8gelser.<\/span><br \/>\n<span data-contrast=\"auto\">5. Koordinering af arbejdsprocessen.<\/span><br \/>\n<span data-contrast=\"auto\">6. Analyse af data.<\/span><br \/>\n<span data-contrast=\"auto\">7. Udarbejdelse af en sammenfattende sagkyndig\/revisionsrapport.<\/span><br \/>\n<span data-contrast=\"auto\">8. Udvikling af strukturelle brandsikkerhedsl\u00f8sninger til en bygning eller en del heraf.<\/span><br \/>\n<span data-contrast=\"auto\">9. Forel\u00e6ggelse og forsvar af sagkyndige\/revisionsp\u00e5tegninger.<\/span><br \/>\n<span data-contrast=\"auto\">10. Brandsikkerhedsekspert niveau 6 kvalifikationer og samarbejdsmuligheder<\/span><\/p>\n<p><b><span data-contrast=\"auto\">Liste over standarder relateret til brandsikkerhedsdelen af bygningsdesignet, der kan behandles under uddannelsen\u00a0<\/span><\/b><\/p>\n<ol>\n<li><span data-contrast=\"auto\">EVS 812-2:2014+AC:2017 \u2013 Brandsikkerhed i bygninger. Del 2: Ventilationssystemer<\/span><\/li>\n<li><span data-contrast=\"auto\">EVS 812-3:2018 \u2013 Brandsikkerhed i bygninger. Del 3: Varmesystemer<\/span><\/li>\n<li><span data-contrast=\"auto\"> EVS 812-4:2018 \u2013 Brandsikkerhed i bygninger. Del 4: Brandsikkerhed i industri- og lagerbygninger og garager<\/span><\/li>\n<li><span data-contrast=\"auto\"> EVS 812-5:2014 \u2013 Brandsikkerhed i bygninger. Del 5: Brandsikkerhed for br\u00e6ndstofterminaler og tankstationer<\/span><\/li>\n<li><span data-contrast=\"auto\"> EVS 812-6:2012+A1:2013+AC:2016+A2:2017 \u2013 Brandsikkerhed i bygninger. Del 6: Brandvandsforsyning<\/span><\/li>\n<li><span data-contrast=\"auto\"> EVS 812-7:2018 \u2013 Brandsikkerhed i bygninger. Del 7: Brandsikkerhedskrav til bygninger<\/span><\/li>\n<li><span data-contrast=\"auto\"> EVS 812-8:2018 \u2013 Brandsikkerhed i bygninger. Del 8: Brandsikkerhed i h\u00f8jhuse<\/span><\/li>\n<li><span data-contrast=\"auto\"> EVS 871:2017 \u2013 Brand- og evakuerings\u00e5bninger og -inventar<\/span><\/li>\n<li><span data-contrast=\"auto\"> EVS-EN 1838:2013 \u2013 N\u00f8dbelysning af belysningsudstyr<\/span><\/li>\n<li><span data-contrast=\"auto\"> EVS-EN 50172:2005 \u2013 N\u00f8dbelysningssystemer til evakuering<\/span><\/li>\n<li><span data-contrast=\"auto\"> CEN\/TS 54-14:2004 \u2013 Automatisk brandalarmanl\u00e6g: Regler for planl\u00e6gning, design, installation, inspektion, drift og vedligeholdelse<\/span><\/li>\n<li><span data-contrast=\"auto\"> EVS-EN 12845:2015 \u2013 Station\u00e6re brandslukningssystemer. Automatiske sprinkleranl\u00e6g. Design, installation og vedligeholdelse.<\/span><\/li>\n<li><span data-contrast=\"auto\"> EVS-EN 15004-1:2008 \u2013 Station\u00e6re brandslukningssystemer. Gasslukningssystemer: Design, <\/span><span data-contrast=\"auto\">Installation og vedligeholdelse<\/span><span data-ccp-props=\"{&quot;201341983&quot;:0,&quot;335559739&quot;:0,&quot;335559740&quot;:240}\">\u00a0<\/span><\/li>\n<li><span data-contrast=\"auto\"> EVS-EN 62305-1:2011+AC:2016 \u2013 Lynbeskyttelse. Del 1: Generelle principper<\/span><\/li>\n<li><span data-contrast=\"auto\"> EVS-EN 62305-2:2013 \u2013 Lynbeskyttelse. Del 2: Risikoanalyse<\/span><\/li>\n<li><span data-contrast=\"auto\"> EVS-EN 62305-3:2011 \u2013 Beskyttelse mod lynnedslag. Del 3: Fysisk skade p\u00e5 bygninger og livsfare<\/span><\/li>\n<li><span data-contrast=\"auto\"> EVS-EN 62305-4:2011+AC:2016 \u2013 Elektriske og elektroniske systemer i bygninger<\/span><\/li>\n<li><span data-contrast=\"auto\"> EVS 919:2013+A1:2014 \u2013 R\u00f8gkontrol. Design, installation og vedligeholdelse af udstyr<\/span><\/li>\n<\/ol>\n<p><span data-contrast=\"auto\">NB! Ved l\u00e6sning og fortolkning af et byggeprojekt skal gyldigheden af den specifikke standard kontrolleres af Center for Standardisering (www.evs.ee).<\/span><span data-ccp-props=\"{&quot;201341983&quot;:0,&quot;335559739&quot;:0,&quot;335559740&quot;:240}\">\u00a0<\/span><\/p>","protected":false},"excerpt":{"rendered":"<p><span data-contrast=\"auto\">Uddannelsen introducerer brandsikkerhedskravene til byggeprojekter til lokale myndigheders specialister og forklarer, hvordan bygningers sikkerhed skal sikres i overensstemmelse med g\u00e6ldende love og standarder.\u00a0<\/span><span data-ccp-props=\"{&quot;201341983&quot;:0,&quot;335559739&quot;:0,&quot;335559740&quot;:240}\">\u00a0<\/span><\/p>\n<p><b><span data-contrast=\"auto\">Fra og med 01.03.2021 er brandsikkerhedsuddannelse kun tilladt for brandsikkerhedsspecialister (niveau 5) eller brandsikkerhedseksperter (niveau 5) med et fagligt certifikat<\/span><\/b><span data-contrast=\"auto\"> 6) som ogs\u00e5 har den relevante kompetence til at gennemf\u00f8re uddannelse. Vi anbefaler at tjekke tr\u00e6nerens baggrund <\/span><span style=\"color: #ff6600;\"><a style=\"color: #ff6600;\" href=\"http:\/\/www.kutsekoda.ee\/\">www.kutsekoda.ee<\/a>\u00a0<\/span><\/p>\n<p>Tr\u00e6ningerne kan bestilles p\u00e5 estisk, engelsk og russisk.<\/p>\n<p><strong>Hvis du har sp\u00f8rgsm\u00e5l og \u00f8nsker en personlig gruppetr\u00e6ning, er du velkommen til at kontakte os.\u00a0\u00a0<\/strong><\/p>\n<p>&nbsp;<\/p>","protected":false},"featured_media":18373,"template":"","meta":[],"product_brand":[],"product_cat":[122,121,124,120,116,119,118],"product_tag":[],"class_list":{"0":"post-16655","1":"product","2":"type-product","3":"status-publish","4":"has-post-thumbnail","6":"product_cat-auditeerimine","7":"product_cat-keskkonnajuhtimine","8":"product_cat-koolitamine","9":"product_cat-kvaliteedijuhtimine","10":"product_cat-teenused","11":"product_cat-tooohutus-ja-tervishoid","12":"product_cat-tuleohutus","14":"first","15":"instock","16":"virtual","17":"taxable","18":"purchasable","19":"product-type-simple"},"_links":{"self":[{"href":"https:\/\/flameguard.ee\/da\/wp-json\/wp\/v2\/product\/16655","targetHints":{"allow":["GET"]}}],"collection":[{"href":"https:\/\/flameguard.ee\/da\/wp-json\/wp\/v2\/product"}],"about":[{"href":"https:\/\/flameguard.ee\/da\/wp-json\/wp\/v2\/types\/product"}],"version-history":[{"count":11,"href":"https:\/\/flameguard.ee\/da\/wp-json\/wp\/v2\/product\/16655\/revisions"}],"predecessor-version":[{"id":18409,"href":"https:\/\/flameguard.ee\/da\/wp-json\/wp\/v2\/product\/16655\/revisions\/18409"}],"wp:featuredmedia":[{"embeddable":true,"href":"https:\/\/flameguard.ee\/da\/wp-json\/wp\/v2\/media\/18373"}],"wp:attachment":[{"href":"https:\/\/flameguard.ee\/da\/wp-json\/wp\/v2\/media?parent=16655"}],"wp:term":[{"taxonomy":"product_brand","embeddable":true,"href":"https:\/\/flameguard.ee\/da\/wp-json\/wp\/v2\/product_brand?post=16655"},{"taxonomy":"product_cat","embeddable":true,"href":"https:\/\/flameguard.ee\/da\/wp-json\/wp\/v2\/product_cat?post=16655"},{"taxonomy":"product_tag","embeddable":true,"href":"https:\/\/flameguard.ee\/da\/wp-json\/wp\/v2\/product_tag?post=16655"}],"curies":[{"name":"wp","href":"https:\/\/api.w.org\/{rel}","templated":true}]}}