{"id":16657,"date":"2025-02-04T13:26:12","date_gmt":"2025-02-04T11:26:12","guid":{"rendered":"http:\/\/flameguard.ee.dedi7782.your-server.de\/?post_type=product&#038;p=16657"},"modified":"2025-03-07T15:51:59","modified_gmt":"2025-03-07T13:51:59","slug":"tootajate-tuleohutusalane-juhendamine","status":"publish","type":"product","link":"https:\/\/flameguard.ee\/da\/product\/medarbejdere-brand-sikkerhed-instruktion\/","title":{"rendered":"Brandsikkerhedsinstruktion for medarbejdere"},"content":{"rendered":"<p><b><span data-contrast=\"auto\">Generel del af brandsikkerhedsinstruktionen:<\/span><\/b><span data-ccp-props=\"{&quot;201341983&quot;:0,&quot;335559739&quot;:0,&quot;335559740&quot;:240}\">\u00a0<\/span><\/p>\n<ul>\n<li data-leveltext=\"\uf0b7\" data-font=\"Symbol\" data-listid=\"5\" data-list-defn-props=\"{&quot;335552541&quot;:1,&quot;335559685&quot;:720,&quot;335559991&quot;:360,&quot;469769226&quot;:&quot;Symbol&quot;,&quot;469769242&quot;:[8226],&quot;469777803&quot;:&quot;left&quot;,&quot;469777804&quot;:&quot;\uf0b7&quot;,&quot;469777815&quot;:&quot;hybridMultilevel&quot;}\" aria-setsize=\"-1\" data-aria-posinset=\"1\" data-aria-level=\"1\"><span data-contrast=\"auto\">Indf\u00f8relse af brandsikkerhedskrav.<\/span><span data-ccp-props=\"{&quot;201341983&quot;:0,&quot;335559739&quot;:0,&quot;335559740&quot;:240}\">\u00a0<\/span><\/li>\n<\/ul>\n<ul>\n<li data-leveltext=\"\uf0b7\" data-font=\"Symbol\" data-listid=\"5\" data-list-defn-props=\"{&quot;335552541&quot;:1,&quot;335559685&quot;:720,&quot;335559991&quot;:360,&quot;469769226&quot;:&quot;Symbol&quot;,&quot;469769242&quot;:[8226],&quot;469777803&quot;:&quot;left&quot;,&quot;469777804&quot;:&quot;\uf0b7&quot;,&quot;469777815&quot;:&quot;hybridMultilevel&quot;}\" aria-setsize=\"-1\" data-aria-posinset=\"2\" data-aria-level=\"1\"><span data-contrast=\"auto\">Kendskab til stedets generelle og positionsspecifikke brandsikkerhedsinstruktioner.<\/span><span data-ccp-props=\"{&quot;201341983&quot;:0,&quot;335559739&quot;:0,&quot;335559740&quot;:240}\">\u00a0<\/span><\/li>\n<\/ul>\n<ul>\n<li data-leveltext=\"\uf0b7\" data-font=\"Symbol\" data-listid=\"5\" data-list-defn-props=\"{&quot;335552541&quot;:1,&quot;335559685&quot;:720,&quot;335559991&quot;:360,&quot;469769226&quot;:&quot;Symbol&quot;,&quot;469769242&quot;:[8226],&quot;469777803&quot;:&quot;left&quot;,&quot;469777804&quot;:&quot;\uf0b7&quot;,&quot;469777815&quot;:&quot;hybridMultilevel&quot;}\" aria-setsize=\"-1\" data-aria-posinset=\"3\" data-aria-level=\"1\"><span data-contrast=\"auto\">Introduktion af risici for ant\u00e6ndelighed og eksplosive farer og bygningens s\u00e6rlige forhold.<\/span><span data-ccp-props=\"{&quot;201341983&quot;:0,&quot;335559739&quot;:0,&quot;335559740&quot;:240}\">\u00a0<\/span><\/li>\n<\/ul>\n<ul>\n<li data-leveltext=\"\uf0b7\" data-font=\"Symbol\" data-listid=\"5\" data-list-defn-props=\"{&quot;335552541&quot;:1,&quot;335559685&quot;:720,&quot;335559991&quot;:360,&quot;469769226&quot;:&quot;Symbol&quot;,&quot;469769242&quot;:[8226],&quot;469777803&quot;:&quot;left&quot;,&quot;469777804&quot;:&quot;\uf0b7&quot;,&quot;469777815&quot;:&quot;hybridMultilevel&quot;}\" aria-setsize=\"-1\" data-aria-posinset=\"4\" data-aria-level=\"1\"><span data-contrast=\"auto\">Forst\u00e5else af mulige \u00e5rsager til brand og foranstaltninger til at forhindre dem.<\/span><span data-ccp-props=\"{&quot;201341983&quot;:0,&quot;335559739&quot;:0,&quot;335559740&quot;:240}\">\u00a0<\/span><\/li>\n<\/ul>\n<ul>\n<li data-leveltext=\"\uf0b7\" data-font=\"Symbol\" data-listid=\"5\" data-list-defn-props=\"{&quot;335552541&quot;:1,&quot;335559685&quot;:720,&quot;335559991&quot;:360,&quot;469769226&quot;:&quot;Symbol&quot;,&quot;469769242&quot;:[8226],&quot;469777803&quot;:&quot;left&quot;,&quot;469777804&quot;:&quot;\uf0b7&quot;,&quot;469777815&quot;:&quot;hybridMultilevel&quot;}\" aria-setsize=\"-1\" data-aria-posinset=\"5\" data-aria-level=\"1\"><span data-contrast=\"auto\">At handle i tilf\u00e6lde af brand eller anden ulykke (tilkaldelse af brandsluknings- og redningshold, evakuering af personer, brug af prim\u00e6rt brandslukningsudstyr osv.).<\/span><span data-ccp-props=\"{&quot;201341983&quot;:0,&quot;335559739&quot;:0,&quot;335559740&quot;:240}\">\u00a0<\/span><\/li>\n<\/ul>\n<ul>\n<li data-leveltext=\"\uf0b7\" data-font=\"Symbol\" data-listid=\"5\" data-list-defn-props=\"{&quot;335552541&quot;:1,&quot;335559685&quot;:720,&quot;335559991&quot;:360,&quot;469769226&quot;:&quot;Symbol&quot;,&quot;469769242&quot;:[8226],&quot;469777803&quot;:&quot;left&quot;,&quot;469777804&quot;:&quot;\uf0b7&quot;,&quot;469777815&quot;:&quot;hybridMultilevel&quot;}\" aria-setsize=\"-1\" data-aria-posinset=\"6\" data-aria-level=\"1\"><span data-contrast=\"auto\">Viden om, hvordan man forebygger brande.<\/span><span data-ccp-props=\"{&quot;201341983&quot;:0,&quot;335559739&quot;:0,&quot;335559740&quot;:240}\">\u00a0<\/span><\/li>\n<\/ul>","protected":false},"excerpt":{"rendered":"<p><span data-contrast=\"auto\">Ved arbejdets p\u00e5begyndelse skal alle medarbejdere gennemg\u00e5 brandsikkerhedsinstruktion. Dette omfatter viden om de procedurer, der er n\u00f8dvendige for at forhindre en brand, evakueringsplaner, brug af brandslukningsudstyr og sikkerhedsregler. Mange institutioner har separate ansvarlige personer, der organiserer brandsikringen og sikrer, at alle krav overholdes. Disse personer instruerer medarbejdere, gennemf\u00f8rer regelm\u00e6ssige \u00f8velser og gennemf\u00f8rer risikovurderinger. Vi uddanner forskellige organisationer over hele Estland og tilpasser undervisningen efter arbejdets art. I produktionsvirksomheder fokuserer vi f.eks. mere p\u00e5 maskin- og udstyrssikkerhed, mens vi i kontorbygninger l\u00e6gger v\u00e6gt p\u00e5 evakueringsadf\u00e6rd og elektrisk sikkerhed. Under tr\u00e6ningerne kan vi gennemf\u00f8re praktiske \u00f8velser, hvor medarbejderne kan afpr\u00f8ve brugen af ildslukkere og andet udstyr i et kontrolleret milj\u00f8. Derudover tilbyder vi ogs\u00e5 online kurser, der giver mulighed for fleksibel l\u00e6ring og opdatering af din viden med j\u00e6vne mellemrum.<\/span><span data-ccp-props=\"{&quot;201341983&quot;:0,&quot;335559739&quot;:0,&quot;335559740&quot;:240}\">\u00a0<\/span><\/p>\n<p><b><span data-contrast=\"auto\">Fra og med 01.03.2021 er brandsikkerhedsuddannelse kun tilladt for brandsikkerhedsspecialister (niveau 5) eller brandsikkerhedseksperter (niveau 5) med et fagligt certifikat<\/span><\/b><span data-contrast=\"auto\"><strong> 6)<\/strong>, som ogs\u00e5 har den relevante kompetence til at gennemf\u00f8re uddannelser. Vi anbefaler at tjekke tr\u00e6nerens baggrund <\/span><span style=\"color: #ff6600;\"><a style=\"color: #ff6600;\" href=\"http:\/\/www.kutsekoda.ee\/\">www.kutsekoda.ee<\/a><\/span><\/p>\n<p>Tr\u00e6ningerne kan bestilles p\u00e5 estisk, engelsk og russisk.<\/p>\n<p>&nbsp;<\/p>","protected":false},"featured_media":18413,"template":"","meta":[],"product_brand":[],"product_cat":[124,116,119,118],"product_tag":[],"class_list":{"0":"post-16657","1":"product","2":"type-product","3":"status-publish","4":"has-post-thumbnail","6":"product_cat-koolitamine","7":"product_cat-teenused","8":"product_cat-tooohutus-ja-tervishoid","9":"product_cat-tuleohutus","11":"first","12":"instock","13":"virtual","14":"taxable","15":"purchasable","16":"product-type-simple"},"_links":{"self":[{"href":"https:\/\/flameguard.ee\/da\/wp-json\/wp\/v2\/product\/16657","targetHints":{"allow":["GET"]}}],"collection":[{"href":"https:\/\/flameguard.ee\/da\/wp-json\/wp\/v2\/product"}],"about":[{"href":"https:\/\/flameguard.ee\/da\/wp-json\/wp\/v2\/types\/product"}],"version-history":[{"count":4,"href":"https:\/\/flameguard.ee\/da\/wp-json\/wp\/v2\/product\/16657\/revisions"}],"predecessor-version":[{"id":18418,"href":"https:\/\/flameguard.ee\/da\/wp-json\/wp\/v2\/product\/16657\/revisions\/18418"}],"wp:featuredmedia":[{"embeddable":true,"href":"https:\/\/flameguard.ee\/da\/wp-json\/wp\/v2\/media\/18413"}],"wp:attachment":[{"href":"https:\/\/flameguard.ee\/da\/wp-json\/wp\/v2\/media?parent=16657"}],"wp:term":[{"taxonomy":"product_brand","embeddable":true,"href":"https:\/\/flameguard.ee\/da\/wp-json\/wp\/v2\/product_brand?post=16657"},{"taxonomy":"product_cat","embeddable":true,"href":"https:\/\/flameguard.ee\/da\/wp-json\/wp\/v2\/product_cat?post=16657"},{"taxonomy":"product_tag","embeddable":true,"href":"https:\/\/flameguard.ee\/da\/wp-json\/wp\/v2\/product_tag?post=16657"}],"curies":[{"name":"wp","href":"https:\/\/api.w.org\/{rel}","templated":true}]}}