{"id":16661,"date":"2025-02-04T13:27:02","date_gmt":"2025-02-04T11:27:02","guid":{"rendered":"http:\/\/flameguard.ee.dedi7782.your-server.de\/?post_type=product&#038;p=16661"},"modified":"2025-03-07T15:07:13","modified_gmt":"2025-03-07T13:07:13","slug":"tulekustutusharjutus","status":"publish","type":"product","link":"https:\/\/flameguard.ee\/da\/product\/brandslukningsovelse\/","title":{"rendered":"Brandsluknings\u00f8velse"},"content":{"rendered":"<p><span data-contrast=\"auto\">Vores tr\u00e6ninger udf\u00f8res af autoriserede tr\u00e6nere. Tr\u00e6nerne er specialister inden for deres felt, hvilket g\u00f8r tr\u00e6ningerne praktiske og engagerende. <\/span><span data-ccp-props=\"{&quot;201341983&quot;:0,&quot;335559739&quot;:0,&quot;335559740&quot;:240}\">\u00a0<\/span><\/p>\n<p><strong>Tr\u00e6ningen kan integreres med en anden holdtr\u00e6ning p\u00e5 sommerdage, informationsdage eller i forbindelse med indvielse af en ny bygning.<\/strong><span data-ccp-props=\"{&quot;201341983&quot;:0,&quot;335559739&quot;:0,&quot;335559740&quot;:240}\">\u00a0<\/span><\/p>","protected":false},"excerpt":{"rendered":"<p><span data-contrast=\"auto\">Brandsluknings\u00f8velse<\/span> <span data-contrast=\"auto\">Form\u00e5let er at give deltagerne den vigtigste viden og praktiske f\u00e6rdigheder om, hvordan man bruger ildslukkere i tilf\u00e6lde af brand.<\/span><span data-ccp-props=\"{&quot;201341983&quot;:0,&quot;335559739&quot;:0,&quot;335559740&quot;:240}\">\u00a0<\/span><span data-contrast=\"auto\">Har du brug for intern tr\u00e6ning i din organisation, kan vi lave en brandsluknings\u00f8velse, der opfylder dine behov.<\/span><span data-ccp-props=\"{&quot;201341983&quot;:0,&quot;335559739&quot;:0,&quot;335559740&quot;:240}\">\u00a0<\/span><span data-contrast=\"auto\">Tr\u00e6ningen foreg\u00e5r udend\u00f8rs, og vi bruger enten en skumtr\u00e6ningsslukker eller rigtige ildslukkere, der bruges i virksomheden. Op til 30 deltagere kan tilmelde sig gruppetr\u00e6ningen.<\/span><span data-ccp-props=\"{&quot;201341983&quot;:0,&quot;335559739&quot;:0,&quot;335559740&quot;:240}\">\u00a0<\/span><\/p>\n<p>Tr\u00e6ningerne kan bestilles p\u00e5 estisk, engelsk og russisk.<\/p>\n<p><strong>Hvis du har sp\u00f8rgsm\u00e5l eller s\u00e6rlige \u00f8nsker, er du velkommen til at kontakte os.\u00a0\u00a0<\/strong><\/p>\n<p>&nbsp;<\/p>","protected":false},"featured_media":18367,"template":"","meta":[],"product_brand":[],"product_cat":[124,116,118],"product_tag":[],"class_list":{"0":"post-16661","1":"product","2":"type-product","3":"status-publish","4":"has-post-thumbnail","6":"product_cat-koolitamine","7":"product_cat-teenused","8":"product_cat-tuleohutus","10":"first","11":"instock","12":"virtual","13":"taxable","14":"purchasable","15":"product-type-simple"},"_links":{"self":[{"href":"https:\/\/flameguard.ee\/da\/wp-json\/wp\/v2\/product\/16661","targetHints":{"allow":["GET"]}}],"collection":[{"href":"https:\/\/flameguard.ee\/da\/wp-json\/wp\/v2\/product"}],"about":[{"href":"https:\/\/flameguard.ee\/da\/wp-json\/wp\/v2\/types\/product"}],"version-history":[{"count":5,"href":"https:\/\/flameguard.ee\/da\/wp-json\/wp\/v2\/product\/16661\/revisions"}],"predecessor-version":[{"id":18404,"href":"https:\/\/flameguard.ee\/da\/wp-json\/wp\/v2\/product\/16661\/revisions\/18404"}],"wp:featuredmedia":[{"embeddable":true,"href":"https:\/\/flameguard.ee\/da\/wp-json\/wp\/v2\/media\/18367"}],"wp:attachment":[{"href":"https:\/\/flameguard.ee\/da\/wp-json\/wp\/v2\/media?parent=16661"}],"wp:term":[{"taxonomy":"product_brand","embeddable":true,"href":"https:\/\/flameguard.ee\/da\/wp-json\/wp\/v2\/product_brand?post=16661"},{"taxonomy":"product_cat","embeddable":true,"href":"https:\/\/flameguard.ee\/da\/wp-json\/wp\/v2\/product_cat?post=16661"},{"taxonomy":"product_tag","embeddable":true,"href":"https:\/\/flameguard.ee\/da\/wp-json\/wp\/v2\/product_tag?post=16661"}],"curies":[{"name":"wp","href":"https:\/\/api.w.org\/{rel}","templated":true}]}}