{"id":17060,"date":"2025-02-18T21:05:17","date_gmt":"2025-02-18T19:05:17","guid":{"rendered":"http:\/\/flameguard.ee.dedi7782.your-server.de\/?post_type=product&#038;p=17060"},"modified":"2025-02-21T20:29:00","modified_gmt":"2025-02-21T18:29:00","slug":"tulekustuti-1-kg-pa-1-poola-8a-34b-c-koos-kinnitusega","status":"publish","type":"product","link":"https:\/\/flameguard.ee\/da\/product\/ildslukker-1-kg-pa-1-polsk-8a-34b-c-med-vedhaeftet-fil\/","title":{"rendered":"Ildslukker 1 kg PA-1 (Polen) 8A 34B\/C med p\u00e5s\u00e6tning"},"content":{"rendered":"<p>OGNIOCHRON pulverslukker opfylder de tekniske krav og giver effektiv beskyttelse under forskellige forhold og situationer.<\/p>\n<p><a style=\"color: #fe312e;\" href=\"\/wp-content\/uploads\/2025\/02\/card_gp-1x_abc_m.pdf\" target=\"_blank\" rel=\"noopener\"><img decoding=\"async\" src=\"\/wp-content\/uploads\/2025\/02\/pdf-icon.webp\" \/> Produktkort<\/a><\/p>","protected":false},"excerpt":{"rendered":"<p>Denne type ildslukker er velegnet til b\u00e5de indend\u00f8rs og udend\u00f8rs brug, i uopvarmede rum og i bilen. Ildslukkeren er konstrueret til slukning af brande for\u00e5rsaget af faste stoffer, br\u00e6ndbare v\u00e6sker og gasser samt til slukning af str\u00f8mf\u00f8rende elektrisk udstyr op til 1000 V. Slukning skal udf\u00f8res i en afstand af mindst en meter.<\/p>\n<p><strong>Tekniske oplysninger:<\/strong><br \/>\nPulverm\u00e6ngde: 1 kg<br \/>\nSlukkerens v\u00e6gt: 1,7 kg<br \/>\nDriftstid (uafbrudt): 6 sek.<br \/>\nSlukker h\u00f8jde: 297 mm<br \/>\nUrkassens diameter: 86 mm<br \/>\nDriftstemperatur: -30 \u00b0C til +60 \u00b0C<br \/>\nSlukningsklasse: 8A 34B C E<br \/>\nCertifikater: CE, EN3<\/p>\n<p>&nbsp;<\/p>","protected":false},"featured_media":17080,"template":"","meta":[],"product_brand":[],"product_cat":[83],"product_tag":[],"class_list":{"0":"post-17060","1":"product","2":"type-product","3":"status-publish","4":"has-post-thumbnail","6":"product_cat-tulekustutid","8":"first","9":"instock","10":"taxable","11":"shipping-taxable","12":"purchasable","13":"product-type-simple"},"_links":{"self":[{"href":"https:\/\/flameguard.ee\/da\/wp-json\/wp\/v2\/product\/17060","targetHints":{"allow":["GET"]}}],"collection":[{"href":"https:\/\/flameguard.ee\/da\/wp-json\/wp\/v2\/product"}],"about":[{"href":"https:\/\/flameguard.ee\/da\/wp-json\/wp\/v2\/types\/product"}],"version-history":[{"count":17,"href":"https:\/\/flameguard.ee\/da\/wp-json\/wp\/v2\/product\/17060\/revisions"}],"predecessor-version":[{"id":17091,"href":"https:\/\/flameguard.ee\/da\/wp-json\/wp\/v2\/product\/17060\/revisions\/17091"}],"wp:featuredmedia":[{"embeddable":true,"href":"https:\/\/flameguard.ee\/da\/wp-json\/wp\/v2\/media\/17080"}],"wp:attachment":[{"href":"https:\/\/flameguard.ee\/da\/wp-json\/wp\/v2\/media?parent=17060"}],"wp:term":[{"taxonomy":"product_brand","embeddable":true,"href":"https:\/\/flameguard.ee\/da\/wp-json\/wp\/v2\/product_brand?post=17060"},{"taxonomy":"product_cat","embeddable":true,"href":"https:\/\/flameguard.ee\/da\/wp-json\/wp\/v2\/product_cat?post=17060"},{"taxonomy":"product_tag","embeddable":true,"href":"https:\/\/flameguard.ee\/da\/wp-json\/wp\/v2\/product_tag?post=17060"}],"curies":[{"name":"wp","href":"https:\/\/api.w.org\/{rel}","templated":true}]}}