{"id":17121,"date":"2025-02-19T16:24:18","date_gmt":"2025-02-19T14:24:18","guid":{"rendered":"http:\/\/flameguard.ee.dedi7782.your-server.de\/?post_type=product&#038;p=17121"},"modified":"2025-02-21T20:28:43","modified_gmt":"2025-02-21T18:28:43","slug":"tulekustuti-4-kg-pa-4-poola-27a-144b-c-koos-kinnitusega","status":"publish","type":"product","link":"https:\/\/flameguard.ee\/da\/product\/ildslukker-4-kg-pa-4-polsk-27a-144b-c-med-vedhaeftet-fil\/","title":{"rendered":"Ildslukker 4 kg PA-4 (Polen) 27A 144B\/C med p\u00e5h\u00e6ng"},"content":{"rendered":"<p>OGNIOCHRON pulverslukker opfylder de tekniske krav og giver effektiv beskyttelse under forskellige forhold og situationer.<\/p>\n<p><a style=\"color: #fe312e;\" href=\"\/wp-content\/uploads\/2025\/02\/card_gp-4x_abc_mp.pdf\" target=\"_blank\" rel=\"noopener\"><img decoding=\"async\" src=\"\/wp-content\/uploads\/2025\/02\/pdf-icon.webp\" \/> Produktkort<\/a><\/p>","protected":false},"excerpt":{"rendered":"<p>Denne type ildslukker er velegnet til b\u00e5de indend\u00f8rs og udend\u00f8rs brug, i uopvarmede rum og i bilen. Ildslukkeren er konstrueret til slukning af brande for\u00e5rsaget af faste stoffer, br\u00e6ndbare v\u00e6sker og gasser samt til slukning af str\u00f8mf\u00f8rende elektrisk udstyr op til 1000 V. Slukning skal udf\u00f8res i en afstand af mindst en meter.<\/p>\n<p><strong>Tekniske oplysninger:<\/strong><br \/>\nPulverm\u00e6ngde: 4 kg<br \/>\nSlukkerens v\u00e6gt: 6,8 kg<br \/>\nDriftstid (uafbrudt): 15 sek.<br \/>\nSlukkerens h\u00f8jde: 463 mm<br \/>\nDiameter urkasse: 140 mm<br \/>\nDriftstemperatur: -30 \u00b0C til +60 \u00b0C<br \/>\nSlukningsklasse: 27A 144B C E<br \/>\nCertifikater: CE, EN3<\/p>\n<p>&nbsp;<\/p>","protected":false},"featured_media":17122,"template":"","meta":[],"product_brand":[],"product_cat":[83],"product_tag":[],"class_list":{"0":"post-17121","1":"product","2":"type-product","3":"status-publish","4":"has-post-thumbnail","6":"product_cat-tulekustutid","8":"first","9":"instock","10":"taxable","11":"shipping-taxable","12":"purchasable","13":"product-type-simple"},"_links":{"self":[{"href":"https:\/\/flameguard.ee\/da\/wp-json\/wp\/v2\/product\/17121","targetHints":{"allow":["GET"]}}],"collection":[{"href":"https:\/\/flameguard.ee\/da\/wp-json\/wp\/v2\/product"}],"about":[{"href":"https:\/\/flameguard.ee\/da\/wp-json\/wp\/v2\/types\/product"}],"version-history":[{"count":7,"href":"https:\/\/flameguard.ee\/da\/wp-json\/wp\/v2\/product\/17121\/revisions"}],"predecessor-version":[{"id":17240,"href":"https:\/\/flameguard.ee\/da\/wp-json\/wp\/v2\/product\/17121\/revisions\/17240"}],"wp:featuredmedia":[{"embeddable":true,"href":"https:\/\/flameguard.ee\/da\/wp-json\/wp\/v2\/media\/17122"}],"wp:attachment":[{"href":"https:\/\/flameguard.ee\/da\/wp-json\/wp\/v2\/media?parent=17121"}],"wp:term":[{"taxonomy":"product_brand","embeddable":true,"href":"https:\/\/flameguard.ee\/da\/wp-json\/wp\/v2\/product_brand?post=17121"},{"taxonomy":"product_cat","embeddable":true,"href":"https:\/\/flameguard.ee\/da\/wp-json\/wp\/v2\/product_cat?post=17121"},{"taxonomy":"product_tag","embeddable":true,"href":"https:\/\/flameguard.ee\/da\/wp-json\/wp\/v2\/product_tag?post=17121"}],"curies":[{"name":"wp","href":"https:\/\/api.w.org\/{rel}","templated":true}]}}