{"id":17148,"date":"2025-02-19T16:56:47","date_gmt":"2025-02-19T14:56:47","guid":{"rendered":"http:\/\/flameguard.ee.dedi7782.your-server.de\/?post_type=product&#038;p=17148"},"modified":"2025-02-21T20:28:28","modified_gmt":"2025-02-21T18:28:28","slug":"tulekustuti-6-kg-plus-pa-6-koos-kinnitusega-poola-55a-233b-c","status":"publish","type":"product","link":"https:\/\/flameguard.ee\/da\/product\/ildslukker-6-kg-plus-pa-6-med-monteret-polsk-55a-233b-c\/","title":{"rendered":"Ildslukker 6 kg plus PA-6 med tilbeh\u00f8r (Polen) 55A 233B\/C"},"content":{"rendered":"<p>OGNIOCHRON pulverslukker opfylder de tekniske krav og giver effektiv beskyttelse under forskellige forhold og situationer.<\/p>\n<p><a style=\"color: #fe312e;\" href=\"\/wp-content\/uploads\/2025\/02\/card_gp-6x_abc_mp_plus.pdf\" target=\"_blank\" rel=\"noopener\"><img decoding=\"async\" src=\"\/wp-content\/uploads\/2025\/02\/pdf-icon.webp\" \/> Sikkerhedsdatablad<\/a><\/p>","protected":false},"excerpt":{"rendered":"<p>Denne type ildslukker er velegnet til b\u00e5de indend\u00f8rs og udend\u00f8rs brug, i uopvarmede rum og i bilen. Ildslukkeren er konstrueret til slukning af brande for\u00e5rsaget af faste stoffer, br\u00e6ndbare v\u00e6sker og gasser samt til slukning af str\u00f8mf\u00f8rende elektrisk udstyr op til 1000 V. Slukning skal udf\u00f8res i en afstand af mindst en meter.<\/p>\n<p><strong>Tekniske oplysninger:<\/strong><br \/>\nPulverm\u00e6ngde: 6 kg<br \/>\nSlukkerens v\u00e6gt: 9,3 kg<br \/>\nDriftstid (uafbrudt): 15 sek.<br \/>\nSlukkerens h\u00f8jde: 495 mm<br \/>\nUrkassens diameter: 160 mm<br \/>\nDriftstemperatur: -30 \u00b0C til +60 \u00b0C<br \/>\nSlukningsklasse: 55A 233B C E<br \/>\nCertifikater: CE, EN3<\/p>\n<p>&nbsp;<\/p>","protected":false},"featured_media":17149,"template":"","meta":[],"product_brand":[],"product_cat":[83],"product_tag":[],"class_list":{"0":"post-17148","1":"product","2":"type-product","3":"status-publish","4":"has-post-thumbnail","6":"product_cat-tulekustutid","8":"first","9":"instock","10":"taxable","11":"shipping-taxable","12":"purchasable","13":"product-type-simple"},"_links":{"self":[{"href":"https:\/\/flameguard.ee\/da\/wp-json\/wp\/v2\/product\/17148","targetHints":{"allow":["GET"]}}],"collection":[{"href":"https:\/\/flameguard.ee\/da\/wp-json\/wp\/v2\/product"}],"about":[{"href":"https:\/\/flameguard.ee\/da\/wp-json\/wp\/v2\/types\/product"}],"version-history":[{"count":4,"href":"https:\/\/flameguard.ee\/da\/wp-json\/wp\/v2\/product\/17148\/revisions"}],"predecessor-version":[{"id":17235,"href":"https:\/\/flameguard.ee\/da\/wp-json\/wp\/v2\/product\/17148\/revisions\/17235"}],"wp:featuredmedia":[{"embeddable":true,"href":"https:\/\/flameguard.ee\/da\/wp-json\/wp\/v2\/media\/17149"}],"wp:attachment":[{"href":"https:\/\/flameguard.ee\/da\/wp-json\/wp\/v2\/media?parent=17148"}],"wp:term":[{"taxonomy":"product_brand","embeddable":true,"href":"https:\/\/flameguard.ee\/da\/wp-json\/wp\/v2\/product_brand?post=17148"},{"taxonomy":"product_cat","embeddable":true,"href":"https:\/\/flameguard.ee\/da\/wp-json\/wp\/v2\/product_cat?post=17148"},{"taxonomy":"product_tag","embeddable":true,"href":"https:\/\/flameguard.ee\/da\/wp-json\/wp\/v2\/product_tag?post=17148"}],"curies":[{"name":"wp","href":"https:\/\/api.w.org\/{rel}","templated":true}]}}