{"id":17159,"date":"2025-02-19T17:13:00","date_gmt":"2025-02-19T15:13:00","guid":{"rendered":"http:\/\/flameguard.ee.dedi7782.your-server.de\/?post_type=product&#038;p=17159"},"modified":"2025-02-21T20:27:51","modified_gmt":"2025-02-21T18:27:51","slug":"vahttulekustuti-2l-8a-55b-40f","status":"publish","type":"product","link":"https:\/\/flameguard.ee\/da\/product\/skum-ildslukker-2l-8a-55b-40f\/","title":{"rendered":"Skum ildslukker 2l 8A 55B 40F"},"content":{"rendered":"<p>OGNIOCHRON skumslukker opfylder de tekniske krav og giver effektiv beskyttelse under forskellige forhold og situationer.<\/p>\n<p><a style=\"color: #fe312e;\" href=\"\/wp-content\/uploads\/2025\/02\/card_gpn-2x_abf_m.pdf\" target=\"_blank\" rel=\"noopener\"><img decoding=\"async\" src=\"\/wp-content\/uploads\/2025\/02\/pdf-icon.webp\" \/> Produktkort<\/a><\/p>","protected":false},"excerpt":{"rendered":"<p>Denne type ildslukker er velegnet til indend\u00f8rs brug. Ildslukkeren er designet til at slukke brande for\u00e5rsaget af faste stoffer, br\u00e6ndbare v\u00e6sker og fedtstoffer, samt til at slukke str\u00f8mf\u00f8rende elektriske apparater op til 1000 V. Denne ildslukker er s\u00e6rligt velegnet til slukning af mad og animalsk fedt i boliger, kontork\u00f8kkener, kantiner, restauranter og andre lignende steder.<\/p>\n<p><strong>Tekniske oplysninger:<\/strong><br \/>\nM\u00e6ngde slukningsblanding: 2 l<br \/>\nSlukkerens v\u00e6gt: 3,5 kg<br \/>\nDriftstid (uafbrudt): 6 sek.<br \/>\nSlukkerens h\u00f8jde: 368 mm<br \/>\nUrkasse diameter: 110 mm<br \/>\nDriftstemperatur: +5\u00b0C til +60\u00b0C<br \/>\nSlukningsklasse: 8A 55B 40F<br \/>\nCertifikater: CE, EN3<\/p>\n<p>&nbsp;<\/p>","protected":false},"featured_media":17160,"template":"","meta":[],"product_brand":[],"product_cat":[83],"product_tag":[],"class_list":{"0":"post-17159","1":"product","2":"type-product","3":"status-publish","4":"has-post-thumbnail","6":"product_cat-tulekustutid","8":"first","9":"instock","10":"taxable","11":"shipping-taxable","12":"purchasable","13":"product-type-simple"},"_links":{"self":[{"href":"https:\/\/flameguard.ee\/da\/wp-json\/wp\/v2\/product\/17159","targetHints":{"allow":["GET"]}}],"collection":[{"href":"https:\/\/flameguard.ee\/da\/wp-json\/wp\/v2\/product"}],"about":[{"href":"https:\/\/flameguard.ee\/da\/wp-json\/wp\/v2\/types\/product"}],"version-history":[{"count":7,"href":"https:\/\/flameguard.ee\/da\/wp-json\/wp\/v2\/product\/17159\/revisions"}],"predecessor-version":[{"id":17234,"href":"https:\/\/flameguard.ee\/da\/wp-json\/wp\/v2\/product\/17159\/revisions\/17234"}],"wp:featuredmedia":[{"embeddable":true,"href":"https:\/\/flameguard.ee\/da\/wp-json\/wp\/v2\/media\/17160"}],"wp:attachment":[{"href":"https:\/\/flameguard.ee\/da\/wp-json\/wp\/v2\/media?parent=17159"}],"wp:term":[{"taxonomy":"product_brand","embeddable":true,"href":"https:\/\/flameguard.ee\/da\/wp-json\/wp\/v2\/product_brand?post=17159"},{"taxonomy":"product_cat","embeddable":true,"href":"https:\/\/flameguard.ee\/da\/wp-json\/wp\/v2\/product_cat?post=17159"},{"taxonomy":"product_tag","embeddable":true,"href":"https:\/\/flameguard.ee\/da\/wp-json\/wp\/v2\/product_tag?post=17159"}],"curies":[{"name":"wp","href":"https:\/\/api.w.org\/{rel}","templated":true}]}}