{"id":17171,"date":"2025-02-19T17:21:14","date_gmt":"2025-02-19T15:21:14","guid":{"rendered":"http:\/\/flameguard.ee.dedi7782.your-server.de\/?post_type=product&#038;p=17171"},"modified":"2025-04-02T18:20:18","modified_gmt":"2025-04-02T15:20:18","slug":"vahttulekustuti-6l-21a-233b-40f","status":"publish","type":"product","link":"https:\/\/flameguard.ee\/da\/product\/skum-ildslukker-6l-21a-233b-40f\/","title":{"rendered":"Skum ildslukker 6l 21A 233B 40F"},"content":{"rendered":"<p>OGNIOCHRON skumslukker opfylder de tekniske krav og giver effektiv beskyttelse under forskellige forhold og situationer.<\/p>\n<p><a style=\"color: #fe312e;\" href=\"\/wp-content\/uploads\/2025\/02\/card_gpn-6x_abf_mp.pdf\" target=\"_blank\" rel=\"noopener\"><img decoding=\"async\" src=\"\/wp-content\/uploads\/2025\/02\/pdf-icon.webp\" \/> Produktkort<\/a><\/p>","protected":false},"excerpt":{"rendered":"<p>Denne type ildslukker er velegnet til indend\u00f8rs brug. Ildslukkeren er designet til at slukke brande for\u00e5rsaget af faste stoffer, br\u00e6ndbare v\u00e6sker og fedtstoffer, samt til at slukke str\u00f8mf\u00f8rende elektriske apparater op til 1000 V. Denne ildslukker er s\u00e6rligt velegnet til slukning af mad og animalsk fedt i boliger, kontork\u00f8kkener, kantiner, restauranter og andre lignende steder.<\/p>\n<p><strong>Tekniske oplysninger:<\/strong><br \/>\nM\u00e6ngde slukningsblanding: 6 l<br \/>\nSlukkerens v\u00e6gt: 9,7 kg<br \/>\nDriftstid (uafbrudt): 15 sek.<br \/>\nSlukkerens h\u00f8jde: 502 mm<br \/>\nUrkassens diameter: 160 mm<br \/>\nDriftstemperatur: +5\u00b0C til +60\u00b0C<br \/>\nSlukningsklasse: 21A 233B 40F E<br \/>\nCertifikater: CE, EN3<\/p>\n<p>&nbsp;<\/p>","protected":false},"featured_media":17172,"template":"","meta":[],"product_brand":[],"product_cat":[83],"product_tag":[],"class_list":{"0":"post-17171","1":"product","2":"type-product","3":"status-publish","4":"has-post-thumbnail","6":"product_cat-tulekustutid","8":"first","9":"instock","10":"taxable","11":"shipping-taxable","12":"purchasable","13":"product-type-simple"},"_links":{"self":[{"href":"https:\/\/flameguard.ee\/da\/wp-json\/wp\/v2\/product\/17171","targetHints":{"allow":["GET"]}}],"collection":[{"href":"https:\/\/flameguard.ee\/da\/wp-json\/wp\/v2\/product"}],"about":[{"href":"https:\/\/flameguard.ee\/da\/wp-json\/wp\/v2\/types\/product"}],"version-history":[{"count":6,"href":"https:\/\/flameguard.ee\/da\/wp-json\/wp\/v2\/product\/17171\/revisions"}],"predecessor-version":[{"id":17242,"href":"https:\/\/flameguard.ee\/da\/wp-json\/wp\/v2\/product\/17171\/revisions\/17242"}],"wp:featuredmedia":[{"embeddable":true,"href":"https:\/\/flameguard.ee\/da\/wp-json\/wp\/v2\/media\/17172"}],"wp:attachment":[{"href":"https:\/\/flameguard.ee\/da\/wp-json\/wp\/v2\/media?parent=17171"}],"wp:term":[{"taxonomy":"product_brand","embeddable":true,"href":"https:\/\/flameguard.ee\/da\/wp-json\/wp\/v2\/product_brand?post=17171"},{"taxonomy":"product_cat","embeddable":true,"href":"https:\/\/flameguard.ee\/da\/wp-json\/wp\/v2\/product_cat?post=17171"},{"taxonomy":"product_tag","embeddable":true,"href":"https:\/\/flameguard.ee\/da\/wp-json\/wp\/v2\/product_tag?post=17171"}],"curies":[{"name":"wp","href":"https:\/\/api.w.org\/{rel}","templated":true}]}}