{"id":17185,"date":"2025-02-19T17:37:15","date_gmt":"2025-02-19T15:37:15","guid":{"rendered":"http:\/\/flameguard.ee.dedi7782.your-server.de\/?post_type=product&#038;p=17185"},"modified":"2025-02-21T20:26:43","modified_gmt":"2025-02-21T18:26:43","slug":"co2-tulekustuti-oa-5-kg-89b","status":"publish","type":"product","link":"https:\/\/flameguard.ee\/da\/product\/co2-ildslukker-oa-5-kg-89b\/","title":{"rendered":"CO2 Ildslukker \u2013 OA-5 kg 89B"},"content":{"rendered":"<p>OGNIOCHRON CO2 ildslukker opfylder de tekniske krav og giver effektiv beskyttelse under en r\u00e6kke forskellige forhold og situationer.<\/p>\n<p><a style=\"color: #fe312e;\" href=\"\/wp-content\/uploads\/2025\/02\/card_gs-5x_b_mp.pdf\" target=\"_blank\" rel=\"noopener\"><img decoding=\"async\" src=\"\/wp-content\/uploads\/2025\/02\/pdf-icon.webp\" \/> Produktkort<\/a><\/p>","protected":false},"excerpt":{"rendered":"<p>Denne type ildslukker er velegnet til b\u00e5de indend\u00f8rs og udend\u00f8rs brug, i uopvarmede rum og i bilen. Ildslukkeren er designet til slukning af brande for\u00e5rsaget af faste stoffer, br\u00e6ndbare v\u00e6sker og gasser samt til slukning af str\u00f8mf\u00f8rende elektriske apparater op til 1000 V. Den er bedre egnet til brug i lukkede rum, s\u00e5som museer, arkiver og laboratorier, hvor br\u00e6ndbare og br\u00e6ndbare v\u00e6sker (benzin, olie, alkohol, fedt osv.) eller str\u00f8mf\u00f8rende elektrisk udstyr skal slukkes.<br \/>\nIldslukkeren d\u00e6mper flammerne kemisk ved at fylde et lukket rum af en vis st\u00f8rrelse med CO2. H\u00f8je koncentrationer af CO2 blokerer oxidationsprocessen og forhindrer flammer i at dannes.<\/p>\n<p><strong>Tekniske oplysninger:<\/strong><br \/>\nM\u00e6ngde slukningsgas: 5 kg<br \/>\nSlukkerens v\u00e6gt: 14 kg<br \/>\nDriftstid (uafbrudt): 9 sek.<br \/>\nSlukkerens h\u00f8jde: 685 mm<br \/>\nUrkassens diameter: 136 mm<br \/>\nDriftstemperatur: -20 \u00b0C til +60 \u00b0C<br \/>\nBrandslukningsklasse: 89B<br \/>\nCertifikater: CE, EN3<\/p>\n<p>&nbsp;<\/p>","protected":false},"featured_media":17179,"template":"","meta":[],"product_brand":[],"product_cat":[83],"product_tag":[],"class_list":{"0":"post-17185","1":"product","2":"type-product","3":"status-publish","4":"has-post-thumbnail","6":"product_cat-tulekustutid","8":"first","9":"instock","10":"taxable","11":"shipping-taxable","12":"purchasable","13":"product-type-simple"},"_links":{"self":[{"href":"https:\/\/flameguard.ee\/da\/wp-json\/wp\/v2\/product\/17185","targetHints":{"allow":["GET"]}}],"collection":[{"href":"https:\/\/flameguard.ee\/da\/wp-json\/wp\/v2\/product"}],"about":[{"href":"https:\/\/flameguard.ee\/da\/wp-json\/wp\/v2\/types\/product"}],"version-history":[{"count":9,"href":"https:\/\/flameguard.ee\/da\/wp-json\/wp\/v2\/product\/17185\/revisions"}],"predecessor-version":[{"id":17201,"href":"https:\/\/flameguard.ee\/da\/wp-json\/wp\/v2\/product\/17185\/revisions\/17201"}],"wp:featuredmedia":[{"embeddable":true,"href":"https:\/\/flameguard.ee\/da\/wp-json\/wp\/v2\/media\/17179"}],"wp:attachment":[{"href":"https:\/\/flameguard.ee\/da\/wp-json\/wp\/v2\/media?parent=17185"}],"wp:term":[{"taxonomy":"product_brand","embeddable":true,"href":"https:\/\/flameguard.ee\/da\/wp-json\/wp\/v2\/product_brand?post=17185"},{"taxonomy":"product_cat","embeddable":true,"href":"https:\/\/flameguard.ee\/da\/wp-json\/wp\/v2\/product_cat?post=17185"},{"taxonomy":"product_tag","embeddable":true,"href":"https:\/\/flameguard.ee\/da\/wp-json\/wp\/v2\/product_tag?post=17185"}],"curies":[{"name":"wp","href":"https:\/\/api.w.org\/{rel}","templated":true}]}}