{"id":17190,"date":"2025-02-19T18:19:24","date_gmt":"2025-02-19T16:19:24","guid":{"rendered":"http:\/\/flameguard.ee.dedi7782.your-server.de\/?post_type=product&#038;p=17190"},"modified":"2025-06-01T00:00:23","modified_gmt":"2025-05-31T21:00:23","slug":"liitiumaku-tulekustuti-ver-dis-2l","status":"publish","type":"product","link":"https:\/\/flameguard.ee\/da\/product\/lithium-batteri-brandslukker-ver-dis-2l\/","title":{"rendered":"Lithium batteri ildslukker VER-DIS 2l"},"content":{"rendered":"<p>OGNIOCHRON lithium batteri ildslukker opfylder de tekniske krav og giver effektiv beskyttelse under forskellige forhold og situationer.<\/p>\n<p><a style=\"color: #fe312e;\" href=\"\/wp-content\/uploads\/2025\/02\/card_ver-dis_2x-1.pdf\" target=\"_blank\" rel=\"noopener\"><img decoding=\"async\" src=\"\/wp-content\/uploads\/2025\/02\/pdf-icon.webp\" \/> Produktkort<\/a><\/p>","protected":false},"excerpt":{"rendered":"<p>Denne type ildslukker er velegnet til indend\u00f8rs brug. VER-DIS ildslukkere, der er specielt designet til at slukke brande fra lithium-ion-batterier, er ogs\u00e5 velegnede til slukning af str\u00f8mf\u00f8rende elektriske apparater op til 1000 V. Det innovative vermiculitbaserede slukningsmiddel afk\u00f8ler hurtigt batteriet og slukker flammer. Det hermetiske lag blokerer adgangen til ilt og forhindrer ilden i at sprede sig. Designet til slukning af batterier: op til 200 Wh. Anvendelsesomr\u00e5der: b\u00e6rbare computere, tablets, opladningsbatterier osv.<\/p>\n<p><strong>Tekniske oplysninger:<\/strong><br \/>\nM\u00e6ngde slukningsblanding: 2 l<br \/>\nSlukkerens v\u00e6gt: 3,5 kg<br \/>\nDriftstid (uafbrudt): 20 sek.<br \/>\nSlukkerens h\u00f8jde: 368 mm<br \/>\nUrkasse diameter: 110 mm<br \/>\nDriftstemperatur: +5\u00b0C til +60\u00b0C<br \/>\nSlukningskvalitet: A E lithiumbatterier<br \/>\nCertifikater: CE, EN3<\/p>\n<p>&nbsp;<\/p>","protected":false},"featured_media":17191,"template":"","meta":[],"product_brand":[],"product_cat":[83],"product_tag":[],"class_list":{"0":"post-17190","1":"product","2":"type-product","3":"status-publish","4":"has-post-thumbnail","6":"product_cat-tulekustutid","8":"first","9":"instock","10":"taxable","11":"shipping-taxable","12":"purchasable","13":"product-type-simple"},"_links":{"self":[{"href":"https:\/\/flameguard.ee\/da\/wp-json\/wp\/v2\/product\/17190","targetHints":{"allow":["GET"]}}],"collection":[{"href":"https:\/\/flameguard.ee\/da\/wp-json\/wp\/v2\/product"}],"about":[{"href":"https:\/\/flameguard.ee\/da\/wp-json\/wp\/v2\/types\/product"}],"version-history":[{"count":7,"href":"https:\/\/flameguard.ee\/da\/wp-json\/wp\/v2\/product\/17190\/revisions"}],"predecessor-version":[{"id":17231,"href":"https:\/\/flameguard.ee\/da\/wp-json\/wp\/v2\/product\/17190\/revisions\/17231"}],"wp:featuredmedia":[{"embeddable":true,"href":"https:\/\/flameguard.ee\/da\/wp-json\/wp\/v2\/media\/17191"}],"wp:attachment":[{"href":"https:\/\/flameguard.ee\/da\/wp-json\/wp\/v2\/media?parent=17190"}],"wp:term":[{"taxonomy":"product_brand","embeddable":true,"href":"https:\/\/flameguard.ee\/da\/wp-json\/wp\/v2\/product_brand?post=17190"},{"taxonomy":"product_cat","embeddable":true,"href":"https:\/\/flameguard.ee\/da\/wp-json\/wp\/v2\/product_cat?post=17190"},{"taxonomy":"product_tag","embeddable":true,"href":"https:\/\/flameguard.ee\/da\/wp-json\/wp\/v2\/product_tag?post=17190"}],"curies":[{"name":"wp","href":"https:\/\/api.w.org\/{rel}","templated":true}]}}