{"id":17212,"date":"2025-02-20T17:52:55","date_gmt":"2025-02-20T15:52:55","guid":{"rendered":"http:\/\/flameguard.ee.dedi7782.your-server.de\/?post_type=product&#038;p=17212"},"modified":"2025-03-13T12:08:59","modified_gmt":"2025-03-13T10:08:59","slug":"liitiumaku-tulekustuti-ver-dis-6l","status":"publish","type":"product","link":"https:\/\/flameguard.ee\/da\/product\/lithium-batteri-brandslukker-ver-dis-6l\/","title":{"rendered":"Lithium Batteri Ildslukker VER-DIS 6L"},"content":{"rendered":"<p>OGNIOCHRON lithium batteri ildslukker opfylder de tekniske krav og giver effektiv beskyttelse under forskellige forhold og situationer.<\/p>\n<p><a style=\"color: #fe312e;\" href=\"\/wp-content\/uploads\/2025\/02\/card_ver-dis_6x-1.pdf\" target=\"_blank\" rel=\"noopener\"><img decoding=\"async\" src=\"\/wp-content\/uploads\/2025\/02\/pdf-icon.webp\" \/> Produktkort<\/a><\/p>","protected":false},"excerpt":{"rendered":"<div class=\"ewa-rteLine\">Denne type ildslukker er ogs\u00e5 velegnet til indend\u00f8rs brug. VER-DIS ildslukkere, der er specielt designet til at slukke brande fra lithium-ion-batterier, er ogs\u00e5 velegnede til slukning af str\u00f8mf\u00f8rende elektriske apparater op til 1000 V. Det innovative vermiculitbaserede slukningsmiddel afk\u00f8ler hurtigt batteriet og slukker flammer. Det hermetiske lag blokerer adgangen til ilt og forhindrer ilden i at sprede sig. Anvendelsesomr\u00e5der: b\u00e6rbare computere, tablets, opladningsbatterier, scootere, scootere, elektriske scootere osv.<\/div>\n<div><\/div>\n<div>.<\/div>\n<div>\n<div class=\"ewa-rteLine\"><strong>Tekniske oplysninger: <\/strong><\/div>\n<div class=\"ewa-rteLine\">M\u00e6ngde slukningsblanding: 6 l<\/div>\n<div class=\"ewa-rteLine\">Slukkerens v\u00e6gt: 9,7 kg<\/div>\n<div class=\"ewa-rteLine\">Driftstid (uafbrudt): 40 sek.<\/div>\n<div class=\"ewa-rteLine\">Slukkerens h\u00f8jde: 502 mm<\/div>\n<div class=\"ewa-rteLine\">Urkassens diameter: 160 mm<\/div>\n<div class=\"ewa-rteLine\">Driftstemperatur: +5\u00b0C til +60\u00b0C<\/div>\n<div class=\"ewa-rteLine\">Slukningskvalitet: A E lithiumbatterier<\/div>\n<div>Designet til at slukke batterier: op til 500 Wh.<\/div>\n<div class=\"ewa-rteLine\">Certifikater: CE, EN3<\/div>\n<\/div>\n<div class=\"ewa-rteLine\"><\/div>","protected":false},"featured_media":17287,"template":"","meta":[],"product_brand":[],"product_cat":[83],"product_tag":[],"class_list":{"0":"post-17212","1":"product","2":"type-product","3":"status-publish","4":"has-post-thumbnail","6":"product_cat-tulekustutid","8":"first","9":"instock","10":"sale","11":"taxable","12":"shipping-taxable","13":"purchasable","14":"product-type-simple"},"_links":{"self":[{"href":"https:\/\/flameguard.ee\/da\/wp-json\/wp\/v2\/product\/17212","targetHints":{"allow":["GET"]}}],"collection":[{"href":"https:\/\/flameguard.ee\/da\/wp-json\/wp\/v2\/product"}],"about":[{"href":"https:\/\/flameguard.ee\/da\/wp-json\/wp\/v2\/types\/product"}],"version-history":[{"count":19,"href":"https:\/\/flameguard.ee\/da\/wp-json\/wp\/v2\/product\/17212\/revisions"}],"predecessor-version":[{"id":18644,"href":"https:\/\/flameguard.ee\/da\/wp-json\/wp\/v2\/product\/17212\/revisions\/18644"}],"wp:featuredmedia":[{"embeddable":true,"href":"https:\/\/flameguard.ee\/da\/wp-json\/wp\/v2\/media\/17287"}],"wp:attachment":[{"href":"https:\/\/flameguard.ee\/da\/wp-json\/wp\/v2\/media?parent=17212"}],"wp:term":[{"taxonomy":"product_brand","embeddable":true,"href":"https:\/\/flameguard.ee\/da\/wp-json\/wp\/v2\/product_brand?post=17212"},{"taxonomy":"product_cat","embeddable":true,"href":"https:\/\/flameguard.ee\/da\/wp-json\/wp\/v2\/product_cat?post=17212"},{"taxonomy":"product_tag","embeddable":true,"href":"https:\/\/flameguard.ee\/da\/wp-json\/wp\/v2\/product_tag?post=17212"}],"curies":[{"name":"wp","href":"https:\/\/api.w.org\/{rel}","templated":true}]}}