{"id":17243,"date":"2025-02-20T15:24:53","date_gmt":"2025-02-20T13:24:53","guid":{"rendered":"http:\/\/flameguard.ee.dedi7782.your-server.de\/?post_type=product&#038;p=17243"},"modified":"2025-03-12T11:32:51","modified_gmt":"2025-03-12T09:32:51","slug":"liitiumaku-tulekustuti-ver-dis-2l-2","status":"publish","type":"product","link":"https:\/\/flameguard.ee\/da\/product\/lithium-batteri-ildslukker-ver-dis-2l-2\/","title":{"rendered":"Universal ildslukker Firexo 2L"},"content":{"rendered":"<p>FIREXO universal ildslukker opfylder tekniske krav og giver effektiv beskyttelse under en r\u00e6kke forskellige forhold og situationer.<\/p>\n<p><a style=\"color: #fe312e;\" href=\"\/wp-content\/uploads\/2025\/02\/2022-firexo-uk-data-sheet-2l-extinguisher.pdf\" target=\"_blank\" rel=\"noopener\"><img decoding=\"async\" src=\"\/wp-content\/uploads\/2025\/02\/pdf-icon.webp\" \/> Produktkort<\/a><\/p>\n<p><a style=\"color: #fe312e;\" href=\"\/wp-content\/uploads\/2025\/02\/2LTR-EH-18-1202-1070-DIELECTRIC-ONLY-13.12.18.pdf\" target=\"_blank\" rel=\"noopener\"><img decoding=\"async\" src=\"\/wp-content\/uploads\/2025\/02\/pdf-icon.webp\" \/> Erkl\u00e6ring om overensstemmelse<\/a><\/p>\n<p><a style=\"color: #fe312e;\" href=\"\/wp-content\/uploads\/2025\/02\/Lithium-ion-Test.pdf\" target=\"_blank\" rel=\"noopener\"><img decoding=\"async\" src=\"\/wp-content\/uploads\/2025\/02\/pdf-icon.webp\" \/> Test_raport<\/a><\/p>","protected":false},"excerpt":{"rendered":"<p>Universal Firexo ALL FIRES 2-liters ildslukker passer til <strong>AL<\/strong> brandklasser: til slukning af faste stoffer, br\u00e6ndbare v\u00e6sker, gasser, str\u00f8mf\u00f8rende elektrisk udstyr (op til 35000 V), fedtbrande, brande for\u00e5rsaget af lithium-ion-batterier og metaller. Den er ideel til brug i k\u00f8ret\u00f8jer, autocampere, hjem, garage, havehuse eller kontorer.<\/p>\n<p><strong>Tekniske oplysninger:<\/strong><br \/>\nM\u00e6ngde slukningsblanding: 2 l<br \/>\nSlukkerens v\u00e6gt: 4 kg<br \/>\nDriftstid (uafbrudt): 25 sek<br \/>\nSlukkerens h\u00f8jde: 415 mm<br \/>\nUrkasse diameter: 110 mm<br \/>\nDriftstemperatur: -15 \u00b0C til +60 \u00b0C<br \/>\nSletningsklasse: 13A 34B 25F C E D Lithium-batterier<\/p>\n<p>&nbsp;<\/p>","protected":false},"featured_media":17244,"template":"","meta":[],"product_brand":[],"product_cat":[83],"product_tag":[],"class_list":{"0":"post-17243","1":"product","2":"type-product","3":"status-publish","4":"has-post-thumbnail","6":"product_cat-tulekustutid","8":"first","9":"instock","10":"taxable","11":"shipping-taxable","12":"purchasable","13":"product-type-simple"},"_links":{"self":[{"href":"https:\/\/flameguard.ee\/da\/wp-json\/wp\/v2\/product\/17243","targetHints":{"allow":["GET"]}}],"collection":[{"href":"https:\/\/flameguard.ee\/da\/wp-json\/wp\/v2\/product"}],"about":[{"href":"https:\/\/flameguard.ee\/da\/wp-json\/wp\/v2\/types\/product"}],"version-history":[{"count":9,"href":"https:\/\/flameguard.ee\/da\/wp-json\/wp\/v2\/product\/17243\/revisions"}],"predecessor-version":[{"id":18695,"href":"https:\/\/flameguard.ee\/da\/wp-json\/wp\/v2\/product\/17243\/revisions\/18695"}],"wp:featuredmedia":[{"embeddable":true,"href":"https:\/\/flameguard.ee\/da\/wp-json\/wp\/v2\/media\/17244"}],"wp:attachment":[{"href":"https:\/\/flameguard.ee\/da\/wp-json\/wp\/v2\/media?parent=17243"}],"wp:term":[{"taxonomy":"product_brand","embeddable":true,"href":"https:\/\/flameguard.ee\/da\/wp-json\/wp\/v2\/product_brand?post=17243"},{"taxonomy":"product_cat","embeddable":true,"href":"https:\/\/flameguard.ee\/da\/wp-json\/wp\/v2\/product_cat?post=17243"},{"taxonomy":"product_tag","embeddable":true,"href":"https:\/\/flameguard.ee\/da\/wp-json\/wp\/v2\/product_tag?post=17243"}],"curies":[{"name":"wp","href":"https:\/\/api.w.org\/{rel}","templated":true}]}}