{"id":17264,"date":"2025-02-20T16:13:14","date_gmt":"2025-02-20T14:13:14","guid":{"rendered":"http:\/\/flameguard.ee.dedi7782.your-server.de\/?post_type=product&#038;p=17264"},"modified":"2025-11-20T14:26:53","modified_gmt":"2025-11-20T11:26:53","slug":"universaalne-tulekustuti-firexo-6l","status":"publish","type":"product","link":"https:\/\/flameguard.ee\/da\/product\/universal-ildslukker-firexo-6l\/","title":{"rendered":"Universal ildslukker Firexo 6L"},"content":{"rendered":"<div data-elementor-type=\"wp-post\" data-elementor-id=\"17264\" class=\"elementor elementor-17264\">\n\t\t\t\t<div class=\"wd-negative-gap elementor-element elementor-element-6de4f627 e-flex e-con-boxed e-con e-parent\" data-id=\"6de4f627\" data-element_type=\"container\" data-e-type=\"container\">\n\t\t\t\t\t<div class=\"e-con-inner\">\n\t\t\t\t<div class=\"elementor-element elementor-element-319cfd6d color-scheme-inherit text-left elementor-widget elementor-widget-text-editor\" data-id=\"319cfd6d\" data-element_type=\"widget\" data-e-type=\"widget\" data-widget_type=\"text-editor.default\">\n\t\t\t\t<div class=\"elementor-widget-container\">\n\t\t\t\t\t\t\t\t\t<p>FIREXO universal ildslukker opfylder tekniske krav og giver effektiv beskyttelse under en r\u00e6kke forskellige forhold og situationer.<\/p>\n<p><a style=\"color: #fe312e;\" href=\"\/wp-content\/uploads\/2025\/03\/2022-firexo-uk-data-sheet-6l-extinguisher.pdf\" target=\"_blank\" rel=\"noopener\"><img decoding=\"async\" src=\"\/wp-content\/uploads\/2025\/02\/pdf-icon.webp\"> Produktkort<\/a><\/p>\n<p><a style=\"color: #fe312e;\" href=\"\/wp-content\/uploads\/2025\/03\/6LTR-EH-18-1201-1070-1-12.04.2019.pdf\" target=\"_blank\" rel=\"noopener\"><img decoding=\"async\" src=\"\/wp-content\/uploads\/2025\/02\/pdf-icon.webp\"> Test<\/a><\/p>\n<p><a style=\"color: #fe312e;\" href=\"\/wp-content\/uploads\/2025\/03\/Lithium-ion-Test.pdf\" target=\"_blank\" rel=\"noopener\"><img decoding=\"async\" src=\"\/wp-content\/uploads\/2025\/02\/pdf-icon.webp\"> Test<\/a><\/p>\t\t\t\t\t\t\t\t<\/div>\n\t\t\t\t<\/div>\n\t\t\t\t\t<\/div>\n\t\t\t\t<\/div>\n\t\t\t\t<\/div>","protected":false},"excerpt":{"rendered":"<p>Den universelle Firexo ALL FIRES 6-liters ildslukker er velegnet til <strong>AL<\/strong> brandklasser: til slukning af faste stoffer, br\u00e6ndbare v\u00e6sker, gasser, str\u00f8mf\u00f8rende elektrisk udstyr (op til 35000 V), fedtbrande, brande for\u00e5rsaget af lithium-ion-batterier og metaller. Den er ideel til brug i k\u00f8ret\u00f8jer, autocampere, hjem, garage, havehuse eller kontorer.<\/p>\n<p><strong> Tekniske oplysninger:<\/strong><br \/>\nM\u00e6ngde slukningsblanding: 6 l<br \/>\nSlukkerv\u00e6gt: 10,65 kg Driftstid (uafbrudt): 30 sek<br \/>\nIldslukkerens h\u00f8jde: 430 mm<br \/>\nUrkassens diameter: 162 mm<br \/>\nDriftstemperatur: -15 \u00b0C til +60 \u00b0C<br \/>\nSletning af kvalitet: 34A 113B 75F C E D lithiumbatterier<\/p>\n<p>&nbsp;<\/p>","protected":false},"featured_media":17636,"template":"","meta":[],"product_brand":[],"product_cat":[83],"product_tag":[],"class_list":{"0":"post-17264","1":"product","2":"type-product","3":"status-publish","4":"has-post-thumbnail","6":"product_cat-tulekustutid","8":"first","9":"instock","10":"sale","11":"taxable","12":"shipping-taxable","13":"purchasable","14":"product-type-simple"},"_links":{"self":[{"href":"https:\/\/flameguard.ee\/da\/wp-json\/wp\/v2\/product\/17264","targetHints":{"allow":["GET"]}}],"collection":[{"href":"https:\/\/flameguard.ee\/da\/wp-json\/wp\/v2\/product"}],"about":[{"href":"https:\/\/flameguard.ee\/da\/wp-json\/wp\/v2\/types\/product"}],"version-history":[{"count":11,"href":"https:\/\/flameguard.ee\/da\/wp-json\/wp\/v2\/product\/17264\/revisions"}],"predecessor-version":[{"id":19596,"href":"https:\/\/flameguard.ee\/da\/wp-json\/wp\/v2\/product\/17264\/revisions\/19596"}],"wp:featuredmedia":[{"embeddable":true,"href":"https:\/\/flameguard.ee\/da\/wp-json\/wp\/v2\/media\/17636"}],"wp:attachment":[{"href":"https:\/\/flameguard.ee\/da\/wp-json\/wp\/v2\/media?parent=17264"}],"wp:term":[{"taxonomy":"product_brand","embeddable":true,"href":"https:\/\/flameguard.ee\/da\/wp-json\/wp\/v2\/product_brand?post=17264"},{"taxonomy":"product_cat","embeddable":true,"href":"https:\/\/flameguard.ee\/da\/wp-json\/wp\/v2\/product_cat?post=17264"},{"taxonomy":"product_tag","embeddable":true,"href":"https:\/\/flameguard.ee\/da\/wp-json\/wp\/v2\/product_tag?post=17264"}],"curies":[{"name":"wp","href":"https:\/\/api.w.org\/{rel}","templated":true}]}}