{"id":17276,"date":"2025-02-20T17:32:36","date_gmt":"2025-02-20T15:32:36","guid":{"rendered":"http:\/\/flameguard.ee.dedi7782.your-server.de\/?post_type=product&#038;p=17276"},"modified":"2025-03-31T19:34:01","modified_gmt":"2025-03-31T16:34:01","slug":"tulekustutus-sprei-firesi-frse-fs","status":"publish","type":"product","link":"https:\/\/flameguard.ee\/da\/product\/brandslukningsspray-brande-frse-fs\/","title":{"rendered":"Brandslukningsspray Brande FRSE-FS"},"content":{"rendered":"<p>FIRES brandslukningsspray opfylder tekniske krav og giver effektiv beskyttelse under en r\u00e6kke forskellige forhold og situationer.<\/p>\n<p><a style=\"color: #fe312e;\" href=\"\/wp-content\/uploads\/2025\/02\/Technical-data-FRSE-FS.pdf\" target=\"_blank\" rel=\"noopener\"><img decoding=\"async\" src=\"\/wp-content\/uploads\/2025\/02\/pdf-icon.webp\" \/> Produktkort<\/a><\/p>","protected":false},"excerpt":{"rendered":"<p>Denne type ildslukker er beregnet til brug <strong>Indend\u00f8rs<\/strong>. Brandspray er velegnet til <strong>AL<\/strong> brandklasser: til slukning af faste stoffer, br\u00e6ndbare v\u00e6sker, gasser, str\u00f8mf\u00f8rende elektrisk udstyr (op til 400 V), fedtbrande, brande for\u00e5rsaget af lithium-ion-batterier og metaller. Den er ideel til brug i k\u00f8ret\u00f8jer, autocampere, hjem, garage, havehuse eller kontorer.<\/p>\n<p><strong>Tekniske oplysninger:<\/strong><br \/>\nM\u00e6ngde slukningsblanding: 400 ml<br \/>\nSlukkerens v\u00e6gt: 545 g Driftstid (uafbrudt): 11 sek<br \/>\nSlukkerens h\u00f8jde: 570 mm<br \/>\nUrkassens diameter: 66 mm<br \/>\nDriftstemperatur: -15 \u00b0C til +60 \u00b0C<br \/>\nSlukningsklasse: A B F E C D Lithium-batterier<\/p>\n<p>&nbsp;<\/p>","protected":false},"featured_media":17277,"template":"","meta":[],"product_brand":[],"product_cat":[83],"product_tag":[],"class_list":{"0":"post-17276","1":"product","2":"type-product","3":"status-publish","4":"has-post-thumbnail","6":"product_cat-tulekustutid","8":"first","9":"instock","10":"taxable","11":"shipping-taxable","12":"purchasable","13":"product-type-simple"},"_links":{"self":[{"href":"https:\/\/flameguard.ee\/da\/wp-json\/wp\/v2\/product\/17276","targetHints":{"allow":["GET"]}}],"collection":[{"href":"https:\/\/flameguard.ee\/da\/wp-json\/wp\/v2\/product"}],"about":[{"href":"https:\/\/flameguard.ee\/da\/wp-json\/wp\/v2\/types\/product"}],"version-history":[{"count":5,"href":"https:\/\/flameguard.ee\/da\/wp-json\/wp\/v2\/product\/17276\/revisions"}],"predecessor-version":[{"id":18881,"href":"https:\/\/flameguard.ee\/da\/wp-json\/wp\/v2\/product\/17276\/revisions\/18881"}],"wp:featuredmedia":[{"embeddable":true,"href":"https:\/\/flameguard.ee\/da\/wp-json\/wp\/v2\/media\/17277"}],"wp:attachment":[{"href":"https:\/\/flameguard.ee\/da\/wp-json\/wp\/v2\/media?parent=17276"}],"wp:term":[{"taxonomy":"product_brand","embeddable":true,"href":"https:\/\/flameguard.ee\/da\/wp-json\/wp\/v2\/product_brand?post=17276"},{"taxonomy":"product_cat","embeddable":true,"href":"https:\/\/flameguard.ee\/da\/wp-json\/wp\/v2\/product_cat?post=17276"},{"taxonomy":"product_tag","embeddable":true,"href":"https:\/\/flameguard.ee\/da\/wp-json\/wp\/v2\/product_tag?post=17276"}],"curies":[{"name":"wp","href":"https:\/\/api.w.org\/{rel}","templated":true}]}}