{"id":17293,"date":"2025-02-20T18:17:07","date_gmt":"2025-02-20T16:17:07","guid":{"rendered":"http:\/\/flameguard.ee.dedi7782.your-server.de\/?post_type=product&#038;p=17293"},"modified":"2025-03-12T11:39:44","modified_gmt":"2025-03-12T09:39:44","slug":"universaalne-tulekustuti-firesi-frse-f6","status":"publish","type":"product","link":"https:\/\/flameguard.ee\/da\/product\/universal-ildslukker-brande-frse-f6\/","title":{"rendered":"Universal ildslukker Brande FRSE-F6"},"content":{"rendered":"<p>FIREXO universal ildslukker opfylder tekniske krav og giver effektiv beskyttelse under en r\u00e6kke forskellige forhold og situationer.<\/p>\n<p><a style=\"color: #fe312e;\" href=\"\/wp-content\/uploads\/2025\/02\/06_Datasheet_FRSE-F6-1.pdf\" target=\"_blank\" rel=\"noopener\"><img decoding=\"async\" src=\"\/wp-content\/uploads\/2025\/02\/pdf-icon.webp\" \/> Produktkort<\/a><\/p>\n<p><a style=\"color: #fe312e;\" href=\"\/wp-content\/uploads\/2025\/02\/09_EC-Declaration-of-Conformity_FRSE-F6-1.pdf\" target=\"_blank\" rel=\"noopener\"><img decoding=\"async\" src=\"\/wp-content\/uploads\/2025\/02\/pdf-icon.webp\" \/> Erkl\u00e6ring om overensstemmelse<\/a><\/p>","protected":false},"excerpt":{"rendered":"<p>H\u00f8jeffektiv Fires 6-liters ildslukker velegnet til <strong>AL<\/strong> brandklasser: til slukning af faste stoffer, br\u00e6ndbare v\u00e6sker, gasser, str\u00f8mf\u00f8rende elektrisk udstyr (op til 1000 V), fedtbrande, brande for\u00e5rsaget af lithium-ion-batterier og metaller. Den er ideel til brug i k\u00f8ret\u00f8jer, autocampere, hjem, garage, havehuse eller kontorer. Firexo ALL FIRES ildslukker er et af de sikreste og mest alsidige produkter at have i tilf\u00e6lde af brand.<\/p>\n<p><strong>Tekniske oplysninger:<\/strong><br \/>\nM\u00e6ngde slukningsblanding: 6 l<br \/>\nSlukkerens v\u00e6gt: 9,5 kg<br \/>\nDriftstid (uafbrudt): 20 sek<br \/>\nSlukker h\u00f8jde: 235 mm<br \/>\nUrkasse diameter: 150 mm<br \/>\nDriftstemperatur: -15 \u00b0C til +60 \u00b0C<br \/>\nSletningsklasse: A B F C E Lithium-batterier<\/p>\n<p>&nbsp;<\/p>","protected":false},"featured_media":17294,"template":"","meta":[],"product_brand":[],"product_cat":[83],"product_tag":[],"class_list":{"0":"post-17293","1":"product","2":"type-product","3":"status-publish","4":"has-post-thumbnail","6":"product_cat-tulekustutid","8":"first","9":"instock","10":"taxable","11":"shipping-taxable","12":"purchasable","13":"product-type-simple"},"_links":{"self":[{"href":"https:\/\/flameguard.ee\/da\/wp-json\/wp\/v2\/product\/17293","targetHints":{"allow":["GET"]}}],"collection":[{"href":"https:\/\/flameguard.ee\/da\/wp-json\/wp\/v2\/product"}],"about":[{"href":"https:\/\/flameguard.ee\/da\/wp-json\/wp\/v2\/types\/product"}],"version-history":[{"count":5,"href":"https:\/\/flameguard.ee\/da\/wp-json\/wp\/v2\/product\/17293\/revisions"}],"predecessor-version":[{"id":18696,"href":"https:\/\/flameguard.ee\/da\/wp-json\/wp\/v2\/product\/17293\/revisions\/18696"}],"wp:featuredmedia":[{"embeddable":true,"href":"https:\/\/flameguard.ee\/da\/wp-json\/wp\/v2\/media\/17294"}],"wp:attachment":[{"href":"https:\/\/flameguard.ee\/da\/wp-json\/wp\/v2\/media?parent=17293"}],"wp:term":[{"taxonomy":"product_brand","embeddable":true,"href":"https:\/\/flameguard.ee\/da\/wp-json\/wp\/v2\/product_brand?post=17293"},{"taxonomy":"product_cat","embeddable":true,"href":"https:\/\/flameguard.ee\/da\/wp-json\/wp\/v2\/product_cat?post=17293"},{"taxonomy":"product_tag","embeddable":true,"href":"https:\/\/flameguard.ee\/da\/wp-json\/wp\/v2\/product_tag?post=17293"}],"curies":[{"name":"wp","href":"https:\/\/api.w.org\/{rel}","templated":true}]}}