{"id":17315,"date":"2025-02-20T20:08:45","date_gmt":"2025-02-20T18:08:45","guid":{"rendered":"http:\/\/flameguard.ee.dedi7782.your-server.de\/?post_type=product&#038;p=17315"},"modified":"2025-03-13T18:43:25","modified_gmt":"2025-03-13T16:43:25","slug":"tulekustutustekk-autole-6x8m","status":"publish","type":"product","link":"https:\/\/flameguard.ee\/da\/product\/brandslukningstaeppe-til-bil-6x8m\/","title":{"rendered":"Brandt\u00e6ppe til bil 6x8m"},"content":{"rendered":"<p>Brandt\u00e6ppet opfylder de tekniske krav og giver effektiv beskyttelse under forskellige forhold og situationer.<\/p>\n<p><a style=\"color: #fe312e;\" href=\"\/wp-content\/uploads\/2025\/02\/Padtex-car-blanket_2021.pdf\" target=\"_blank\" rel=\"noopener\"><img decoding=\"async\" src=\"\/wp-content\/uploads\/2025\/02\/pdf-icon.webp\" \/> Produktkort<\/a><\/p>","protected":false},"excerpt":{"rendered":"<p>Et brandt\u00e6ppe er et slukningsmiddel lavet af brandsikkert stof, som er den bedste l\u00f8sning til at kontrollere og slukke brande for\u00e5rsaget af en brand for\u00e5rsaget af en fyret bil, herunder elbilbatterier, og forhindre spredning af brand.<\/p>\n<p><strong>Produktinformation:<\/strong><br \/>\nEn sikker l\u00f8sning, der er velegnet til el- og hybridbiler samt diesel- og benzinmotorer.<br \/>\nVelegnet til alle k\u00f8ret\u00f8jer, inklusive SUV'er.<br \/>\nLeveres i en kompakt taske eller v\u00e6gh\u00e6ngt kasse.<br \/>\nDesignet til genbrug \u2013 nej.<\/p>\n<p><strong>Dimensioner og v\u00e6gt:<\/strong><br \/>\nStandardm\u00e5l: 6 m x 8 m.<br \/>\nF\u00e5s i forskellige st\u00f8rrelser: 2 x 2 m, 5 x 5 m og 7 x 10 m.<br \/>\nV\u00e6gt: op til 41 kg, afh\u00e6ngig af st\u00f8rrelse.\"<\/p>\n<p>&nbsp;<\/p>","protected":false},"featured_media":17316,"template":"","meta":[],"product_brand":[],"product_cat":[86],"product_tag":[],"class_list":{"0":"post-17315","1":"product","2":"type-product","3":"status-publish","4":"has-post-thumbnail","6":"product_cat-tuletekid","8":"first","9":"instock","10":"taxable","11":"shipping-taxable","12":"purchasable","13":"product-type-simple"},"_links":{"self":[{"href":"https:\/\/flameguard.ee\/da\/wp-json\/wp\/v2\/product\/17315","targetHints":{"allow":["GET"]}}],"collection":[{"href":"https:\/\/flameguard.ee\/da\/wp-json\/wp\/v2\/product"}],"about":[{"href":"https:\/\/flameguard.ee\/da\/wp-json\/wp\/v2\/types\/product"}],"version-history":[{"count":3,"href":"https:\/\/flameguard.ee\/da\/wp-json\/wp\/v2\/product\/17315\/revisions"}],"predecessor-version":[{"id":17326,"href":"https:\/\/flameguard.ee\/da\/wp-json\/wp\/v2\/product\/17315\/revisions\/17326"}],"wp:featuredmedia":[{"embeddable":true,"href":"https:\/\/flameguard.ee\/da\/wp-json\/wp\/v2\/media\/17316"}],"wp:attachment":[{"href":"https:\/\/flameguard.ee\/da\/wp-json\/wp\/v2\/media?parent=17315"}],"wp:term":[{"taxonomy":"product_brand","embeddable":true,"href":"https:\/\/flameguard.ee\/da\/wp-json\/wp\/v2\/product_brand?post=17315"},{"taxonomy":"product_cat","embeddable":true,"href":"https:\/\/flameguard.ee\/da\/wp-json\/wp\/v2\/product_cat?post=17315"},{"taxonomy":"product_tag","embeddable":true,"href":"https:\/\/flameguard.ee\/da\/wp-json\/wp\/v2\/product_tag?post=17315"}],"curies":[{"name":"wp","href":"https:\/\/api.w.org\/{rel}","templated":true}]}}