{"id":17348,"date":"2025-02-21T08:32:07","date_gmt":"2025-02-21T06:32:07","guid":{"rendered":"http:\/\/flameguard.ee.dedi7782.your-server.de\/?post_type=product&#038;p=17348"},"modified":"2025-03-13T13:58:13","modified_gmt":"2025-03-13T11:58:13","slug":"tulekustutustekk-175x185cm","status":"publish","type":"product","link":"https:\/\/flameguard.ee\/da\/product\/brandtaeppe-175x185cm\/","title":{"rendered":"Brandt\u00e6ppe 175x185cm"},"content":{"rendered":"","protected":false},"excerpt":{"rendered":"<p>Et brandt\u00e6ppe er et slukningsv\u00e6rkt\u00f8j lavet af brandsikkert stof, som er vigtigt i ethvert hjem.<br \/>\nBrandt\u00e6ppets dimensioner er 175 x 185 cm, hvilket g\u00f8r det ideelt til slukning af mindre brande, fedtbrande, mindre husholdningsapparater eller mennesker. Brandt\u00e6ppet skal installeres p\u00e5 et synligt og let tilg\u00e6ngeligt sted i k\u00f8kkenet, s\u00e5 det hurtigt kan bruges, hvis det er n\u00f8dvendigt.<\/p>","protected":false},"featured_media":17349,"template":"","meta":[],"product_brand":[],"product_cat":[86],"product_tag":[],"class_list":{"0":"post-17348","1":"product","2":"type-product","3":"status-publish","4":"has-post-thumbnail","6":"product_cat-tuletekid","8":"first","9":"instock","10":"taxable","11":"shipping-taxable","12":"purchasable","13":"product-type-simple"},"_links":{"self":[{"href":"https:\/\/flameguard.ee\/da\/wp-json\/wp\/v2\/product\/17348","targetHints":{"allow":["GET"]}}],"collection":[{"href":"https:\/\/flameguard.ee\/da\/wp-json\/wp\/v2\/product"}],"about":[{"href":"https:\/\/flameguard.ee\/da\/wp-json\/wp\/v2\/types\/product"}],"version-history":[{"count":2,"href":"https:\/\/flameguard.ee\/da\/wp-json\/wp\/v2\/product\/17348\/revisions"}],"predecessor-version":[{"id":17352,"href":"https:\/\/flameguard.ee\/da\/wp-json\/wp\/v2\/product\/17348\/revisions\/17352"}],"wp:featuredmedia":[{"embeddable":true,"href":"https:\/\/flameguard.ee\/da\/wp-json\/wp\/v2\/media\/17349"}],"wp:attachment":[{"href":"https:\/\/flameguard.ee\/da\/wp-json\/wp\/v2\/media?parent=17348"}],"wp:term":[{"taxonomy":"product_brand","embeddable":true,"href":"https:\/\/flameguard.ee\/da\/wp-json\/wp\/v2\/product_brand?post=17348"},{"taxonomy":"product_cat","embeddable":true,"href":"https:\/\/flameguard.ee\/da\/wp-json\/wp\/v2\/product_cat?post=17348"},{"taxonomy":"product_tag","embeddable":true,"href":"https:\/\/flameguard.ee\/da\/wp-json\/wp\/v2\/product_tag?post=17348"}],"curies":[{"name":"wp","href":"https:\/\/api.w.org\/{rel}","templated":true}]}}