{"id":17373,"date":"2025-02-21T10:21:18","date_gmt":"2025-02-21T08:21:18","guid":{"rendered":"http:\/\/flameguard.ee.dedi7782.your-server.de\/?post_type=product&#038;p=17373"},"modified":"2025-02-23T16:54:09","modified_gmt":"2025-02-23T14:54:09","slug":"suitsuandur-kd-128b-5-a-aku","status":"publish","type":"product","link":"https:\/\/flameguard.ee\/da\/product\/rogalarm-kd-128b-5-a-batteri\/","title":{"rendered":"R\u00f8galarm KD-128B (5 \u00e5rs batteri)"},"content":{"rendered":"<p>KD-128B r\u00f8gdetektoren opfylder de tekniske krav og giver effektiv beskyttelse under forskellige forhold og situationer.<\/p>\n<p><a style=\"color: #fe312e;\" href=\"\/wp-content\/uploads\/2025\/02\/FN-SERVISS-dumu-detektors-instrukcija-KD-128B-WEB.pdf\" target=\"_blank\" rel=\"noopener\"><img decoding=\"async\" src=\"\/wp-content\/uploads\/2025\/02\/pdf-icon.webp\" \/> Installationsvejledning<\/a><\/p>","protected":false},"excerpt":{"rendered":"<p>Autonom optisk brandalarmsensor med indbygget batteri. Batteriets levetid er 5 \u00e5r.<br \/>\nDenne kompakte og effektive brandalarmalarm er perfekt til hjem og kontorer, hvilket sikrer tidlig branddetektion og hurtig reaktion.<\/p>\n<p><strong>Specifikationer:<\/strong><br \/>\nLydstyrke: \u226585 dB (ved 3 meter)<br \/>\nDriftstemperatur: -10 \u00b0C til +40 \u00b0C<br \/>\nMaksimal luftfugtighed: \u226495%<br \/>\nBatterilevetid: 5 \u00e5r<br \/>\nCertificering: Overholder EN 14604:2005\/AC:2008<\/p>\n<p>&nbsp;<\/p>","protected":false},"featured_media":17374,"template":"","meta":[],"product_brand":[],"product_cat":[84],"product_tag":[],"class_list":{"0":"post-17373","1":"product","2":"type-product","3":"status-publish","4":"has-post-thumbnail","6":"product_cat-suitsuandurid","8":"first","9":"instock","10":"taxable","11":"shipping-taxable","12":"purchasable","13":"product-type-simple"},"_links":{"self":[{"href":"https:\/\/flameguard.ee\/da\/wp-json\/wp\/v2\/product\/17373","targetHints":{"allow":["GET"]}}],"collection":[{"href":"https:\/\/flameguard.ee\/da\/wp-json\/wp\/v2\/product"}],"about":[{"href":"https:\/\/flameguard.ee\/da\/wp-json\/wp\/v2\/types\/product"}],"version-history":[{"count":6,"href":"https:\/\/flameguard.ee\/da\/wp-json\/wp\/v2\/product\/17373\/revisions"}],"predecessor-version":[{"id":17389,"href":"https:\/\/flameguard.ee\/da\/wp-json\/wp\/v2\/product\/17373\/revisions\/17389"}],"wp:featuredmedia":[{"embeddable":true,"href":"https:\/\/flameguard.ee\/da\/wp-json\/wp\/v2\/media\/17374"}],"wp:attachment":[{"href":"https:\/\/flameguard.ee\/da\/wp-json\/wp\/v2\/media?parent=17373"}],"wp:term":[{"taxonomy":"product_brand","embeddable":true,"href":"https:\/\/flameguard.ee\/da\/wp-json\/wp\/v2\/product_brand?post=17373"},{"taxonomy":"product_cat","embeddable":true,"href":"https:\/\/flameguard.ee\/da\/wp-json\/wp\/v2\/product_cat?post=17373"},{"taxonomy":"product_tag","embeddable":true,"href":"https:\/\/flameguard.ee\/da\/wp-json\/wp\/v2\/product_tag?post=17373"}],"curies":[{"name":"wp","href":"https:\/\/api.w.org\/{rel}","templated":true}]}}