{"id":17419,"date":"2025-02-21T12:29:19","date_gmt":"2025-02-21T10:29:19","guid":{"rendered":"http:\/\/flameguard.ee.dedi7782.your-server.de\/?post_type=product&#038;p=17419"},"modified":"2025-02-28T17:20:58","modified_gmt":"2025-02-28T15:20:58","slug":"co-andur-kd-218a","status":"publish","type":"product","link":"https:\/\/flameguard.ee\/da\/product\/co-sensor-kd-218a\/","title":{"rendered":"CO-sensor KD-218A"},"content":{"rendered":"","protected":false},"excerpt":{"rendered":"<p>KD-218A kuliltedetektoren er en p\u00e5lidelig og specialdesignet kuliltedetektor, der advarer om kulilte (CO) l\u00e6kage. Kulilte er en farvel\u00f8s, smagl\u00f8s og lugtfri giftig gas, der produceres ved ufuldst\u00e6ndig forbr\u00e6nding af kulstofholdige stoffer.<\/p>\n<p><strong>Specifikationer:<\/strong><br \/>\nStr\u00f8mforsyning: 3-AA LR6-batterier<br \/>\nM\u00e5lbar gas: Kulilte (CO)<br \/>\nSensorens levetid: 10 \u00e5r<br \/>\nDriftstemperatur: -10 \u00b0C til +45 \u00b0C<br \/>\nRelativ luftfugtighed: 0 til 93% relativ luftfugtighed<br \/>\nAlarmvolumen: \u2265 85 dB (fra 3 meter)<br \/>\nM\u00e5l: 107 \u00d7 77 \u00d7 36 mm<br \/>\nV\u00e6gt: 116 g<br \/>\nOverholdelse af standard: EN 50291-1:2018<\/p>\n<p>&nbsp;<\/p>","protected":false},"featured_media":17988,"template":"","meta":[],"product_brand":[],"product_cat":[84],"product_tag":[],"class_list":{"0":"post-17419","1":"product","2":"type-product","3":"status-publish","4":"has-post-thumbnail","6":"product_cat-suitsuandurid","8":"first","9":"instock","10":"taxable","11":"shipping-taxable","12":"purchasable","13":"product-type-simple"},"_links":{"self":[{"href":"https:\/\/flameguard.ee\/da\/wp-json\/wp\/v2\/product\/17419","targetHints":{"allow":["GET"]}}],"collection":[{"href":"https:\/\/flameguard.ee\/da\/wp-json\/wp\/v2\/product"}],"about":[{"href":"https:\/\/flameguard.ee\/da\/wp-json\/wp\/v2\/types\/product"}],"version-history":[{"count":1,"href":"https:\/\/flameguard.ee\/da\/wp-json\/wp\/v2\/product\/17419\/revisions"}],"predecessor-version":[{"id":17428,"href":"https:\/\/flameguard.ee\/da\/wp-json\/wp\/v2\/product\/17419\/revisions\/17428"}],"wp:featuredmedia":[{"embeddable":true,"href":"https:\/\/flameguard.ee\/da\/wp-json\/wp\/v2\/media\/17988"}],"wp:attachment":[{"href":"https:\/\/flameguard.ee\/da\/wp-json\/wp\/v2\/media?parent=17419"}],"wp:term":[{"taxonomy":"product_brand","embeddable":true,"href":"https:\/\/flameguard.ee\/da\/wp-json\/wp\/v2\/product_brand?post=17419"},{"taxonomy":"product_cat","embeddable":true,"href":"https:\/\/flameguard.ee\/da\/wp-json\/wp\/v2\/product_cat?post=17419"},{"taxonomy":"product_tag","embeddable":true,"href":"https:\/\/flameguard.ee\/da\/wp-json\/wp\/v2\/product_tag?post=17419"}],"curies":[{"name":"wp","href":"https:\/\/api.w.org\/{rel}","templated":true}]}}