{"id":17438,"date":"2025-02-21T12:42:57","date_gmt":"2025-02-21T10:42:57","guid":{"rendered":"http:\/\/flameguard.ee.dedi7782.your-server.de\/?post_type=product&#038;p=17438"},"modified":"2025-02-28T17:28:56","modified_gmt":"2025-02-28T15:28:56","slug":"gaasilekke-andur-hs-109b","status":"publish","type":"product","link":"https:\/\/flameguard.ee\/da\/product\/gaslaekagedetektor-hs-109b\/","title":{"rendered":"Gasl\u00e6kagedetektor HS-109B"},"content":{"rendered":"","protected":false},"excerpt":{"rendered":"<p>HS-109B gasl\u00e6kagedetektoren giver p\u00e5lidelig beskyttelse mod husholdningsgas, flydende gas (LPG) og naturgasl\u00e6kager. En meget f\u00f8lsom og lydh\u00f8r enhed.<br \/>\nRegistrerer l\u00e6kager af LPG (butan, propan), naturgas (metan) og bygas.<br \/>\nH\u00f8rbare og visuelle alarmer advarer brugerne om farlige gaskoncentrationer.<br \/>\nBrugervenligt design og nem installation.<\/p>\n<p><strong>Specifikationer:<\/strong><br \/>\nNominel sp\u00e6nding: AC230V \/ 50-60Hz<br \/>\nStr\u00f8mforbrug: &lt;6 W<br \/>\nDriftstemperatur: -10 \u00b0C til +50 \u00b0C<br \/>\nLuftfugtighed: 10-85% relativ luftfugtighed<br \/>\nAlarmniveau: Gas \u226425% LEL (laveste eksplosive koncentration)<br \/>\nP\u00e5viselige gasser:<br \/>\nLPG: Butan, propan (bruges i gasflasker).<br \/>\nBygas: Leveres via r\u00f8rledningssystem<br \/>\nNaturgas: Metan<br \/>\nLydstyrke: \u226585 dB (ved 3 meter)<br \/>\nM\u00e5l: 126 \u00d7 73 \u00d7 76 mm<br \/>\nCertifikater: CE, EN600065:2002 +A1:2006<\/p>\n<p>&nbsp;<\/p>","protected":false},"featured_media":17994,"template":"","meta":[],"product_brand":[],"product_cat":[84],"product_tag":[],"class_list":{"0":"post-17438","1":"product","2":"type-product","3":"status-publish","4":"has-post-thumbnail","6":"product_cat-suitsuandurid","8":"first","9":"instock","10":"taxable","11":"shipping-taxable","12":"purchasable","13":"product-type-simple"},"_links":{"self":[{"href":"https:\/\/flameguard.ee\/da\/wp-json\/wp\/v2\/product\/17438","targetHints":{"allow":["GET"]}}],"collection":[{"href":"https:\/\/flameguard.ee\/da\/wp-json\/wp\/v2\/product"}],"about":[{"href":"https:\/\/flameguard.ee\/da\/wp-json\/wp\/v2\/types\/product"}],"version-history":[{"count":1,"href":"https:\/\/flameguard.ee\/da\/wp-json\/wp\/v2\/product\/17438\/revisions"}],"predecessor-version":[{"id":17439,"href":"https:\/\/flameguard.ee\/da\/wp-json\/wp\/v2\/product\/17438\/revisions\/17439"}],"wp:featuredmedia":[{"embeddable":true,"href":"https:\/\/flameguard.ee\/da\/wp-json\/wp\/v2\/media\/17994"}],"wp:attachment":[{"href":"https:\/\/flameguard.ee\/da\/wp-json\/wp\/v2\/media?parent=17438"}],"wp:term":[{"taxonomy":"product_brand","embeddable":true,"href":"https:\/\/flameguard.ee\/da\/wp-json\/wp\/v2\/product_brand?post=17438"},{"taxonomy":"product_cat","embeddable":true,"href":"https:\/\/flameguard.ee\/da\/wp-json\/wp\/v2\/product_cat?post=17438"},{"taxonomy":"product_tag","embeddable":true,"href":"https:\/\/flameguard.ee\/da\/wp-json\/wp\/v2\/product_tag?post=17438"}],"curies":[{"name":"wp","href":"https:\/\/api.w.org\/{rel}","templated":true}]}}