{"id":17448,"date":"2025-02-21T13:36:34","date_gmt":"2025-02-21T11:36:34","guid":{"rendered":"http:\/\/flameguard.ee.dedi7782.your-server.de\/?post_type=product&#038;p=17448"},"modified":"2025-02-21T13:48:26","modified_gmt":"2025-02-21T11:48:26","slug":"tuletorjevoolik-38-mm-20-m-ilma-liitmikuta","status":"publish","type":"product","link":"https:\/\/flameguard.ee\/da\/product\/brandslange-38-mm-20-m-uden-fitting-uden-stik\/","title":{"rendered":"Brandslange 38 mm, 20 m, ikke-monteret"},"content":{"rendered":"","protected":false},"excerpt":{"rendered":"<p>Letv\u00e6gtsslange af h\u00f8j kvalitet, der let b\u00f8jer selv ved lave temperaturer. Slangen er korrosions- og vejrbestandig. Beregnet til brug i industri, hav, industrivand og nogle typer slukningskemikalier. Slidst\u00e6rk og kemisk inaktiv (ingen interaktion med v\u00e6ske).<\/p>\n<p><strong>Specifikationer:<\/strong><br \/>\nL\u00e6ngde: 20 meter<br \/>\nMaksimalt arbejdstryk: 15 bar<\/p>\n<p>&nbsp;<\/p>","protected":false},"featured_media":17449,"template":"","meta":[],"product_brand":[],"product_cat":[87],"product_tag":[],"class_list":{"0":"post-17448","1":"product","2":"type-product","3":"status-publish","4":"has-post-thumbnail","6":"product_cat-voolikususteem","8":"first","9":"instock","10":"taxable","11":"shipping-taxable","12":"purchasable","13":"product-type-simple"},"_links":{"self":[{"href":"https:\/\/flameguard.ee\/da\/wp-json\/wp\/v2\/product\/17448","targetHints":{"allow":["GET"]}}],"collection":[{"href":"https:\/\/flameguard.ee\/da\/wp-json\/wp\/v2\/product"}],"about":[{"href":"https:\/\/flameguard.ee\/da\/wp-json\/wp\/v2\/types\/product"}],"version-history":[{"count":2,"href":"https:\/\/flameguard.ee\/da\/wp-json\/wp\/v2\/product\/17448\/revisions"}],"predecessor-version":[{"id":17453,"href":"https:\/\/flameguard.ee\/da\/wp-json\/wp\/v2\/product\/17448\/revisions\/17453"}],"wp:featuredmedia":[{"embeddable":true,"href":"https:\/\/flameguard.ee\/da\/wp-json\/wp\/v2\/media\/17449"}],"wp:attachment":[{"href":"https:\/\/flameguard.ee\/da\/wp-json\/wp\/v2\/media?parent=17448"}],"wp:term":[{"taxonomy":"product_brand","embeddable":true,"href":"https:\/\/flameguard.ee\/da\/wp-json\/wp\/v2\/product_brand?post=17448"},{"taxonomy":"product_cat","embeddable":true,"href":"https:\/\/flameguard.ee\/da\/wp-json\/wp\/v2\/product_cat?post=17448"},{"taxonomy":"product_tag","embeddable":true,"href":"https:\/\/flameguard.ee\/da\/wp-json\/wp\/v2\/product_tag?post=17448"}],"curies":[{"name":"wp","href":"https:\/\/api.w.org\/{rel}","templated":true}]}}