{"id":17454,"date":"2025-02-21T13:48:55","date_gmt":"2025-02-21T11:48:55","guid":{"rendered":"http:\/\/flameguard.ee.dedi7782.your-server.de\/?post_type=product&#038;p=17454"},"modified":"2025-02-21T15:06:48","modified_gmt":"2025-02-21T13:06:48","slug":"tuletorjevoolik-38-mm-20-m-liitmikuta-kopeeri","status":"publish","type":"product","link":"https:\/\/flameguard.ee\/da\/product\/brandslange-38-mm-20-m-uden-fitting-kopi\/","title":{"rendered":"Brandslange med STORZ-kobling 25 mm, 30 m"},"content":{"rendered":"","protected":false},"excerpt":{"rendered":"<p>Letv\u00e6gtsslange af h\u00f8j kvalitet, der let b\u00f8jer selv ved lave temperaturer. Slangen er korrosions- og vejrbestandig. Beregnet til brug i industri, hav, industrivand og nogle typer slukningskemikalier. Slidst\u00e6rk og kemisk inaktiv (ingen interaktion med v\u00e6ske).<\/p>\n<p><strong>Specifikationer:<\/strong><br \/>\nL\u00e6ngde: 30 meter<br \/>\nMaksimalt arbejdstryk: 15 bar<br \/>\nRelateret til STORTZ-forbindelsen<br \/>\nUdvendigt: Polyesterstof af h\u00f8j kvalitet<br \/>\nIndvendig overflade: PVC, polyurethan (PU)<br \/>\nTemperaturgr\u00e6nse: -30 \u00b0C til +80 \u00b0C<br \/>\nMED-certifikat nr.: BSI\/MED\/3.29\/770026<br \/>\nCertifikat for produktoverensstemmelse: EN 14540:2014<\/p>\n<p>&nbsp;<\/p>","protected":false},"featured_media":17455,"template":"","meta":[],"product_brand":[],"product_cat":[87],"product_tag":[],"class_list":{"0":"post-17454","1":"product","2":"type-product","3":"status-publish","4":"has-post-thumbnail","6":"product_cat-voolikususteem","8":"first","9":"instock","10":"taxable","11":"shipping-taxable","12":"purchasable","13":"product-type-simple"},"_links":{"self":[{"href":"https:\/\/flameguard.ee\/da\/wp-json\/wp\/v2\/product\/17454","targetHints":{"allow":["GET"]}}],"collection":[{"href":"https:\/\/flameguard.ee\/da\/wp-json\/wp\/v2\/product"}],"about":[{"href":"https:\/\/flameguard.ee\/da\/wp-json\/wp\/v2\/types\/product"}],"version-history":[{"count":4,"href":"https:\/\/flameguard.ee\/da\/wp-json\/wp\/v2\/product\/17454\/revisions"}],"predecessor-version":[{"id":17515,"href":"https:\/\/flameguard.ee\/da\/wp-json\/wp\/v2\/product\/17454\/revisions\/17515"}],"wp:featuredmedia":[{"embeddable":true,"href":"https:\/\/flameguard.ee\/da\/wp-json\/wp\/v2\/media\/17455"}],"wp:attachment":[{"href":"https:\/\/flameguard.ee\/da\/wp-json\/wp\/v2\/media?parent=17454"}],"wp:term":[{"taxonomy":"product_brand","embeddable":true,"href":"https:\/\/flameguard.ee\/da\/wp-json\/wp\/v2\/product_brand?post=17454"},{"taxonomy":"product_cat","embeddable":true,"href":"https:\/\/flameguard.ee\/da\/wp-json\/wp\/v2\/product_cat?post=17454"},{"taxonomy":"product_tag","embeddable":true,"href":"https:\/\/flameguard.ee\/da\/wp-json\/wp\/v2\/product_tag?post=17454"}],"curies":[{"name":"wp","href":"https:\/\/api.w.org\/{rel}","templated":true}]}}