{"id":17529,"date":"2025-02-21T16:43:44","date_gmt":"2025-02-21T14:43:44","guid":{"rendered":"http:\/\/flameguard.ee.dedi7782.your-server.de\/?post_type=product&#038;p=17529"},"modified":"2025-02-21T16:43:44","modified_gmt":"2025-02-21T14:43:44","slug":"evakuatsioonivalgusti-gr-7-leds-1h","status":"publish","type":"product","link":"https:\/\/flameguard.ee\/da\/product\/evakueringslys-gr-7-leds-1h\/","title":{"rendered":"Evakueringslys GR-7\/LED, 1h"},"content":{"rendered":"","protected":false},"excerpt":{"rendered":"<p>Evakueringslyset \u2013 GR-7\/LED (1h) har innovativ LED-teknologi af h\u00f8j kvalitet, der fungerer selv i tilf\u00e6lde af str\u00f8msvigt. Velegnet til \u00e5bne rum, korridorer og markering af flugtveje. Let at installere.<\/p>\n<p><strong>Produktfunktioner og tekniske specifikationer:<\/strong><br \/>\nNominel sp\u00e6nding: 220... 240 V vekselstr\u00f8m\/50-60 Hz<br \/>\nBatteri: (Ni-Cd) 3,6V \/ 0,6Ah<br \/>\nIndikatorer: LED-batteriopladningsindikator, TEST-knap<br \/>\nOpladningstid: 24 timer<br \/>\nDriftstid i tilf\u00e6lde af str\u00f8msvigt: 60 minutter<br \/>\nLysstr\u00f8m i kontinuerlig tilstand: 8 hvide LED'er<br \/>\nEffektiv lysstr\u00f8m: 75 lm<br \/>\nBeskyttelsesgrad (IP): IP20<br \/>\nMateriale: ABS\/PC, PC<br \/>\nDriftstemperatur: 5 til 40\u00b0C<br \/>\nMaksimal luftfugtighed: op til 95%<br \/>\nMateriale til hus: Plastik<br \/>\nDimensioner:<br \/>\nL\u00e6ngde: 280 mm<br \/>\nH\u00f8jde: 95 mm<br \/>\nDybde: 48 mm<br \/>\nV\u00e6gt: 309 g<br \/>\nGaranti: 3 \u00e5r (batterigaranti 1 \u00e5r)<br \/>\nInkluderet: 4 piktogrammer (pile til h\u00f8jre, venstre, op, ned)<\/p>\n<p>&nbsp;<\/p>","protected":false},"featured_media":17530,"template":"","meta":[],"product_brand":[],"product_cat":[89],"product_tag":[],"class_list":{"0":"post-17529","1":"product","2":"type-product","3":"status-publish","4":"has-post-thumbnail","6":"product_cat-turvavalgustid","8":"first","9":"instock","10":"taxable","11":"shipping-taxable","12":"purchasable","13":"product-type-simple"},"_links":{"self":[{"href":"https:\/\/flameguard.ee\/da\/wp-json\/wp\/v2\/product\/17529","targetHints":{"allow":["GET"]}}],"collection":[{"href":"https:\/\/flameguard.ee\/da\/wp-json\/wp\/v2\/product"}],"about":[{"href":"https:\/\/flameguard.ee\/da\/wp-json\/wp\/v2\/types\/product"}],"version-history":[{"count":1,"href":"https:\/\/flameguard.ee\/da\/wp-json\/wp\/v2\/product\/17529\/revisions"}],"predecessor-version":[{"id":17536,"href":"https:\/\/flameguard.ee\/da\/wp-json\/wp\/v2\/product\/17529\/revisions\/17536"}],"wp:featuredmedia":[{"embeddable":true,"href":"https:\/\/flameguard.ee\/da\/wp-json\/wp\/v2\/media\/17530"}],"wp:attachment":[{"href":"https:\/\/flameguard.ee\/da\/wp-json\/wp\/v2\/media?parent=17529"}],"wp:term":[{"taxonomy":"product_brand","embeddable":true,"href":"https:\/\/flameguard.ee\/da\/wp-json\/wp\/v2\/product_brand?post=17529"},{"taxonomy":"product_cat","embeddable":true,"href":"https:\/\/flameguard.ee\/da\/wp-json\/wp\/v2\/product_cat?post=17529"},{"taxonomy":"product_tag","embeddable":true,"href":"https:\/\/flameguard.ee\/da\/wp-json\/wp\/v2\/product_tag?post=17529"}],"curies":[{"name":"wp","href":"https:\/\/api.w.org\/{rel}","templated":true}]}}