{"id":17545,"date":"2025-02-21T18:12:52","date_gmt":"2025-02-21T16:12:52","guid":{"rendered":"http:\/\/flameguard.ee.dedi7782.your-server.de\/?post_type=product&#038;p=17545"},"modified":"2025-02-21T18:22:19","modified_gmt":"2025-02-21T16:22:19","slug":"evakuatsioonivalgusti-gr-8-led-90-min","status":"publish","type":"product","link":"https:\/\/flameguard.ee\/da\/product\/evakueringslys-gr-8-led-90-min\/","title":{"rendered":"Evakueringslys GR-8 LED, 90 min"},"content":{"rendered":"","protected":false},"excerpt":{"rendered":"<p>OXIMIA LED 3h evakueringslys har innovativ LED-teknologi af h\u00f8j kvalitet, der fungerer selv i tilf\u00e6lde af str\u00f8msvigt. Velegnet til \u00e5bne rum, korridorer og markering af flugtveje. Let at installere.<\/p>\n<p><strong>Specifikationer:<\/strong><br \/>\n2 driftstilstande:<br \/>\nLyset er konstant t\u00e6ndt<br \/>\nLyser kun i tilf\u00e6lde af str\u00f8msvigt<br \/>\nDriftstid i tilf\u00e6lde af str\u00f8msvigt: 90 minutter<br \/>\nM\u00e5l: 246 x 76 x 42 mm<br \/>\nV\u00e6gt: 0,43 kg<br \/>\nCertifikater: CE, EN 60598-1, EN 60598-2-22, \u0395\u039d 55015, \u0395\u039d 6154<\/p>\n<p>&nbsp;<\/p>","protected":false},"featured_media":17549,"template":"","meta":[],"product_brand":[],"product_cat":[89],"product_tag":[],"class_list":{"0":"post-17545","1":"product","2":"type-product","3":"status-publish","4":"has-post-thumbnail","6":"product_cat-turvavalgustid","8":"first","9":"instock","10":"taxable","11":"shipping-taxable","12":"purchasable","13":"product-type-simple"},"_links":{"self":[{"href":"https:\/\/flameguard.ee\/da\/wp-json\/wp\/v2\/product\/17545","targetHints":{"allow":["GET"]}}],"collection":[{"href":"https:\/\/flameguard.ee\/da\/wp-json\/wp\/v2\/product"}],"about":[{"href":"https:\/\/flameguard.ee\/da\/wp-json\/wp\/v2\/types\/product"}],"version-history":[{"count":1,"href":"https:\/\/flameguard.ee\/da\/wp-json\/wp\/v2\/product\/17545\/revisions"}],"predecessor-version":[{"id":17553,"href":"https:\/\/flameguard.ee\/da\/wp-json\/wp\/v2\/product\/17545\/revisions\/17553"}],"wp:featuredmedia":[{"embeddable":true,"href":"https:\/\/flameguard.ee\/da\/wp-json\/wp\/v2\/media\/17549"}],"wp:attachment":[{"href":"https:\/\/flameguard.ee\/da\/wp-json\/wp\/v2\/media?parent=17545"}],"wp:term":[{"taxonomy":"product_brand","embeddable":true,"href":"https:\/\/flameguard.ee\/da\/wp-json\/wp\/v2\/product_brand?post=17545"},{"taxonomy":"product_cat","embeddable":true,"href":"https:\/\/flameguard.ee\/da\/wp-json\/wp\/v2\/product_cat?post=17545"},{"taxonomy":"product_tag","embeddable":true,"href":"https:\/\/flameguard.ee\/da\/wp-json\/wp\/v2\/product_tag?post=17545"}],"curies":[{"name":"wp","href":"https:\/\/api.w.org\/{rel}","templated":true}]}}