{"id":17602,"date":"2025-02-21T18:54:21","date_gmt":"2025-02-21T16:54:21","guid":{"rendered":"http:\/\/flameguard.ee.dedi7782.your-server.de\/?post_type=product&#038;p=17602"},"modified":"2025-03-06T11:05:50","modified_gmt":"2025-03-06T09:05:50","slug":"liitiumakude-tule-ja-plahvatusekindel-laadimiskapp-cemo-8-5-jalgadeta-1-faasiline","status":"publish","type":"product","link":"https:\/\/flameguard.ee\/da\/product\/lithium-batterier-brand-og-eksplosionssikker-opladningsskab-cemo-8-5-fod-1-fase\/","title":{"rendered":"Lithium batteri brand- og eksplosionssikkert ladeskab CEMO 8\/5 benl\u00f8s, 1 fase"},"content":{"rendered":"<p><strong>Opgraderinger til ladeskabet, n\u00e5r du v\u00e6lger Premium-versionen:<\/strong><\/p>\n<ul>\n<li>Elektrisk betjent r\u00f8galarm<\/li>\n<li>Slukning af str\u00f8mmen, n\u00e5r der registreres r\u00f8g<\/li>\n<li>Akustisk advarselsmeddelelse<\/li>\n<li>Potentialfrit udtag til tilslutning til brandalarmanl\u00e6gget (uden for skabet)<\/li>\n<li>12 V-tilslutning til kombineret alarmsystem (visuelt og akustisk)<\/li>\n<\/ul>\n<p><strong>Opgraderinger til ladeskabet ved valg af Premium Plus-versionen:<\/strong><\/p>\n<ul>\n<li>Alt, hvad der inkluderer Premium-versionen<\/li>\n<li>Indend\u00f8rs temperaturvisning<\/li>\n<li>Rabat p\u00e5 mobiltelefon<\/li>\n<li>Yderligere funktioner via fjernadgang<\/li>\n<\/ul>\n<p>&nbsp;<\/p>\n<p>&nbsp;<\/p>","protected":false},"excerpt":{"rendered":"<p>Batteriladeskab 8\/5, med LockEx-l\u00e5sesystem. Uden st\u00f8tteben, med 1-faset tilslutning 3500W, 16A (6 stik) og ventilation.<br \/>\nSkabet er udstyret med en r\u00f8gdetektor og et sluk-system.<\/p>\n<p><strong>Specifikationer:<\/strong><br \/>\nBredde: 80 cm<br \/>\nH\u00f8jde: 52 cm<br \/>\nDybde: 66 cm<br \/>\nV\u00e6gt: 80 kg<br \/>\nCertifikater: T\u00dcV fra NORD Group ved hj\u00e6lp af det nyeste M02\/22-testprogram, som omfatter \u00e6gte batteribrandtest og genererede gaseksplosioner.<br \/>\nMPA-testet brandmodstand i mere end 60 minutter indefra og ude i henhold til EN 1363-1-standarden.<br \/>\nFremstillet af ikke-br\u00e6ndbare og brandsikre komponenter.<\/p>\n<p>&nbsp;<\/p>\n<p>&nbsp;<\/p>","protected":false},"featured_media":17562,"template":"","meta":[],"product_brand":[],"product_cat":[125,136],"product_tag":[],"class_list":{"0":"post-17602","1":"product","2":"type-product","3":"status-publish","4":"has-post-thumbnail","6":"product_cat-innovatsioon","7":"product_cat-turvakapid","9":"first","10":"instock","11":"taxable","12":"shipping-taxable","13":"purchasable","14":"product-type-variable","15":"has-default-attributes"},"_links":{"self":[{"href":"https:\/\/flameguard.ee\/da\/wp-json\/wp\/v2\/product\/17602","targetHints":{"allow":["GET"]}}],"collection":[{"href":"https:\/\/flameguard.ee\/da\/wp-json\/wp\/v2\/product"}],"about":[{"href":"https:\/\/flameguard.ee\/da\/wp-json\/wp\/v2\/types\/product"}],"version-history":[{"count":11,"href":"https:\/\/flameguard.ee\/da\/wp-json\/wp\/v2\/product\/17602\/revisions"}],"predecessor-version":[{"id":18211,"href":"https:\/\/flameguard.ee\/da\/wp-json\/wp\/v2\/product\/17602\/revisions\/18211"}],"wp:featuredmedia":[{"embeddable":true,"href":"https:\/\/flameguard.ee\/da\/wp-json\/wp\/v2\/media\/17562"}],"wp:attachment":[{"href":"https:\/\/flameguard.ee\/da\/wp-json\/wp\/v2\/media?parent=17602"}],"wp:term":[{"taxonomy":"product_brand","embeddable":true,"href":"https:\/\/flameguard.ee\/da\/wp-json\/wp\/v2\/product_brand?post=17602"},{"taxonomy":"product_cat","embeddable":true,"href":"https:\/\/flameguard.ee\/da\/wp-json\/wp\/v2\/product_cat?post=17602"},{"taxonomy":"product_tag","embeddable":true,"href":"https:\/\/flameguard.ee\/da\/wp-json\/wp\/v2\/product_tag?post=17602"}],"curies":[{"name":"wp","href":"https:\/\/api.w.org\/{rel}","templated":true}]}}