{"id":17611,"date":"2025-02-21T19:13:15","date_gmt":"2025-02-21T17:13:15","guid":{"rendered":"http:\/\/flameguard.ee.dedi7782.your-server.de\/?post_type=product&#038;p=17611"},"modified":"2025-02-27T13:11:29","modified_gmt":"2025-02-27T11:11:29","slug":"kahepoolne-evakuatsioonivalgusti-alla-mld-34d-w-12led-180-min","status":"publish","type":"product","link":"https:\/\/flameguard.ee\/da\/product\/dupleks-evakuering-lys-ned-mld-34d-w-12led-180-min\/","title":{"rendered":"\"Flyt ned\" evakueringslys MLD-34D\/W 12LED, 180 min"},"content":{"rendered":"","protected":false},"excerpt":{"rendered":"<p>Det dobbeltsidede evakueringslys, MLD-34D\/W 3h, har innovativ LED-teknologi af h\u00f8j kvalitet, der fungerer selv i tilf\u00e6lde af str\u00f8msvigt. Velegnet til \u00e5bne rum, korridorer og markering af flugtveje. Let at installere.     <\/p>\n<p><strong>Specifikationer:<\/strong><br \/>\nDriftstid i tilf\u00e6lde af str\u00f8msvigt: 180 minutter<br \/>\nDimensioner: 200 x 365 <\/p>","protected":false},"featured_media":17579,"template":"","meta":[],"product_brand":[],"product_cat":[89],"product_tag":[],"class_list":{"0":"post-17611","1":"product","2":"type-product","3":"status-publish","4":"has-post-thumbnail","6":"product_cat-turvavalgustid","8":"first","9":"instock","10":"taxable","11":"shipping-taxable","12":"purchasable","13":"product-type-simple"},"_links":{"self":[{"href":"https:\/\/flameguard.ee\/da\/wp-json\/wp\/v2\/product\/17611","targetHints":{"allow":["GET"]}}],"collection":[{"href":"https:\/\/flameguard.ee\/da\/wp-json\/wp\/v2\/product"}],"about":[{"href":"https:\/\/flameguard.ee\/da\/wp-json\/wp\/v2\/types\/product"}],"version-history":[{"count":2,"href":"https:\/\/flameguard.ee\/da\/wp-json\/wp\/v2\/product\/17611\/revisions"}],"predecessor-version":[{"id":17858,"href":"https:\/\/flameguard.ee\/da\/wp-json\/wp\/v2\/product\/17611\/revisions\/17858"}],"wp:featuredmedia":[{"embeddable":true,"href":"https:\/\/flameguard.ee\/da\/wp-json\/wp\/v2\/media\/17579"}],"wp:attachment":[{"href":"https:\/\/flameguard.ee\/da\/wp-json\/wp\/v2\/media?parent=17611"}],"wp:term":[{"taxonomy":"product_brand","embeddable":true,"href":"https:\/\/flameguard.ee\/da\/wp-json\/wp\/v2\/product_brand?post=17611"},{"taxonomy":"product_cat","embeddable":true,"href":"https:\/\/flameguard.ee\/da\/wp-json\/wp\/v2\/product_cat?post=17611"},{"taxonomy":"product_tag","embeddable":true,"href":"https:\/\/flameguard.ee\/da\/wp-json\/wp\/v2\/product_tag?post=17611"}],"curies":[{"name":"wp","href":"https:\/\/api.w.org\/{rel}","templated":true}]}}