{"id":17623,"date":"2025-02-21T19:31:02","date_gmt":"2025-02-21T17:31:02","guid":{"rendered":"http:\/\/flameguard.ee.dedi7782.your-server.de\/?post_type=product&#038;p=17623"},"modified":"2025-02-27T13:08:34","modified_gmt":"2025-02-27T11:08:34","slug":"kahepoolne-evakuatsioonivalgusti-allamld-28d-w-12led-180-min","status":"publish","type":"product","link":"https:\/\/flameguard.ee\/da\/product\/dupleks-evakueringslys-allamld-28d-w-12led-180-min\/","title":{"rendered":"\"Flyt ned\" evakueringslys MLD-28D\/W 12LED, 180 min"},"content":{"rendered":"","protected":false},"excerpt":{"rendered":"<p>Den dobbeltsidede evakueringslampe, MLD-28D\/W 3h, har innovativ LED-teknologi af h\u00f8j kvalitet, der fungerer selv i tilf\u00e6lde af str\u00f8msvigt. Velegnet til \u00e5bne rum, korridorer og markering af flugtveje. Let at installere.<\/p>\n<p><strong>Specifikationer:<\/strong><br \/>\nRetning: Ned<br \/>\nDriftstid i tilf\u00e6lde af str\u00f8msvigt: 180 minutter<br \/>\nDimensioner: 135 x 305<\/p>\n<p>&nbsp;<\/p>","protected":false},"featured_media":17579,"template":"","meta":[],"product_brand":[],"product_cat":[89],"product_tag":[],"class_list":{"0":"post-17623","1":"product","2":"type-product","3":"status-publish","4":"has-post-thumbnail","6":"product_cat-turvavalgustid","8":"first","9":"instock","10":"taxable","11":"shipping-taxable","12":"purchasable","13":"product-type-simple"},"_links":{"self":[{"href":"https:\/\/flameguard.ee\/da\/wp-json\/wp\/v2\/product\/17623","targetHints":{"allow":["GET"]}}],"collection":[{"href":"https:\/\/flameguard.ee\/da\/wp-json\/wp\/v2\/product"}],"about":[{"href":"https:\/\/flameguard.ee\/da\/wp-json\/wp\/v2\/types\/product"}],"version-history":[{"count":3,"href":"https:\/\/flameguard.ee\/da\/wp-json\/wp\/v2\/product\/17623\/revisions"}],"predecessor-version":[{"id":17855,"href":"https:\/\/flameguard.ee\/da\/wp-json\/wp\/v2\/product\/17623\/revisions\/17855"}],"wp:featuredmedia":[{"embeddable":true,"href":"https:\/\/flameguard.ee\/da\/wp-json\/wp\/v2\/media\/17579"}],"wp:attachment":[{"href":"https:\/\/flameguard.ee\/da\/wp-json\/wp\/v2\/media?parent=17623"}],"wp:term":[{"taxonomy":"product_brand","embeddable":true,"href":"https:\/\/flameguard.ee\/da\/wp-json\/wp\/v2\/product_brand?post=17623"},{"taxonomy":"product_cat","embeddable":true,"href":"https:\/\/flameguard.ee\/da\/wp-json\/wp\/v2\/product_cat?post=17623"},{"taxonomy":"product_tag","embeddable":true,"href":"https:\/\/flameguard.ee\/da\/wp-json\/wp\/v2\/product_tag?post=17623"}],"curies":[{"name":"wp","href":"https:\/\/api.w.org\/{rel}","templated":true}]}}