{"id":17672,"date":"2025-02-23T15:47:41","date_gmt":"2025-02-23T13:47:41","guid":{"rendered":"http:\/\/flameguard.ee.dedi7782.your-server.de\/?post_type=product&#038;p=17672"},"modified":"2025-03-03T16:15:01","modified_gmt":"2025-03-03T14:15:01","slug":"tuletokkeuks-delta-ei60-valge-avale-1000-x-2050-mm","status":"publish","type":"product","link":"https:\/\/flameguard.ee\/da\/product\/brandsikker-dor-delta-ei60-hvid-abning-1000-x-2050-mm\/","title":{"rendered":"Brandd\u00f8r Delta EI60 hvid (til \u00e5bning 1000 x 2050 mm)"},"content":{"rendered":"<p>Produktet opfylder de tekniske krav og giver effektiv beskyttelse under en r\u00e6kke forskellige forhold og situationer.<\/p>\n<p><a style=\"color: #fe312e;\" href=\"\/wp-content\/uploads\/2025\/03\/delta-cten.pdf\" target=\"_blank\" rel=\"noopener\"><img decoding=\"async\" src=\"\/wp-content\/uploads\/2025\/02\/pdf-icon.webp\" \/> Produktkort<\/a><\/p>","protected":false},"excerpt":{"rendered":"<p>Delta EI60 er en brandd\u00f8r af h\u00f8j kvalitet, der er designet til at sikre brandsikkerheden i forskellige bygninger. Denne d\u00f8r er lavet af hvidt st\u00e5l og tilbyder op til 60 minutters brandmodstand (EI60), hvilket hj\u00e6lper med at forhindre spredning af ild og r\u00f8g i tilf\u00e6lde af brand.<\/p>\n<p><strong>Specifikationer:<\/strong><br \/>\nD\u00f8rblad tykkelse: 62 mm<br \/>\nD\u00f8rliste bredde: 28 mm<br \/>\nD\u00f8rblad: 0,6 mm koldvalset st\u00e5l<br \/>\nRamme: 1,2 mm koldvalset st\u00e5l.<br \/>\nUdvendig finish: hvid<br \/>\nH\u00e6ngsler: 2 stk. (for\u00e5r)<br \/>\nL\u00e5s: + kerne 35*35<br \/>\nBeslag : d\u00f8rh\u00e5ndtag ( Sort)<br \/>\nDimensioner:<br \/>\nD\u00f8rblad st\u00f8rrelse: 900 x 2000 mm<br \/>\nUdvendige m\u00e5l p\u00e5 d\u00f8rkarmen: 980 x 2040 mm<br \/>\nD\u00f8rv\u00e6gt \u2013 76 kg<\/p>\n<p>&nbsp;<\/p>","protected":false},"featured_media":17673,"template":"","meta":[],"product_brand":[],"product_cat":[82],"product_tag":[],"class_list":{"0":"post-17672","1":"product","2":"type-product","3":"status-publish","4":"has-post-thumbnail","6":"product_cat-tuletokkeuksed","8":"first","9":"instock","10":"taxable","11":"shipping-taxable","12":"purchasable","13":"product-type-simple"},"_links":{"self":[{"href":"https:\/\/flameguard.ee\/da\/wp-json\/wp\/v2\/product\/17672","targetHints":{"allow":["GET"]}}],"collection":[{"href":"https:\/\/flameguard.ee\/da\/wp-json\/wp\/v2\/product"}],"about":[{"href":"https:\/\/flameguard.ee\/da\/wp-json\/wp\/v2\/types\/product"}],"version-history":[{"count":5,"href":"https:\/\/flameguard.ee\/da\/wp-json\/wp\/v2\/product\/17672\/revisions"}],"predecessor-version":[{"id":18111,"href":"https:\/\/flameguard.ee\/da\/wp-json\/wp\/v2\/product\/17672\/revisions\/18111"}],"wp:featuredmedia":[{"embeddable":true,"href":"https:\/\/flameguard.ee\/da\/wp-json\/wp\/v2\/media\/17673"}],"wp:attachment":[{"href":"https:\/\/flameguard.ee\/da\/wp-json\/wp\/v2\/media?parent=17672"}],"wp:term":[{"taxonomy":"product_brand","embeddable":true,"href":"https:\/\/flameguard.ee\/da\/wp-json\/wp\/v2\/product_brand?post=17672"},{"taxonomy":"product_cat","embeddable":true,"href":"https:\/\/flameguard.ee\/da\/wp-json\/wp\/v2\/product_cat?post=17672"},{"taxonomy":"product_tag","embeddable":true,"href":"https:\/\/flameguard.ee\/da\/wp-json\/wp\/v2\/product_tag?post=17672"}],"curies":[{"name":"wp","href":"https:\/\/api.w.org\/{rel}","templated":true}]}}