{"id":17701,"date":"2025-02-23T17:32:02","date_gmt":"2025-02-23T15:32:02","guid":{"rendered":"http:\/\/flameguard.ee.dedi7782.your-server.de\/?post_type=product&#038;p=17701"},"modified":"2025-03-10T15:41:31","modified_gmt":"2025-03-10T13:41:31","slug":"suitsuandurandur-temperatuuriandur-coandur-ajax-fireprotect-plus","status":"publish","type":"product","link":"https:\/\/flameguard.ee\/da\/product\/rogdetektor-temperaturdetektor-coandur-ajax-fireprotect-plus\/","title":{"rendered":"AJAX FireProtect Plus r\u00f8gdetektor + temperaturdetektor + CO-detektor"},"content":{"rendered":"","protected":false},"excerpt":{"rendered":"<p>Ajax FireProtect tr\u00e5dl\u00f8s r\u00f8gdetektor, temperatursensor og kuliltedetektor i \u00e9n enhed. Den kompakte og tr\u00e5dl\u00f8se sensor er en n\u00f8dvendig sikkerhedsfunktion i ethvert hjem eller kontor.<br \/>\nSensoren kan fjernstyres ved hj\u00e6lp af Ajax Security System-applikationen.<\/p>\n<p><strong>Specifikationer:<\/strong><br \/>\nTilslutningstype: tr\u00e5dl\u00f8s<br \/>\nAnvendelsessted: Indend\u00f8rs<br \/>\nTemperatursensor: Sp\u00e6nder fra +54 \u00b0C til 65 \u00b0C<br \/>\nAlarmtype: Lys og lyd<br \/>\nKommunikationsprotokoller: Juveler (868,0-868,6 MHz)<br \/>\nMaksimal afstand mellem detektor og kontrolpanel: op til 1300 m (\u00e5ben)<br \/>\nStr\u00f8mforsyning: 2 CR2-batterier<br \/>\nBatterilevetid: op til 4 \u00e5r<br \/>\nFungerer ved temperaturer fra 0 \u00b0C til +65 \u00b0C<br \/>\nFugtbestandighed: Op til 80%<br \/>\nSt\u00f8rrelse: 132x132x31 mm<br \/>\nV\u00e6gt: 220 g<\/p>\n<p>&nbsp;<\/p>","protected":false},"featured_media":17696,"template":"","meta":[],"product_brand":[],"product_cat":[125,84],"product_tag":[],"class_list":{"0":"post-17701","1":"product","2":"type-product","3":"status-publish","4":"has-post-thumbnail","6":"product_cat-innovatsioon","7":"product_cat-suitsuandurid","9":"first","10":"instock","11":"taxable","12":"shipping-taxable","13":"purchasable","14":"product-type-simple"},"_links":{"self":[{"href":"https:\/\/flameguard.ee\/da\/wp-json\/wp\/v2\/product\/17701","targetHints":{"allow":["GET"]}}],"collection":[{"href":"https:\/\/flameguard.ee\/da\/wp-json\/wp\/v2\/product"}],"about":[{"href":"https:\/\/flameguard.ee\/da\/wp-json\/wp\/v2\/types\/product"}],"version-history":[{"count":8,"href":"https:\/\/flameguard.ee\/da\/wp-json\/wp\/v2\/product\/17701\/revisions"}],"predecessor-version":[{"id":18015,"href":"https:\/\/flameguard.ee\/da\/wp-json\/wp\/v2\/product\/17701\/revisions\/18015"}],"wp:featuredmedia":[{"embeddable":true,"href":"https:\/\/flameguard.ee\/da\/wp-json\/wp\/v2\/media\/17696"}],"wp:attachment":[{"href":"https:\/\/flameguard.ee\/da\/wp-json\/wp\/v2\/media?parent=17701"}],"wp:term":[{"taxonomy":"product_brand","embeddable":true,"href":"https:\/\/flameguard.ee\/da\/wp-json\/wp\/v2\/product_brand?post=17701"},{"taxonomy":"product_cat","embeddable":true,"href":"https:\/\/flameguard.ee\/da\/wp-json\/wp\/v2\/product_cat?post=17701"},{"taxonomy":"product_tag","embeddable":true,"href":"https:\/\/flameguard.ee\/da\/wp-json\/wp\/v2\/product_tag?post=17701"}],"curies":[{"name":"wp","href":"https:\/\/api.w.org\/{rel}","templated":true}]}}