{"id":17706,"date":"2025-02-23T17:41:27","date_gmt":"2025-02-23T15:41:27","guid":{"rendered":"http:\/\/flameguard.ee.dedi7782.your-server.de\/?post_type=product&#038;p=17706"},"modified":"2025-02-28T21:34:55","modified_gmt":"2025-02-28T19:34:55","slug":"suitsuandur-lento-10-a-aku","status":"publish","type":"product","link":"https:\/\/flameguard.ee\/da\/product\/rogalarm-lento-10-a-batteri\/","title":{"rendered":"R\u00f8galarm LENTO (10 \u00e5rs batteri)"},"content":{"rendered":"","protected":false},"excerpt":{"rendered":"<p>Den autonome optiske brandalarmdetektor Lento 10 er en enhed med et unikt m\u00f8lformet design, der fungerer som b\u00e5de et indretningselement og en sikkerhed i hjemmet.<br \/>\nDetektoren udsender en st\u00e6rk alarm, s\u00e5 snart den registrerer r\u00f8g, og advarer beboerne om en potentiel brandfare.<\/p>\n<p><strong>Specifikationer:<\/strong><br \/>\nLydstyrke: \u226585 dB (ved 3 meter)<br \/>\nDriftstemperatur: -10 \u00b0C til +40 \u00b0C<br \/>\nMaksimal luftfugtighed: \u226495%<br \/>\nBatterilevetid: 10 \u00e5r<br \/>\nDimensioner: 185 mm x 175 mm x 48 mm<\/p>\n<p>&nbsp;<\/p>","protected":false},"featured_media":17717,"template":"","meta":[],"product_brand":[],"product_cat":[84],"product_tag":[],"class_list":{"0":"post-17706","1":"product","2":"type-product","3":"status-publish","4":"has-post-thumbnail","6":"product_cat-suitsuandurid","8":"first","9":"instock","10":"taxable","11":"shipping-taxable","12":"purchasable","13":"product-type-variable"},"_links":{"self":[{"href":"https:\/\/flameguard.ee\/da\/wp-json\/wp\/v2\/product\/17706","targetHints":{"allow":["GET"]}}],"collection":[{"href":"https:\/\/flameguard.ee\/da\/wp-json\/wp\/v2\/product"}],"about":[{"href":"https:\/\/flameguard.ee\/da\/wp-json\/wp\/v2\/types\/product"}],"version-history":[{"count":2,"href":"https:\/\/flameguard.ee\/da\/wp-json\/wp\/v2\/product\/17706\/revisions"}],"predecessor-version":[{"id":18019,"href":"https:\/\/flameguard.ee\/da\/wp-json\/wp\/v2\/product\/17706\/revisions\/18019"}],"wp:featuredmedia":[{"embeddable":true,"href":"https:\/\/flameguard.ee\/da\/wp-json\/wp\/v2\/media\/17717"}],"wp:attachment":[{"href":"https:\/\/flameguard.ee\/da\/wp-json\/wp\/v2\/media?parent=17706"}],"wp:term":[{"taxonomy":"product_brand","embeddable":true,"href":"https:\/\/flameguard.ee\/da\/wp-json\/wp\/v2\/product_brand?post=17706"},{"taxonomy":"product_cat","embeddable":true,"href":"https:\/\/flameguard.ee\/da\/wp-json\/wp\/v2\/product_cat?post=17706"},{"taxonomy":"product_tag","embeddable":true,"href":"https:\/\/flameguard.ee\/da\/wp-json\/wp\/v2\/product_tag?post=17706"}],"curies":[{"name":"wp","href":"https:\/\/api.w.org\/{rel}","templated":true}]}}