{"id":17735,"date":"2025-02-25T17:13:03","date_gmt":"2025-02-25T15:13:03","guid":{"rendered":"http:\/\/flameguard.ee.dedi7782.your-server.de\/?post_type=product&#038;p=17735"},"modified":"2025-02-25T17:13:03","modified_gmt":"2025-02-25T15:13:03","slug":"evakuatsioonivalgusti-oximia-led-180-min","status":"publish","type":"product","link":"https:\/\/flameguard.ee\/da\/product\/evakuering-lys-oximi-led-180-min\/","title":{"rendered":"Evakueringslys OXIMIA LED, 180 min"},"content":{"rendered":"","protected":false},"excerpt":{"rendered":"<p>OXIMIA LED 3h evakueringslys har innovativ LED-teknologi af h\u00f8j kvalitet, der fungerer selv i tilf\u00e6lde af str\u00f8msvigt. Velegnet til \u00e5bne rum, korridorer og markering af flugtveje. Let at installere.<\/p>\n<p><strong>Specifikationer:<\/strong><br \/>\nNominel sp\u00e6nding: 220... 240 V vekselstr\u00f8m\/50-60 Hz<br \/>\nBatteri: (Ni-Cd) 3,6V \/ 0,6Ah<br \/>\nIndikatorer: LED-batteriopladningsindikator, TEST-knap<br \/>\nOpladningstid: 24 timer<br \/>\nDriftstid i tilf\u00e6lde af str\u00f8msvigt: 180 minutter<br \/>\nLysstr\u00f8m i kontinuerlig tilstand: 8 hvide LED'er<br \/>\nBeskyttelsesgrad (IP): IP20<br \/>\nMateriale: Metal<br \/>\nDriftstemperatur: 10 til 55 \u00b0C<br \/>\nDimensioner:<br \/>\nL\u00e6ngde: 335 mm<br \/>\nH\u00f8jde: 225 mm<br \/>\nDybde: 35 mm<br \/>\nV\u00e6gt: 1,2 kg<br \/>\nGaranti: 2 \u00e5r (1 \u00e5rs batterigaranti)<br \/>\nInkluderet: 2 piktogrammer (pile til h\u00f8jre, venstre) Fastg\u00f8relseselementer og piktogrammer kan bestilles separat.<\/p>\n<p>&nbsp;<\/p>","protected":false},"featured_media":17736,"template":"","meta":[],"product_brand":[],"product_cat":[89],"product_tag":[],"class_list":{"0":"post-17735","1":"product","2":"type-product","3":"status-publish","4":"has-post-thumbnail","6":"product_cat-turvavalgustid","8":"first","9":"instock","10":"taxable","11":"shipping-taxable","12":"purchasable","13":"product-type-simple"},"_links":{"self":[{"href":"https:\/\/flameguard.ee\/da\/wp-json\/wp\/v2\/product\/17735","targetHints":{"allow":["GET"]}}],"collection":[{"href":"https:\/\/flameguard.ee\/da\/wp-json\/wp\/v2\/product"}],"about":[{"href":"https:\/\/flameguard.ee\/da\/wp-json\/wp\/v2\/types\/product"}],"version-history":[{"count":1,"href":"https:\/\/flameguard.ee\/da\/wp-json\/wp\/v2\/product\/17735\/revisions"}],"predecessor-version":[{"id":17742,"href":"https:\/\/flameguard.ee\/da\/wp-json\/wp\/v2\/product\/17735\/revisions\/17742"}],"wp:featuredmedia":[{"embeddable":true,"href":"https:\/\/flameguard.ee\/da\/wp-json\/wp\/v2\/media\/17736"}],"wp:attachment":[{"href":"https:\/\/flameguard.ee\/da\/wp-json\/wp\/v2\/media?parent=17735"}],"wp:term":[{"taxonomy":"product_brand","embeddable":true,"href":"https:\/\/flameguard.ee\/da\/wp-json\/wp\/v2\/product_brand?post=17735"},{"taxonomy":"product_cat","embeddable":true,"href":"https:\/\/flameguard.ee\/da\/wp-json\/wp\/v2\/product_cat?post=17735"},{"taxonomy":"product_tag","embeddable":true,"href":"https:\/\/flameguard.ee\/da\/wp-json\/wp\/v2\/product_tag?post=17735"}],"curies":[{"name":"wp","href":"https:\/\/api.w.org\/{rel}","templated":true}]}}