{"id":17743,"date":"2025-02-25T17:45:10","date_gmt":"2025-02-25T15:45:10","guid":{"rendered":"http:\/\/flameguard.ee.dedi7782.your-server.de\/?post_type=product&#038;p=17743"},"modified":"2025-02-27T12:24:11","modified_gmt":"2025-02-27T10:24:11","slug":"paastemeeskonna-sisenemistee-kleebis","status":"publish","type":"product","link":"https:\/\/flameguard.ee\/da\/product\/redningshold-indgang-klistermaerke\/","title":{"rendered":"Bj\u00e6rgningshold klisterm\u00e6rke til indgangssti"},"content":{"rendered":"","protected":false},"excerpt":{"rendered":"<p>M\u00e6rkat: M\u00c6RKAT TIL REDNINGSHOLD (300\u00d7150 mm).<br \/>\nKLISTERM\u00c6RKET, DER KL\u00c6BER FRA TOPPEN, ER DESIGNET TIL EN GLAT OVERFLADE!<br \/>\nSkiltet angiver indgangen til bygningen t\u00e6ttest p\u00e5 placeringen af den centrale enhed i det automatiske brandalarmanl\u00e6g.<br \/>\nBilledet er i overensstemmelse med standarden EVS 620-2:2012.<\/p>","protected":false},"featured_media":17846,"template":"","meta":[],"product_brand":[],"product_cat":[90],"product_tag":[],"class_list":{"0":"post-17743","1":"product","2":"type-product","3":"status-publish","4":"has-post-thumbnail","6":"product_cat-ohumargistus","8":"first","9":"instock","10":"taxable","11":"shipping-taxable","12":"purchasable","13":"product-type-simple"},"_links":{"self":[{"href":"https:\/\/flameguard.ee\/da\/wp-json\/wp\/v2\/product\/17743","targetHints":{"allow":["GET"]}}],"collection":[{"href":"https:\/\/flameguard.ee\/da\/wp-json\/wp\/v2\/product"}],"about":[{"href":"https:\/\/flameguard.ee\/da\/wp-json\/wp\/v2\/types\/product"}],"version-history":[{"count":1,"href":"https:\/\/flameguard.ee\/da\/wp-json\/wp\/v2\/product\/17743\/revisions"}],"predecessor-version":[{"id":17748,"href":"https:\/\/flameguard.ee\/da\/wp-json\/wp\/v2\/product\/17743\/revisions\/17748"}],"wp:featuredmedia":[{"embeddable":true,"href":"https:\/\/flameguard.ee\/da\/wp-json\/wp\/v2\/media\/17846"}],"wp:attachment":[{"href":"https:\/\/flameguard.ee\/da\/wp-json\/wp\/v2\/media?parent=17743"}],"wp:term":[{"taxonomy":"product_brand","embeddable":true,"href":"https:\/\/flameguard.ee\/da\/wp-json\/wp\/v2\/product_brand?post=17743"},{"taxonomy":"product_cat","embeddable":true,"href":"https:\/\/flameguard.ee\/da\/wp-json\/wp\/v2\/product_cat?post=17743"},{"taxonomy":"product_tag","embeddable":true,"href":"https:\/\/flameguard.ee\/da\/wp-json\/wp\/v2\/product_tag?post=17743"}],"curies":[{"name":"wp","href":"https:\/\/api.w.org\/{rel}","templated":true}]}}