{"id":17764,"date":"2025-02-25T18:48:43","date_gmt":"2025-02-25T16:48:43","guid":{"rendered":"http:\/\/flameguard.ee.dedi7782.your-server.de\/?post_type=product&#038;p=17764"},"modified":"2025-02-27T12:21:37","modified_gmt":"2025-02-27T10:21:37","slug":"hadaabi-112","status":"publish","type":"product","link":"https:\/\/flameguard.ee\/da\/product\/nodsituation-112\/","title":{"rendered":"N\u00f8d 112 klisterm\u00e6rke"},"content":{"rendered":"","protected":false},"excerpt":{"rendered":"<p>Etiket EMERGENCY 112 klisterm\u00e6rke (200X200 mm).<br \/>\nKLISTERM\u00c6RKET, DER KL\u00c6BER FRA TOPPEN, ER DESIGNET TIL EN GLAT OVERFLADE!<br \/>\nBilledet overholder den g\u00e6ldende standard.<\/p>\n<p>&nbsp;<\/p>","protected":false},"featured_media":17840,"template":"","meta":[],"product_brand":[],"product_cat":[90],"product_tag":[],"class_list":{"0":"post-17764","1":"product","2":"type-product","3":"status-publish","4":"has-post-thumbnail","6":"product_cat-ohumargistus","8":"first","9":"instock","10":"taxable","11":"shipping-taxable","12":"purchasable","13":"product-type-simple"},"_links":{"self":[{"href":"https:\/\/flameguard.ee\/da\/wp-json\/wp\/v2\/product\/17764","targetHints":{"allow":["GET"]}}],"collection":[{"href":"https:\/\/flameguard.ee\/da\/wp-json\/wp\/v2\/product"}],"about":[{"href":"https:\/\/flameguard.ee\/da\/wp-json\/wp\/v2\/types\/product"}],"version-history":[{"count":3,"href":"https:\/\/flameguard.ee\/da\/wp-json\/wp\/v2\/product\/17764\/revisions"}],"predecessor-version":[{"id":17786,"href":"https:\/\/flameguard.ee\/da\/wp-json\/wp\/v2\/product\/17764\/revisions\/17786"}],"wp:featuredmedia":[{"embeddable":true,"href":"https:\/\/flameguard.ee\/da\/wp-json\/wp\/v2\/media\/17840"}],"wp:attachment":[{"href":"https:\/\/flameguard.ee\/da\/wp-json\/wp\/v2\/media?parent=17764"}],"wp:term":[{"taxonomy":"product_brand","embeddable":true,"href":"https:\/\/flameguard.ee\/da\/wp-json\/wp\/v2\/product_brand?post=17764"},{"taxonomy":"product_cat","embeddable":true,"href":"https:\/\/flameguard.ee\/da\/wp-json\/wp\/v2\/product_cat?post=17764"},{"taxonomy":"product_tag","embeddable":true,"href":"https:\/\/flameguard.ee\/da\/wp-json\/wp\/v2\/product_tag?post=17764"}],"curies":[{"name":"wp","href":"https:\/\/api.w.org\/{rel}","templated":true}]}}