{"id":17775,"date":"2025-02-25T19:35:00","date_gmt":"2025-02-25T17:35:00","guid":{"rendered":"http:\/\/flameguard.ee.dedi7782.your-server.de\/?post_type=product&#038;p=17775"},"modified":"2025-02-27T09:51:15","modified_gmt":"2025-02-27T07:51:15","slug":"stick-protect-aerosool-tulekustutussusteem","status":"publish","type":"product","link":"https:\/\/flameguard.ee\/da\/product\/stick-protect-aerosol-brandslukningssystem\/","title":{"rendered":"Stick Protect aerosol brandslukningssystem (1 stk)"},"content":{"rendered":"<p>Produktet opfylder de tekniske krav og giver effektiv beskyttelse under en r\u00e6kke forskellige forhold og situationer.<\/p>\n<p><a style=\"color: #fe312e;\" href=\"\/wp-content\/uploads\/2025\/02\/English-Safety-Sheet.pdf\" target=\"_blank\" rel=\"noopener\"><img decoding=\"async\" src=\"\/wp-content\/uploads\/2025\/02\/pdf-icon.webp\" \/> Produktkort<\/a><\/p>","protected":false},"excerpt":{"rendered":"<p>Det vedligeholdelsesfrie brandslukningssystem Savio Stick Protect er en termisk aerosolenhed, der er specielt designet til husholdnings-, industri- og marineapplikationer. Det er udviklet til at slukke brande og forhindre deres yderligere spredning og er s\u00e6rligt effektivt i tilf\u00e6lde af brande for\u00e5rsaget af kortslutninger i elektriske installationer.<br \/>\nI tilf\u00e6lde af lokale brande beviser Savio Stick Protect sin anvendelighed ved at spille en vigtig rolle i at redde liv og ejendom. Produktet er specielt designet til autonomt at gribe ind i ubemandede str\u00f8mfordelingssystemer s\u00e5som tavler, fordelingsskabe og automatiseringsudstyr. Velegnet til brug under \u00e5bne, lukkede eller moderat ventilerede forhold op til 0,3 m3. Produktet efterlader ingen rester efter aktivering, og overfladerne er nemme at reng\u00f8re.<\/p>\n<p><strong>Specifikationer:<\/strong><br \/>\nAutomatisk brandslukningsanordning.<br \/>\nDiameter 87 mm, tykkelse 20 mm.<br \/>\nStarttemperatur 338\u00b0F \/170\u00b0C<br \/>\nDriftstemperatur min. 0\u00b0C \u2013 maks. 60\u00b0C.<br \/>\nBrandklasse: B-C-E.<br \/>\nOverensstemmelse: CE 1395, EN 16263:2015<br \/>\nProduktet indeholder en lille m\u00e6ngde pyrotekniske stoffer i kategori P1 (bemyndiget organ 1395 \u2013 Kon\u0161trukta. Registreringsnummer 1395-P1-0092\/2022). Produktet kan k\u00f8bes fra 18 \u00e5r.<\/p>\n<p>&nbsp;<\/p>","protected":false},"featured_media":17778,"template":"","meta":[],"product_brand":[],"product_cat":[125,83],"product_tag":[],"class_list":{"0":"post-17775","1":"product","2":"type-product","3":"status-publish","4":"has-post-thumbnail","6":"product_cat-innovatsioon","7":"product_cat-tulekustutid","9":"first","10":"instock","11":"taxable","12":"shipping-taxable","13":"purchasable","14":"product-type-simple"},"_links":{"self":[{"href":"https:\/\/flameguard.ee\/da\/wp-json\/wp\/v2\/product\/17775","targetHints":{"allow":["GET"]}}],"collection":[{"href":"https:\/\/flameguard.ee\/da\/wp-json\/wp\/v2\/product"}],"about":[{"href":"https:\/\/flameguard.ee\/da\/wp-json\/wp\/v2\/types\/product"}],"version-history":[{"count":3,"href":"https:\/\/flameguard.ee\/da\/wp-json\/wp\/v2\/product\/17775\/revisions"}],"predecessor-version":[{"id":17784,"href":"https:\/\/flameguard.ee\/da\/wp-json\/wp\/v2\/product\/17775\/revisions\/17784"}],"wp:featuredmedia":[{"embeddable":true,"href":"https:\/\/flameguard.ee\/da\/wp-json\/wp\/v2\/media\/17778"}],"wp:attachment":[{"href":"https:\/\/flameguard.ee\/da\/wp-json\/wp\/v2\/media?parent=17775"}],"wp:term":[{"taxonomy":"product_brand","embeddable":true,"href":"https:\/\/flameguard.ee\/da\/wp-json\/wp\/v2\/product_brand?post=17775"},{"taxonomy":"product_cat","embeddable":true,"href":"https:\/\/flameguard.ee\/da\/wp-json\/wp\/v2\/product_cat?post=17775"},{"taxonomy":"product_tag","embeddable":true,"href":"https:\/\/flameguard.ee\/da\/wp-json\/wp\/v2\/product_tag?post=17775"}],"curies":[{"name":"wp","href":"https:\/\/api.w.org\/{rel}","templated":true}]}}