{"id":17791,"date":"2025-02-25T22:09:58","date_gmt":"2025-02-25T20:09:58","guid":{"rendered":"http:\/\/flameguard.ee.dedi7782.your-server.de\/?post_type=product&#038;p=17791"},"modified":"2025-03-11T16:56:32","modified_gmt":"2025-03-11T14:56:32","slug":"hooldusvaba-aerosool-tulekustuti","status":"publish","type":"product","link":"https:\/\/flameguard.ee\/da\/product\/vedligeholdelsesfri-aerosol-ildslukker\/","title":{"rendered":"Vedligeholdelsesfri ildslukker FSS50"},"content":{"rendered":"<p>Produktet opfylder de tekniske krav og giver effektiv beskyttelse under en r\u00e6kke forskellige forhold og situationer.<\/p>\n<p><a style=\"color: #fe312e;\" href=\"\/wp-content\/uploads\/2025\/02\/FFS-Infoleht-2025.pdf.pdf\" target=\"_blank\" rel=\"noopener\"><img decoding=\"async\" src=\"\/wp-content\/uploads\/2025\/02\/pdf-icon.webp\" \/> Nyhedsbrev<\/a><\/p>\n<p><a style=\"color: #fe312e;\" href=\"\/wp-content\/uploads\/2025\/02\/nr-11-SDS-ESP-for-Fire-Suppression-Systems-rev.13-11_12_23-EN.pdf\" target=\"_blank\" rel=\"noopener\"><img decoding=\"async\" src=\"\/wp-content\/uploads\/2025\/02\/pdf-icon.webp\" \/> Produktkort<\/a><\/p>\n<p><a style=\"color: #fe312e;\" href=\"\/wp-content\/uploads\/2025\/02\/EE-kasutusjuhend-FSS50-rev.-06_06_2023_arato.pdf.pdf\" target=\"_blank\" rel=\"noopener\"><img decoding=\"async\" src=\"\/wp-content\/uploads\/2025\/02\/pdf-icon.webp\" \/> Manual<\/a><\/p>","protected":false},"excerpt":{"rendered":"<p>Den lille og lette FSS ildslukker er sikker og milj\u00f8venlig for brugeren. Det betyder, at ildslukkeren nemt kan opbevares p\u00e5 et let tilg\u00e6ngeligt sted. FSS ildslukker er en enkel og nem m\u00e5de at sikre, at du er forberedt p\u00e5 brande i hjemmet, p\u00e5 arbejdet eller i forskellige k\u00f8ret\u00f8jer. Ildslukkerens dimensioner og v\u00e6gt er betydeligt mindre end almindelige ildslukkere, og deres driftstid er betydeligt l\u00e6ngere. Efter brug af ildslukkeren er der ingen generende rester af slukningsmiddel, der er farlige for udstyr og elektronik.<br \/>\nIldslukkeren kr\u00e6ver ikke eftersyn, vedligeholdelse eller genopfyldning sammenlignet med konventionelle ildslukkere. Produktet er ikke under tryk, s\u00e5 det eksploderer ikke og \u00f8del\u00e6gger ikke. N\u00e5r den er i brug, skal du rette slukningsstr\u00e5len nedad fra flammerne til det sted, hvor branden startede.<br \/>\nIldslukkeren slukker f\u00f8lgende brandklasser: A (faste stoffer), B (br\u00e6ndbare v\u00e6sker), C (gasformige stoffer), F (madolier og fedtstoffer) og brande i elektriske apparater med en sp\u00e6nding p\u00e5 op til 100.000 V.<br \/>\nAnvendelsessteder: bolig- og kontorbygninger, sm\u00e5 huse og saunaer, motor- og elk\u00f8ret\u00f8jer, b\u00e5de, el-installationer, restauranter osv.<br \/>\nADVARSEL: RISIKO FOR FORBR\u00c6NDINGER (&gt;90 \u00b0C)! UNDER SLUKNING ELLER EFTER SLUKNING M\u00c5 DU IKKE R\u00d8RE VED ILDSLUKKERENS METALHUS.<br \/>\nOpbevares utilg\u00e6ngeligt for b\u00f8rn. Ret ikke slukningsstr\u00e5len mod personer. Produktet slukker ikke ulmende kul. Beskadig ikke produktets dele eller adskil produktet.<br \/>\nProduktet indeholder en lille m\u00e6ngde pyrotekniske stoffer i kategori P1 (bemyndiget organ 1395 \u2013 Kon\u0161trukta. Certifikat nr. PA 1395-0368\/2015). Produktet kan k\u00f8bes fra 18 \u00e5r.<\/p>\n<p><strong>Specifikationer:<\/strong><br \/>\nARBEJDSTID: 50 sek<br \/>\nL\u00c6NGDE: 25,9 cm<br \/>\nDIAMETER: 3,3 cm<br \/>\nV\u00c6GT: 215 gr<\/p>\n<p>&nbsp;<\/p>","protected":false},"featured_media":17803,"template":"","meta":[],"product_brand":[],"product_cat":[125,83],"product_tag":[],"class_list":{"0":"post-17791","1":"product","2":"type-product","3":"status-publish","4":"has-post-thumbnail","6":"product_cat-innovatsioon","7":"product_cat-tulekustutid","9":"first","10":"instock","11":"taxable","12":"shipping-taxable","13":"purchasable","14":"product-type-simple"},"_links":{"self":[{"href":"https:\/\/flameguard.ee\/da\/wp-json\/wp\/v2\/product\/17791","targetHints":{"allow":["GET"]}}],"collection":[{"href":"https:\/\/flameguard.ee\/da\/wp-json\/wp\/v2\/product"}],"about":[{"href":"https:\/\/flameguard.ee\/da\/wp-json\/wp\/v2\/types\/product"}],"version-history":[{"count":7,"href":"https:\/\/flameguard.ee\/da\/wp-json\/wp\/v2\/product\/17791\/revisions"}],"predecessor-version":[{"id":18691,"href":"https:\/\/flameguard.ee\/da\/wp-json\/wp\/v2\/product\/17791\/revisions\/18691"}],"wp:featuredmedia":[{"embeddable":true,"href":"https:\/\/flameguard.ee\/da\/wp-json\/wp\/v2\/media\/17803"}],"wp:attachment":[{"href":"https:\/\/flameguard.ee\/da\/wp-json\/wp\/v2\/media?parent=17791"}],"wp:term":[{"taxonomy":"product_brand","embeddable":true,"href":"https:\/\/flameguard.ee\/da\/wp-json\/wp\/v2\/product_brand?post=17791"},{"taxonomy":"product_cat","embeddable":true,"href":"https:\/\/flameguard.ee\/da\/wp-json\/wp\/v2\/product_cat?post=17791"},{"taxonomy":"product_tag","embeddable":true,"href":"https:\/\/flameguard.ee\/da\/wp-json\/wp\/v2\/product_tag?post=17791"}],"curies":[{"name":"wp","href":"https:\/\/api.w.org\/{rel}","templated":true}]}}