{"id":17868,"date":"2025-02-27T14:20:33","date_gmt":"2025-02-27T12:20:33","guid":{"rendered":"http:\/\/flameguard.ee.dedi7782.your-server.de\/?post_type=product&#038;p=17868"},"modified":"2025-02-27T14:48:29","modified_gmt":"2025-02-27T12:48:29","slug":"tulekustuti-kapp-supron-d650","status":"publish","type":"product","link":"https:\/\/flameguard.ee\/da\/product\/brandslukker-skab-supron-d650\/","title":{"rendered":"Brandslukkerskab SUPRON D650"},"content":{"rendered":"","protected":false},"excerpt":{"rendered":"<p>En indbygget ildslukkerboks, der passer til to 4-6 kg pulver- eller vandskumslukkere. Kassen sikrer en sikker og \u00e6stetisk placering af ildslukkerne b\u00e5de indend\u00f8rs og udend\u00f8rs.<\/p>\n<p><strong>Specifikationer:<\/strong><br \/>\nM\u00e5l: 650 x 500 x 180 mm<br \/>\nFarve: Hvid som standard, men f\u00e5s ogs\u00e5 i andre farver p\u00e5 foresp\u00f8rgsel<br \/>\nMateriale: metal, velegnet til forskellige forhold. Ved bestilling af en ildslukkerboks i en anden farve skal der tages h\u00f8jde for produktionstiden 3-4 uger efter, at ordren er bekr\u00e6ftet.<br \/>\nProducent: Supron3, Den Europ\u00e6iske Union<\/p>\n<p>&nbsp;<\/p>","protected":false},"featured_media":17869,"template":"","meta":[],"product_brand":[],"product_cat":[136],"product_tag":[],"class_list":{"0":"post-17868","1":"product","2":"type-product","3":"status-publish","4":"has-post-thumbnail","6":"product_cat-turvakapid","8":"first","9":"instock","10":"taxable","11":"shipping-taxable","12":"purchasable","13":"product-type-simple"},"_links":{"self":[{"href":"https:\/\/flameguard.ee\/da\/wp-json\/wp\/v2\/product\/17868","targetHints":{"allow":["GET"]}}],"collection":[{"href":"https:\/\/flameguard.ee\/da\/wp-json\/wp\/v2\/product"}],"about":[{"href":"https:\/\/flameguard.ee\/da\/wp-json\/wp\/v2\/types\/product"}],"version-history":[{"count":2,"href":"https:\/\/flameguard.ee\/da\/wp-json\/wp\/v2\/product\/17868\/revisions"}],"predecessor-version":[{"id":17892,"href":"https:\/\/flameguard.ee\/da\/wp-json\/wp\/v2\/product\/17868\/revisions\/17892"}],"wp:featuredmedia":[{"embeddable":true,"href":"https:\/\/flameguard.ee\/da\/wp-json\/wp\/v2\/media\/17869"}],"wp:attachment":[{"href":"https:\/\/flameguard.ee\/da\/wp-json\/wp\/v2\/media?parent=17868"}],"wp:term":[{"taxonomy":"product_brand","embeddable":true,"href":"https:\/\/flameguard.ee\/da\/wp-json\/wp\/v2\/product_brand?post=17868"},{"taxonomy":"product_cat","embeddable":true,"href":"https:\/\/flameguard.ee\/da\/wp-json\/wp\/v2\/product_cat?post=17868"},{"taxonomy":"product_tag","embeddable":true,"href":"https:\/\/flameguard.ee\/da\/wp-json\/wp\/v2\/product_tag?post=17868"}],"curies":[{"name":"wp","href":"https:\/\/api.w.org\/{rel}","templated":true}]}}