{"id":17876,"date":"2025-02-27T14:27:26","date_gmt":"2025-02-27T12:27:26","guid":{"rendered":"http:\/\/flameguard.ee.dedi7782.your-server.de\/?post_type=product&#038;p=17876"},"modified":"2025-02-27T14:39:51","modified_gmt":"2025-02-27T12:39:51","slug":"tulekustuti-kapp-regon-6-kg","status":"publish","type":"product","link":"https:\/\/flameguard.ee\/da\/product\/brandslukker-skab-regon-6-kg\/","title":{"rendered":"Brandslukkerskab REGON 6 kg"},"content":{"rendered":"","protected":false},"excerpt":{"rendered":"<p>Dette ildslukkerskab er et ideelt valg til opbevaring af en ildslukker indend\u00f8rs, hvor dens tilstedev\u00e6relse er p\u00e5kr\u00e6vet. Det minimalistiske og funktionelle design er perfekt til ethvert interi\u00f8r og giver fremragende v\u00e6rdi for pengene.<\/p>\n<p><strong>Specifikationer:<\/strong><br \/>\nMaterialer: Polypropylen, nylon, polycarbonat<br \/>\nM\u00e5l: 620 x 335 x 240 mm<br \/>\nV\u00e6gt: 2,2 kg<br \/>\nKapacitet\/slukkerdiameter: \u00d8 150\u2013170 mm<br \/>\nProducent: Daken, Italien<\/p>\n<p>&nbsp;<\/p>","protected":false},"featured_media":17877,"template":"","meta":[],"product_brand":[],"product_cat":[136],"product_tag":[],"class_list":{"0":"post-17876","1":"product","2":"type-product","3":"status-publish","4":"has-post-thumbnail","6":"product_cat-turvakapid","8":"first","9":"instock","10":"taxable","11":"shipping-taxable","12":"purchasable","13":"product-type-simple"},"_links":{"self":[{"href":"https:\/\/flameguard.ee\/da\/wp-json\/wp\/v2\/product\/17876","targetHints":{"allow":["GET"]}}],"collection":[{"href":"https:\/\/flameguard.ee\/da\/wp-json\/wp\/v2\/product"}],"about":[{"href":"https:\/\/flameguard.ee\/da\/wp-json\/wp\/v2\/types\/product"}],"version-history":[{"count":2,"href":"https:\/\/flameguard.ee\/da\/wp-json\/wp\/v2\/product\/17876\/revisions"}],"predecessor-version":[{"id":17884,"href":"https:\/\/flameguard.ee\/da\/wp-json\/wp\/v2\/product\/17876\/revisions\/17884"}],"wp:featuredmedia":[{"embeddable":true,"href":"https:\/\/flameguard.ee\/da\/wp-json\/wp\/v2\/media\/17877"}],"wp:attachment":[{"href":"https:\/\/flameguard.ee\/da\/wp-json\/wp\/v2\/media?parent=17876"}],"wp:term":[{"taxonomy":"product_brand","embeddable":true,"href":"https:\/\/flameguard.ee\/da\/wp-json\/wp\/v2\/product_brand?post=17876"},{"taxonomy":"product_cat","embeddable":true,"href":"https:\/\/flameguard.ee\/da\/wp-json\/wp\/v2\/product_cat?post=17876"},{"taxonomy":"product_tag","embeddable":true,"href":"https:\/\/flameguard.ee\/da\/wp-json\/wp\/v2\/product_tag?post=17876"}],"curies":[{"name":"wp","href":"https:\/\/api.w.org\/{rel}","templated":true}]}}