{"id":17885,"date":"2025-02-27T14:40:06","date_gmt":"2025-02-27T12:40:06","guid":{"rendered":"http:\/\/flameguard.ee.dedi7782.your-server.de\/?post_type=product&#038;p=17885"},"modified":"2025-02-28T08:33:30","modified_gmt":"2025-02-28T06:33:30","slug":"tulekustuti-kapp-supron-600v","status":"publish","type":"product","link":"https:\/\/flameguard.ee\/da\/product\/brandslukker-skab-supron-600v\/","title":{"rendered":"Brandslukkerskab SUPRON 600V"},"content":{"rendered":"","protected":false},"excerpt":{"rendered":"<p>V\u00e6gmonteret ildslukkerboks, velegnet til pulver- eller vandskumslukkere fra 4 til 6 kg. Kassen sikrer en sikker og \u00e6stetisk placering af ildslukkeren b\u00e5de indend\u00f8rs og udend\u00f8rs.<\/p>\n<p><strong>Specifikationer:<\/strong><br \/>\nM\u00e5l: 600 x 250 x 200 mm<br \/>\nV\u00e6gt: 2,2 kg<br \/>\nFarve: Hvid som standard, men f\u00e5s ogs\u00e5 i andre farver p\u00e5 foresp\u00f8rgsel<br \/>\nMateriale: metal, velegnet til forskellige forhold. Ved bestilling af en ildslukkerboks i en anden farve skal der tages h\u00f8jde for produktionstiden 3-4 uger efter, at ordren er bekr\u00e6ftet.<br \/>\nProducent: Supron3, Den Europ\u00e6iske Union<\/p>\n<p>&nbsp;<\/p>","protected":false},"featured_media":17952,"template":"","meta":[],"product_brand":[],"product_cat":[136],"product_tag":[],"class_list":{"0":"post-17885","1":"product","2":"type-product","3":"status-publish","4":"has-post-thumbnail","6":"product_cat-turvakapid","8":"first","9":"instock","10":"taxable","11":"shipping-taxable","12":"purchasable","13":"product-type-simple"},"_links":{"self":[{"href":"https:\/\/flameguard.ee\/da\/wp-json\/wp\/v2\/product\/17885","targetHints":{"allow":["GET"]}}],"collection":[{"href":"https:\/\/flameguard.ee\/da\/wp-json\/wp\/v2\/product"}],"about":[{"href":"https:\/\/flameguard.ee\/da\/wp-json\/wp\/v2\/types\/product"}],"version-history":[{"count":2,"href":"https:\/\/flameguard.ee\/da\/wp-json\/wp\/v2\/product\/17885\/revisions"}],"predecessor-version":[{"id":17891,"href":"https:\/\/flameguard.ee\/da\/wp-json\/wp\/v2\/product\/17885\/revisions\/17891"}],"wp:featuredmedia":[{"embeddable":true,"href":"https:\/\/flameguard.ee\/da\/wp-json\/wp\/v2\/media\/17952"}],"wp:attachment":[{"href":"https:\/\/flameguard.ee\/da\/wp-json\/wp\/v2\/media?parent=17885"}],"wp:term":[{"taxonomy":"product_brand","embeddable":true,"href":"https:\/\/flameguard.ee\/da\/wp-json\/wp\/v2\/product_brand?post=17885"},{"taxonomy":"product_cat","embeddable":true,"href":"https:\/\/flameguard.ee\/da\/wp-json\/wp\/v2\/product_cat?post=17885"},{"taxonomy":"product_tag","embeddable":true,"href":"https:\/\/flameguard.ee\/da\/wp-json\/wp\/v2\/product_tag?post=17885"}],"curies":[{"name":"wp","href":"https:\/\/api.w.org\/{rel}","templated":true}]}}