{"id":17911,"date":"2025-02-27T15:53:15","date_gmt":"2025-02-27T13:53:15","guid":{"rendered":"http:\/\/flameguard.ee.dedi7782.your-server.de\/?post_type=product&#038;p=17911"},"modified":"2025-02-28T11:15:31","modified_gmt":"2025-02-28T09:15:31","slug":"voolikukapp-klaasita-supron-2","status":"publish","type":"product","link":"https:\/\/flameguard.ee\/da\/product\/slangeskab-uglaset-supron-2\/","title":{"rendered":"Slangeskab uden glas SUPRON"},"content":{"rendered":"","protected":false},"excerpt":{"rendered":"<p>V\u00e6gh\u00e6ngt slangeskab uden glas, uden slange og spr\u00f8jtelanse.<\/p>\n<p><strong>Specifikationer:<\/strong><br \/>\nM\u00e5l: 650 x 650 x 220 mm<br \/>\nMateriale: Metal, velegnet til forskellige forhold<br \/>\nVed bestilling af en ildslukkerboks i en anden farve skal der tages h\u00f8jde for produktionstiden 3-4 uger efter, at ordren er bekr\u00e6ftet.<br \/>\nProducent: Supron3, Den Europ\u00e6iske Union<\/p>\n<p>&nbsp;<\/p>\n<p>&nbsp;<\/p>","protected":false},"featured_media":17912,"template":"","meta":[],"product_brand":[],"product_cat":[136],"product_tag":[],"class_list":{"0":"post-17911","1":"product","2":"type-product","3":"status-publish","4":"has-post-thumbnail","6":"product_cat-turvakapid","8":"first","9":"instock","10":"taxable","11":"shipping-taxable","12":"purchasable","13":"product-type-simple"},"_links":{"self":[{"href":"https:\/\/flameguard.ee\/da\/wp-json\/wp\/v2\/product\/17911","targetHints":{"allow":["GET"]}}],"collection":[{"href":"https:\/\/flameguard.ee\/da\/wp-json\/wp\/v2\/product"}],"about":[{"href":"https:\/\/flameguard.ee\/da\/wp-json\/wp\/v2\/types\/product"}],"version-history":[{"count":3,"href":"https:\/\/flameguard.ee\/da\/wp-json\/wp\/v2\/product\/17911\/revisions"}],"predecessor-version":[{"id":17964,"href":"https:\/\/flameguard.ee\/da\/wp-json\/wp\/v2\/product\/17911\/revisions\/17964"}],"wp:featuredmedia":[{"embeddable":true,"href":"https:\/\/flameguard.ee\/da\/wp-json\/wp\/v2\/media\/17912"}],"wp:attachment":[{"href":"https:\/\/flameguard.ee\/da\/wp-json\/wp\/v2\/media?parent=17911"}],"wp:term":[{"taxonomy":"product_brand","embeddable":true,"href":"https:\/\/flameguard.ee\/da\/wp-json\/wp\/v2\/product_brand?post=17911"},{"taxonomy":"product_cat","embeddable":true,"href":"https:\/\/flameguard.ee\/da\/wp-json\/wp\/v2\/product_cat?post=17911"},{"taxonomy":"product_tag","embeddable":true,"href":"https:\/\/flameguard.ee\/da\/wp-json\/wp\/v2\/product_tag?post=17911"}],"curies":[{"name":"wp","href":"https:\/\/api.w.org\/{rel}","templated":true}]}}