{"id":17936,"date":"2025-02-27T16:33:46","date_gmt":"2025-02-27T14:33:46","guid":{"rendered":"http:\/\/flameguard.ee.dedi7782.your-server.de\/?post_type=product&#038;p=17936"},"modified":"2025-02-27T17:05:26","modified_gmt":"2025-02-27T15:05:26","slug":"voolikukapp-klaasiga-supron-2","status":"publish","type":"product","link":"https:\/\/flameguard.ee\/da\/product\/slange-skab-med-glas-supron-2\/","title":{"rendered":"Slangeskab uden glas SUPRON"},"content":{"rendered":"","protected":false},"excerpt":{"rendered":"<p>V\u00e6gh\u00e6ngt slangeskab med glas, uden slange og spr\u00f8jtelanse.<\/p>\n<p><strong>Specifikationer:<\/strong><br \/>\nDimensioner: 520 x 390 x 240 mm<br \/>\nFarve: Hvid som standard, men f\u00e5s ogs\u00e5 i andre farver p\u00e5 foresp\u00f8rgsel<br \/>\nMateriale: Metal, velegnet til forskellige forhold<br \/>\nVed bestilling af en ildslukkerboks i en anden farve skal der tages h\u00f8jde for produktionstiden 3-4 uger efter, at ordren er bekr\u00e6ftet.<br \/>\nProducent: Supron3, Den Europ\u00e6iske Union<\/p>\n<p>&nbsp;<\/p>\n<p>&nbsp;<\/p>","protected":false},"featured_media":17937,"template":"","meta":[],"product_brand":[],"product_cat":[136],"product_tag":[],"class_list":{"0":"post-17936","1":"product","2":"type-product","3":"status-publish","4":"has-post-thumbnail","6":"product_cat-turvakapid","8":"first","9":"instock","10":"taxable","11":"shipping-taxable","12":"purchasable","13":"product-type-simple"},"_links":{"self":[{"href":"https:\/\/flameguard.ee\/da\/wp-json\/wp\/v2\/product\/17936","targetHints":{"allow":["GET"]}}],"collection":[{"href":"https:\/\/flameguard.ee\/da\/wp-json\/wp\/v2\/product"}],"about":[{"href":"https:\/\/flameguard.ee\/da\/wp-json\/wp\/v2\/types\/product"}],"version-history":[{"count":3,"href":"https:\/\/flameguard.ee\/da\/wp-json\/wp\/v2\/product\/17936\/revisions"}],"predecessor-version":[{"id":17948,"href":"https:\/\/flameguard.ee\/da\/wp-json\/wp\/v2\/product\/17936\/revisions\/17948"}],"wp:featuredmedia":[{"embeddable":true,"href":"https:\/\/flameguard.ee\/da\/wp-json\/wp\/v2\/media\/17937"}],"wp:attachment":[{"href":"https:\/\/flameguard.ee\/da\/wp-json\/wp\/v2\/media?parent=17936"}],"wp:term":[{"taxonomy":"product_brand","embeddable":true,"href":"https:\/\/flameguard.ee\/da\/wp-json\/wp\/v2\/product_brand?post=17936"},{"taxonomy":"product_cat","embeddable":true,"href":"https:\/\/flameguard.ee\/da\/wp-json\/wp\/v2\/product_cat?post=17936"},{"taxonomy":"product_tag","embeddable":true,"href":"https:\/\/flameguard.ee\/da\/wp-json\/wp\/v2\/product_tag?post=17936"}],"curies":[{"name":"wp","href":"https:\/\/api.w.org\/{rel}","templated":true}]}}